{"id":64,"date":"2026-01-24T12:24:06","date_gmt":"2026-01-24T11:24:06","guid":{"rendered":"https:\/\/www.bic.sk\/?page_id=64"},"modified":"2026-02-03T11:12:21","modified_gmt":"2026-02-03T10:12:21","slug":"referencie","status":"publish","type":"page","link":"https:\/\/www.bic.sk\/en\/referencie","title":{"rendered":"References"},"content":{"rendered":"<div data-elementor-type=\"wp-page\" data-elementor-id=\"64\" class=\"elementor elementor-64\" data-elementor-post-type=\"page\">\n\t\t\t\t<div class=\"elementor-element elementor-element-df66fa6 e-flex e-con-boxed e-con e-parent\" data-id=\"df66fa6\" data-element_type=\"container\">\n\t\t\t\t\t<div class=\"e-con-inner\">\n\t\t\t\t<div class=\"elementor-element elementor-element-12feade1 elementor-widget elementor-widget-heading\" data-id=\"12feade1\" data-element_type=\"widget\" data-widget_type=\"heading.default\">\n\t\t\t\t\t<h1 class=\"elementor-heading-title elementor-size-default\">References<\/h1>\t\t\t\t<\/div>\n\t\t\t\t\t<\/div>\n\t\t\t\t<\/div>\n\t\t<div class=\"elementor-element elementor-element-6d383e83 e-flex e-con-boxed e-con e-parent\" data-id=\"6d383e83\" data-element_type=\"container\">\n\t\t\t\t\t<div class=\"e-con-inner\">\n\t\t\t\t<div class=\"elementor-element elementor-element-62debba9 elementor-grid-3 elementor-grid-tablet-2 elementor-grid-mobile-1 elementor-posts--thumbnail-top elementor-widget elementor-widget-posts\" data-id=\"62debba9\" data-element_type=\"widget\" data-settings=\"{&quot;classic_columns&quot;:&quot;3&quot;,&quot;classic_columns_tablet&quot;:&quot;2&quot;,&quot;classic_columns_mobile&quot;:&quot;1&quot;,&quot;classic_row_gap&quot;:{&quot;unit&quot;:&quot;px&quot;,&quot;size&quot;:35,&quot;sizes&quot;:[]},&quot;classic_row_gap_tablet&quot;:{&quot;unit&quot;:&quot;px&quot;,&quot;size&quot;:&quot;&quot;,&quot;sizes&quot;:[]},&quot;classic_row_gap_mobile&quot;:{&quot;unit&quot;:&quot;px&quot;,&quot;size&quot;:&quot;&quot;,&quot;sizes&quot;:[]}}\" data-widget_type=\"posts.classic\">\n\t\t\t\t<div class=\"elementor-widget-container\">\n\t\t\t\t\t\t\t<div class=\"elementor-posts-container elementor-posts elementor-posts--skin-classic elementor-grid\" role=\"list\">\n\t\t\t\t<article class=\"elementor-post elementor-grid-item post-1096 post type-post status-publish format-standard has-post-thumbnail hentry category-referencie\" role=\"listitem\">\n\t\t\t\t<a class=\"elementor-post__thumbnail__link\" href=\"https:\/\/www.bic.sk\/en\/detailingove-studio-naslo-partnerov-vo-velkej-britanii-vdaka-pomoci-expertov-een\" tabindex=\"-1\" >\n\t\t\t<div class=\"elementor-post__thumbnail\"><img fetchpriority=\"high\" decoding=\"async\" width=\"300\" height=\"174\" src=\"https:\/\/www.bic.sk\/wp-content\/uploads\/2026\/03\/rdm.jpg\" class=\"attachment-medium size-medium wp-image-1100\" alt=\"\" \/><\/div>\n\t\t<\/a>\n\t\t\t\t<div class=\"elementor-post__text\">\n\t\t\t\t<h3 class=\"elementor-post__title\">\n\t\t\t<a href=\"https:\/\/www.bic.sk\/en\/detailingove-studio-naslo-partnerov-vo-velkej-britanii-vdaka-pomoci-expertov-een\" >\n\t\t\t\tDetailingov\u00e9 \u0161t\u00fadio na\u0161lo partnerov vo Ve\u013ekej Brit\u00e1nii v\u010faka pomoci expertov EEN\t\t\t<\/a>\n\t\t<\/h3>\n\t\t\t\t<div class=\"elementor-post__meta-data\">\n\t\t\t\t\t<span class=\"elementor-post-date\">\n\t\t\t30\/03\/2026\t\t<\/span>\n\t\t\t\t<\/div>\n\t\t\t\t<div class=\"elementor-post__excerpt\">\n\t\t\t<p>Slovensk\u00e1 spolo\u010dnos\u0165&nbsp;RDM Gar\u00e1\u017e s.r.o.&nbsp;je detailingov\u00e9 \u0161t\u00fadio zameran\u00e9 na starostlivos\u0165 o aut\u00e1 a poskytovanie slu\u017eieb s kvalitnou autokozmetikou, ktor\u00e1 zabezpe\u010duje najvy\u0161\u0161iu kvalitu \u00fadr\u017eby vozidla, ako aj ochranu pred \u010fal\u0161\u00edm zne\u010disten\u00edm \u010di<\/p>\n\t\t<\/div>\n\t\t\n\t\t<a class=\"elementor-post__read-more\" href=\"https:\/\/www.bic.sk\/en\/detailingove-studio-naslo-partnerov-vo-velkej-britanii-vdaka-pomoci-expertov-een\" aria-label=\"Read more about Detailingov\u00e9 \u0161t\u00fadio na\u0161lo partnerov vo Ve\u013ekej Brit\u00e1nii v\u010faka pomoci expertov EEN\" tabindex=\"-1\" >\n\t\t\t\u010c\u00edta\u0165 viac &gt;&gt;\t\t<\/a>\n\n\t\t\t\t<\/div>\n\t\t\t\t<\/article>\n\t\t\t\t<article class=\"elementor-post elementor-grid-item post-1094 post type-post status-publish format-standard has-post-thumbnail hentry category-referencie\" role=\"listitem\">\n\t\t\t\t<a class=\"elementor-post__thumbnail__link\" href=\"https:\/\/www.bic.sk\/en\/slovenska-spolocnost-biopel-ziskala-financne-prostriedky-na-vystavbu-logistickeho-centra\" tabindex=\"-1\" >\n\t\t\t<div class=\"elementor-post__thumbnail\"><img decoding=\"async\" width=\"300\" height=\"212\" src=\"https:\/\/www.bic.sk\/wp-content\/uploads\/2026\/03\/biomasove_logisticke_centrum_kysucky_lieskovec_05.jpg\" class=\"attachment-medium size-medium wp-image-1098\" alt=\"\" \/><\/div>\n\t\t<\/a>\n\t\t\t\t<div class=\"elementor-post__text\">\n\t\t\t\t<h3 class=\"elementor-post__title\">\n\t\t\t<a href=\"https:\/\/www.bic.sk\/en\/slovenska-spolocnost-biopel-ziskala-financne-prostriedky-na-vystavbu-logistickeho-centra\" >\n\t\t\t\tSlovensk\u00e1 spolo\u010dnos\u0165 Biopel z\u00edskala finan\u010dn\u00e9 prostriedky na v\u00fdstavbu logistick\u00e9ho centra\t\t\t<\/a>\n\t\t<\/h3>\n\t\t\t\t<div class=\"elementor-post__meta-data\">\n\t\t\t\t\t<span class=\"elementor-post-date\">\n\t\t\t30\/03\/2026\t\t<\/span>\n\t\t\t\t<\/div>\n\t\t\t\t<div class=\"elementor-post__excerpt\">\n\t\t\t<p>Spolo\u010dnos\u0165&nbsp;BIOPEL&nbsp;s\u00eddliaca v&nbsp;Kysuckom Lieskovci sa od roku 2012 venuje spracovaniu odpadov\u00e9ho dreva, ktor\u00e9 nie je pou\u017eite\u013en\u00e9 pre \u00fa\u010dely v&nbsp;stavebn\u00edctve \u010di&nbsp;n\u00e1bytk\u00e1rskom priemysle. Hlavn\u00fdm cie\u013eom firmy je v\u00fdroba \u0161ir\u0161ej \u0161k\u00e1ly drevn\u00fdch pal\u00edv, ako<\/p>\n\t\t<\/div>\n\t\t\n\t\t<a class=\"elementor-post__read-more\" href=\"https:\/\/www.bic.sk\/en\/slovenska-spolocnost-biopel-ziskala-financne-prostriedky-na-vystavbu-logistickeho-centra\" aria-label=\"Read more about Slovensk\u00e1 spolo\u010dnos\u0165 Biopel z\u00edskala finan\u010dn\u00e9 prostriedky na v\u00fdstavbu logistick\u00e9ho centra\" tabindex=\"-1\" >\n\t\t\t\u010c\u00edta\u0165 viac &gt;&gt;\t\t<\/a>\n\n\t\t\t\t<\/div>\n\t\t\t\t<\/article>\n\t\t\t\t<article class=\"elementor-post elementor-grid-item post-1092 post type-post status-publish format-standard has-post-thumbnail hentry category-referencie\" role=\"listitem\">\n\t\t\t\t<a class=\"elementor-post__thumbnail__link\" href=\"https:\/\/www.bic.sk\/en\/aj-vdaka-fondom-eu-spustila-spolocnost-multiplexdx-revoluciu-v-testovani-rakoviny\" tabindex=\"-1\" >\n\t\t\t<div class=\"elementor-post__thumbnail\"><img decoding=\"async\" width=\"300\" height=\"200\" src=\"https:\/\/www.bic.sk\/wp-content\/uploads\/2026\/03\/multiplex.jpg\" class=\"attachment-medium size-medium wp-image-1099\" alt=\"\" \/><\/div>\n\t\t<\/a>\n\t\t\t\t<div class=\"elementor-post__text\">\n\t\t\t\t<h3 class=\"elementor-post__title\">\n\t\t\t<a href=\"https:\/\/www.bic.sk\/en\/aj-vdaka-fondom-eu-spustila-spolocnost-multiplexdx-revoluciu-v-testovani-rakoviny\" >\n\t\t\t\tAj v\u010faka fondom E\u00da spustila spolo\u010dnos\u0165 MultiplexDX revol\u00faciu v testovan\u00ed rakoviny\t\t\t<\/a>\n\t\t<\/h3>\n\t\t\t\t<div class=\"elementor-post__meta-data\">\n\t\t\t\t\t<span class=\"elementor-post-date\">\n\t\t\t30\/03\/2026\t\t<\/span>\n\t\t\t\t<\/div>\n\t\t\t\t<div class=\"elementor-post__excerpt\">\n\t\t\t<p>\u010cas a presnos\u0165. Pr\u00e1ve tie s\u00fa k\u013e\u00fa\u010dov\u00e9 pri lie\u010dbe jedn\u00e9ho z\u00a0najv\u00e1\u017enej\u0161\u00edch a\u00a0najob\u00e1vanej\u0161\u00edch ochoren\u00ed \u2013 rakoviny. A\u00a0pr\u00e1ve tie budeme m\u00f4c\u0165 u\u017e o\u00a0p\u00e1r rokov z\u00edska\u0165 v\u010faka slovensk\u00e9mu startupu\u00a0MultiplexDX, ktor\u00fd vyvinul unik\u00e1tnu, takmer<\/p>\n\t\t<\/div>\n\t\t\n\t\t<a class=\"elementor-post__read-more\" href=\"https:\/\/www.bic.sk\/en\/aj-vdaka-fondom-eu-spustila-spolocnost-multiplexdx-revoluciu-v-testovani-rakoviny\" aria-label=\"Read more about Aj v\u010faka fondom E\u00da spustila spolo\u010dnos\u0165 MultiplexDX revol\u00faciu v testovan\u00ed rakoviny\" tabindex=\"-1\" >\n\t\t\t\u010c\u00edta\u0165 viac &gt;&gt;\t\t<\/a>\n\n\t\t\t\t<\/div>\n\t\t\t\t<\/article>\n\t\t\t\t<\/div>\n\t\t\n\t\t\t\t\t\t<\/div>\n\t\t\t\t<\/div>\n\t\t\t\t\t<\/div>\n\t\t\t\t<\/div>\n\t\t\t\t<\/div>","protected":false},"excerpt":{"rendered":"<p>References<\/p>","protected":false},"author":1,"featured_media":0,"parent":0,"menu_order":0,"comment_status":"closed","ping_status":"closed","template":"elementor_header_footer","meta":{"footnotes":""},"class_list":["post-64","page","type-page","status-publish","hentry"],"yoast_head":"<!-- This site is optimized with the Yoast SEO plugin v26.8 - https:\/\/yoast.com\/product\/yoast-seo-wordpress\/ -->\n<title>Referencie - BIC Bratislava<\/title>\n<meta name=\"robots\" content=\"index, follow, max-snippet:-1, max-image-preview:large, max-video-preview:-1\" \/>\n<link rel=\"canonical\" href=\"https:\/\/www.bic.sk\/en\/referencie\/\" \/>\n<meta property=\"og:locale\" content=\"en_GB\" \/>\n<meta property=\"og:type\" content=\"article\" \/>\n<meta property=\"og:title\" content=\"Referencie - BIC Bratislava\" \/>\n<meta property=\"og:description\" content=\"Referencie\" \/>\n<meta property=\"og:url\" content=\"https:\/\/www.bic.sk\/en\/referencie\/\" \/>\n<meta property=\"og:site_name\" content=\"BIC Bratislava\" \/>\n<meta property=\"article:modified_time\" content=\"2026-02-03T10:12:21+00:00\" \/>\n<meta name=\"twitter:card\" content=\"summary_large_image\" \/>\n<meta name=\"twitter:label1\" content=\"Estimated reading time\" \/>\n\t<meta name=\"twitter:data1\" content=\"3 minutes\" \/>\n<script type=\"application\/ld+json\" class=\"yoast-schema-graph\">{\"@context\":\"https:\/\/schema.org\",\"@graph\":[{\"@type\":\"WebPage\",\"@id\":\"https:\/\/www.bic.sk\/referencie\",\"url\":\"https:\/\/www.bic.sk\/referencie\",\"name\":\"Referencie - BIC Bratislava\",\"isPartOf\":{\"@id\":\"https:\/\/www.bic.sk\/#website\"},\"datePublished\":\"2026-01-24T11:24:06+00:00\",\"dateModified\":\"2026-02-03T10:12:21+00:00\",\"breadcrumb\":{\"@id\":\"https:\/\/www.bic.sk\/referencie#breadcrumb\"},\"inLanguage\":\"en-GB\",\"potentialAction\":[{\"@type\":\"ReadAction\",\"target\":[\"https:\/\/www.bic.sk\/referencie\"]}]},{\"@type\":\"BreadcrumbList\",\"@id\":\"https:\/\/www.bic.sk\/referencie#breadcrumb\",\"itemListElement\":[{\"@type\":\"ListItem\",\"position\":1,\"name\":\"Domovsk\u00e1 str\u00e1nka\",\"item\":\"https:\/\/www.bic.sk\/\"},{\"@type\":\"ListItem\",\"position\":2,\"name\":\"Referencie\"}]},{\"@type\":\"WebSite\",\"@id\":\"https:\/\/www.bic.sk\/#website\",\"url\":\"https:\/\/www.bic.sk\/\",\"name\":\"BIC Bratislava\",\"description\":\"\",\"potentialAction\":[{\"@type\":\"SearchAction\",\"target\":{\"@type\":\"EntryPoint\",\"urlTemplate\":\"https:\/\/www.bic.sk\/?s={search_term_string}\"},\"query-input\":{\"@type\":\"PropertyValueSpecification\",\"valueRequired\":true,\"valueName\":\"search_term_string\"}}],\"inLanguage\":\"en-GB\"}]}<\/script>\n<!-- \/ Yoast SEO plugin. -->","yoast_head_json":{"title":"Referencie - BIC Bratislava","robots":{"index":"index","follow":"follow","max-snippet":"max-snippet:-1","max-image-preview":"max-image-preview:large","max-video-preview":"max-video-preview:-1"},"canonical":"https:\/\/www.bic.sk\/en\/referencie\/","og_locale":"en_GB","og_type":"article","og_title":"Referencie - BIC Bratislava","og_description":"Referencie","og_url":"https:\/\/www.bic.sk\/en\/referencie\/","og_site_name":"BIC Bratislava","article_modified_time":"2026-02-03T10:12:21+00:00","twitter_card":"summary_large_image","twitter_misc":{"Estimated reading time":"3 minutes"},"schema":{"@context":"https:\/\/schema.org","@graph":[{"@type":"WebPage","@id":"https:\/\/www.bic.sk\/referencie","url":"https:\/\/www.bic.sk\/referencie","name":"Referencie - BIC Bratislava","isPartOf":{"@id":"https:\/\/www.bic.sk\/#website"},"datePublished":"2026-01-24T11:24:06+00:00","dateModified":"2026-02-03T10:12:21+00:00","breadcrumb":{"@id":"https:\/\/www.bic.sk\/referencie#breadcrumb"},"inLanguage":"en-GB","potentialAction":[{"@type":"ReadAction","target":["https:\/\/www.bic.sk\/referencie"]}]},{"@type":"BreadcrumbList","@id":"https:\/\/www.bic.sk\/referencie#breadcrumb","itemListElement":[{"@type":"ListItem","position":1,"name":"Domovsk\u00e1 str\u00e1nka","item":"https:\/\/www.bic.sk\/"},{"@type":"ListItem","position":2,"name":"Referencie"}]},{"@type":"WebSite","@id":"https:\/\/www.bic.sk\/#website","url":"https:\/\/www.bic.sk\/","name":"BIC Bratislava","description":"","potentialAction":[{"@type":"SearchAction","target":{"@type":"EntryPoint","urlTemplate":"https:\/\/www.bic.sk\/?s={search_term_string}"},"query-input":{"@type":"PropertyValueSpecification","valueRequired":true,"valueName":"search_term_string"}}],"inLanguage":"en-GB"}]}},"_links":{"self":[{"href":"https:\/\/www.bic.sk\/en\/wp-json\/wp\/v2\/pages\/64","targetHints":{"allow":["GET"]}}],"collection":[{"href":"https:\/\/www.bic.sk\/en\/wp-json\/wp\/v2\/pages"}],"about":[{"href":"https:\/\/www.bic.sk\/en\/wp-json\/wp\/v2\/types\/page"}],"author":[{"embeddable":true,"href":"https:\/\/www.bic.sk\/en\/wp-json\/wp\/v2\/users\/1"}],"replies":[{"embeddable":true,"href":"https:\/\/www.bic.sk\/en\/wp-json\/wp\/v2\/comments?post=64"}],"version-history":[{"count":4,"href":"https:\/\/www.bic.sk\/en\/wp-json\/wp\/v2\/pages\/64\/revisions"}],"predecessor-version":[{"id":958,"href":"https:\/\/www.bic.sk\/en\/wp-json\/wp\/v2\/pages\/64\/revisions\/958"}],"wp:attachment":[{"href":"https:\/\/www.bic.sk\/en\/wp-json\/wp\/v2\/media?parent=64"}],"curies":[{"name":"wp","href":"https:\/\/api.w.org\/{rel}","templated":true}]}}