{"id":47,"date":"2026-01-24T11:56:27","date_gmt":"2026-01-24T10:56:27","guid":{"rendered":"https:\/\/www.bic.sk\/?page_id=47"},"modified":"2026-02-02T23:39:29","modified_gmt":"2026-02-02T22:39:29","slug":"aktuality","status":"publish","type":"page","link":"https:\/\/www.bic.sk\/en\/aktuality","title":{"rendered":"News"},"content":{"rendered":"<div data-elementor-type=\"wp-page\" data-elementor-id=\"47\" class=\"elementor elementor-47\" data-elementor-post-type=\"page\">\n\t\t\t\t<div class=\"elementor-element elementor-element-3967900a e-flex e-con-boxed e-con e-parent\" data-id=\"3967900a\" data-element_type=\"container\">\n\t\t\t\t\t<div class=\"e-con-inner\">\n\t\t\t\t<div class=\"elementor-element elementor-element-64ced400 elementor-widget elementor-widget-heading\" data-id=\"64ced400\" data-element_type=\"widget\" data-widget_type=\"heading.default\">\n\t\t\t\t\t<h1 class=\"elementor-heading-title elementor-size-default\">News<\/h1>\t\t\t\t<\/div>\n\t\t\t\t\t<\/div>\n\t\t\t\t<\/div>\n\t\t<div class=\"elementor-element elementor-element-cfda53c e-flex e-con-boxed e-con e-parent\" data-id=\"cfda53c\" data-element_type=\"container\">\n\t\t\t\t\t<div class=\"e-con-inner\">\n\t\t\t\t<div class=\"elementor-element elementor-element-f7ca2d5 elementor-grid-3 elementor-grid-tablet-2 elementor-grid-mobile-1 elementor-posts--thumbnail-top elementor-widget elementor-widget-posts\" data-id=\"f7ca2d5\" data-element_type=\"widget\" data-settings=\"{&quot;classic_columns&quot;:&quot;3&quot;,&quot;classic_columns_tablet&quot;:&quot;2&quot;,&quot;classic_columns_mobile&quot;:&quot;1&quot;,&quot;classic_row_gap&quot;:{&quot;unit&quot;:&quot;px&quot;,&quot;size&quot;:35,&quot;sizes&quot;:[]},&quot;classic_row_gap_tablet&quot;:{&quot;unit&quot;:&quot;px&quot;,&quot;size&quot;:&quot;&quot;,&quot;sizes&quot;:[]},&quot;classic_row_gap_mobile&quot;:{&quot;unit&quot;:&quot;px&quot;,&quot;size&quot;:&quot;&quot;,&quot;sizes&quot;:[]}}\" data-widget_type=\"posts.classic\">\n\t\t\t\t<div class=\"elementor-widget-container\">\n\t\t\t\t\t\t\t<div class=\"elementor-posts-container elementor-posts elementor-posts--skin-classic elementor-grid\" role=\"list\">\n\t\t\t\t<article class=\"elementor-post elementor-grid-item post-1133 post type-post status-publish format-standard has-post-thumbnail hentry category-aktuality\" role=\"listitem\">\n\t\t\t\t<a class=\"elementor-post__thumbnail__link\" href=\"https:\/\/www.bic.sk\/en\/od-prototypu-na-trh-bionetzero-financuje-bio-riesenia-pre-zelenu-transformaciu-priemyslu-grantami-do-60-tisic-eur\" tabindex=\"-1\" >\n\t\t\t<div class=\"elementor-post__thumbnail\"><img decoding=\"async\" width=\"300\" height=\"138\" src=\"https:\/\/www.bic.sk\/wp-content\/uploads\/2026\/04\/image-6.png-3.jpeg\" class=\"attachment-medium size-medium wp-image-1134\" alt=\"\" \/><\/div>\n\t\t<\/a>\n\t\t\t\t<div class=\"elementor-post__text\">\n\t\t\t\t<h3 class=\"elementor-post__title\">\n\t\t\t<a href=\"https:\/\/www.bic.sk\/en\/od-prototypu-na-trh-bionetzero-financuje-bio-riesenia-pre-zelenu-transformaciu-priemyslu-grantami-do-60-tisic-eur\" >\n\t\t\t\tOd prototypu na trh: BIONetZero financuje bio-rie\u0161enia pre zelen\u00fa transform\u00e1ciu priemyslu grantami do 60 tis\u00edc\u00a0eur\t\t\t<\/a>\n\t\t<\/h3>\n\t\t\t\t<div class=\"elementor-post__meta-data\">\n\t\t\t\t\t<span class=\"elementor-post-date\">\n\t\t\t27\/04\/2026\t\t<\/span>\n\t\t\t\t<\/div>\n\t\t\t\t<div class=\"elementor-post__excerpt\">\n\t\t\t<p>V\u00fdzva BIONetZero Open Call 2026 je zameran\u00e1 na podporu inovat\u00edvnych MSP a startupov vyv\u00edjaj\u00facich biosolutions pre agropotravin\u00e1rstvo a energeticky n\u00e1ro\u010dn\u00e9 odvetvia, pri\u010dom financuje aktivity od v\u00fdvoja a testovania prototypov a\u017e<\/p>\n\t\t<\/div>\n\t\t\n\t\t<a class=\"elementor-post__read-more\" href=\"https:\/\/www.bic.sk\/en\/od-prototypu-na-trh-bionetzero-financuje-bio-riesenia-pre-zelenu-transformaciu-priemyslu-grantami-do-60-tisic-eur\" aria-label=\"Read more about Od prototypu na trh: BIONetZero financuje bio-rie\u0161enia pre zelen\u00fa transform\u00e1ciu priemyslu grantami do 60 tis\u00edc\u00a0eur\" tabindex=\"-1\" >\n\t\t\t\u010c\u00edta\u0165 viac &gt;&gt;\t\t<\/a>\n\n\t\t\t\t<\/div>\n\t\t\t\t<\/article>\n\t\t\t\t<article class=\"elementor-post elementor-grid-item post-1130 post type-post status-publish format-standard has-post-thumbnail hentry category-aktuality\" role=\"listitem\">\n\t\t\t\t<a class=\"elementor-post__thumbnail__link\" href=\"https:\/\/www.bic.sk\/en\/priemyselna-vyroba-na-slovensku-inovacie-talent-a-technologie\" tabindex=\"-1\" >\n\t\t\t<div class=\"elementor-post__thumbnail\"><img fetchpriority=\"high\" decoding=\"async\" width=\"300\" height=\"173\" src=\"https:\/\/www.bic.sk\/wp-content\/uploads\/2026\/04\/image-3.png-2.jpeg\" class=\"attachment-medium size-medium wp-image-1131\" alt=\"\" \/><\/div>\n\t\t<\/a>\n\t\t\t\t<div class=\"elementor-post__text\">\n\t\t\t\t<h3 class=\"elementor-post__title\">\n\t\t\t<a href=\"https:\/\/www.bic.sk\/en\/priemyselna-vyroba-na-slovensku-inovacie-talent-a-technologie\" >\n\t\t\t\tPriemyseln\u00e1 v\u00fdroba na Slovensku: inov\u00e1cie, talent a\u00a0technol\u00f3gie\t\t\t<\/a>\n\t\t<\/h3>\n\t\t\t\t<div class=\"elementor-post__meta-data\">\n\t\t\t\t\t<span class=\"elementor-post-date\">\n\t\t\t27\/04\/2026\t\t<\/span>\n\t\t\t\t<\/div>\n\t\t\t\t<div class=\"elementor-post__excerpt\">\n\t\t\t<p>Priemyseln\u00e1 v\u00fdroba patr\u00ed na Slovensku medzi hlavn\u00e9 motory v\u00fdskumu a inov\u00e1ci\u00ed. Generuje viac ako polovicu podnikov\u00fdch v\u00fddavkov na v\u00fdskum a v\u00fdvoj, \u010d\u00edm z\u00e1sadne ovplyv\u0148uje konkurencieschopnos\u0165 celej ekonomiky. Ak m\u00e1 tento<\/p>\n\t\t<\/div>\n\t\t\n\t\t<a class=\"elementor-post__read-more\" href=\"https:\/\/www.bic.sk\/en\/priemyselna-vyroba-na-slovensku-inovacie-talent-a-technologie\" aria-label=\"Read more about Priemyseln\u00e1 v\u00fdroba na Slovensku: inov\u00e1cie, talent a\u00a0technol\u00f3gie\" tabindex=\"-1\" >\n\t\t\t\u010c\u00edta\u0165 viac &gt;&gt;\t\t<\/a>\n\n\t\t\t\t<\/div>\n\t\t\t\t<\/article>\n\t\t\t\t<article class=\"elementor-post elementor-grid-item post-1076 post type-post status-publish format-standard has-post-thumbnail hentry category-aktuality\" role=\"listitem\">\n\t\t\t\t<a class=\"elementor-post__thumbnail__link\" href=\"https:\/\/www.bic.sk\/en\/posledna-vyzva-open-horizons-pre-europske-inovatorky-financovanie-vo-vyske-55-000-eur-pre-deep-tech-a-prepojenie-na-zakaznikov\" tabindex=\"-1\" >\n\t\t\t<div class=\"elementor-post__thumbnail\"><img decoding=\"async\" width=\"300\" height=\"171\" src=\"https:\/\/www.bic.sk\/wp-content\/uploads\/2026\/03\/image-6.png-2-300x171.webp\" class=\"attachment-medium size-medium wp-image-1077\" alt=\"\" srcset=\"https:\/\/www.bic.sk\/wp-content\/uploads\/2026\/03\/image-6.png-2-300x171.webp 300w, https:\/\/www.bic.sk\/wp-content\/uploads\/2026\/03\/image-6.png-2-768x438.webp 768w, https:\/\/www.bic.sk\/wp-content\/uploads\/2026\/03\/image-6.png-2-18x10.webp 18w, https:\/\/www.bic.sk\/wp-content\/uploads\/2026\/03\/image-6.png-2.webp 1024w\" sizes=\"(max-width: 300px) 100vw, 300px\" \/><\/div>\n\t\t<\/a>\n\t\t\t\t<div class=\"elementor-post__text\">\n\t\t\t\t<h3 class=\"elementor-post__title\">\n\t\t\t<a href=\"https:\/\/www.bic.sk\/en\/posledna-vyzva-open-horizons-pre-europske-inovatorky-financovanie-vo-vyske-55-000-eur-pre-deep-tech-a-prepojenie-na-zakaznikov\" >\n\t\t\t\tPosledn\u00e1 v\u00fdzva Open Horizons pre eur\u00f3pske inov\u00e1torky: financovanie vo v\u00fd\u0161ke 55 000 EUR pre deep tech a prepojenie na\u00a0z\u00e1kazn\u00edkov\t\t\t<\/a>\n\t\t<\/h3>\n\t\t\t\t<div class=\"elementor-post__meta-data\">\n\t\t\t\t\t<span class=\"elementor-post-date\">\n\t\t\t24\/03\/2026\t\t<\/span>\n\t\t\t\t<\/div>\n\t\t\t\t<div class=\"elementor-post__excerpt\">\n\t\t\t<p>Deep tech a digit\u00e1lne startupy veden\u00e9 \u017eenami v r\u00e1mci celej Eur\u00f3py maj\u00fa posledn\u00fa pr\u00edle\u017eitos\u0165 z\u00edska\u0165 financovanie vo v\u00fd\u0161ke a\u017e 55 000 EUR, ke\u010f\u017ee projekt Open Horizons sp\u00fa\u0161\u0165a svoju tretiu a<\/p>\n\t\t<\/div>\n\t\t\n\t\t<a class=\"elementor-post__read-more\" href=\"https:\/\/www.bic.sk\/en\/posledna-vyzva-open-horizons-pre-europske-inovatorky-financovanie-vo-vyske-55-000-eur-pre-deep-tech-a-prepojenie-na-zakaznikov\" aria-label=\"Read more about Posledn\u00e1 v\u00fdzva Open Horizons pre eur\u00f3pske inov\u00e1torky: financovanie vo v\u00fd\u0161ke 55 000 EUR pre deep tech a prepojenie na\u00a0z\u00e1kazn\u00edkov\" tabindex=\"-1\" >\n\t\t\t\u010c\u00edta\u0165 viac &gt;&gt;\t\t<\/a>\n\n\t\t\t\t<\/div>\n\t\t\t\t<\/article>\n\t\t\t\t<article class=\"elementor-post elementor-grid-item post-1050 post type-post status-publish format-standard has-post-thumbnail hentry category-aktuality\" role=\"listitem\">\n\t\t\t\t<a class=\"elementor-post__thumbnail__link\" href=\"https:\/\/www.bic.sk\/en\/granty-startupy-v-bratislave-spojili-komunitu-a-otvorili-dolezitu-diskusiu\" tabindex=\"-1\" >\n\t\t\t<div class=\"elementor-post__thumbnail\"><img loading=\"lazy\" decoding=\"async\" width=\"300\" height=\"193\" src=\"https:\/\/www.bic.sk\/wp-content\/uploads\/2026\/03\/P1030085-1-300x193.jpg\" class=\"attachment-medium size-medium wp-image-1061\" alt=\"\" srcset=\"https:\/\/www.bic.sk\/wp-content\/uploads\/2026\/03\/P1030085-1-300x193.jpg 300w, https:\/\/www.bic.sk\/wp-content\/uploads\/2026\/03\/P1030085-1-1024x659.jpg 1024w, https:\/\/www.bic.sk\/wp-content\/uploads\/2026\/03\/P1030085-1-768x494.jpg 768w, https:\/\/www.bic.sk\/wp-content\/uploads\/2026\/03\/P1030085-1-18x12.jpg 18w, https:\/\/www.bic.sk\/wp-content\/uploads\/2026\/03\/P1030085-1.jpg 1530w\" sizes=\"(max-width: 300px) 100vw, 300px\" \/><\/div>\n\t\t<\/a>\n\t\t\t\t<div class=\"elementor-post__text\">\n\t\t\t\t<h3 class=\"elementor-post__title\">\n\t\t\t<a href=\"https:\/\/www.bic.sk\/en\/granty-startupy-v-bratislave-spojili-komunitu-a-otvorili-dolezitu-diskusiu\" >\n\t\t\t\tGranty &amp; Startupy v Bratislave spojili komunitu a otvorili d\u00f4le\u017eit\u00fa diskusiu\t\t\t<\/a>\n\t\t<\/h3>\n\t\t\t\t<div class=\"elementor-post__meta-data\">\n\t\t\t\t\t<span class=\"elementor-post-date\">\n\t\t\t24\/03\/2026\t\t<\/span>\n\t\t\t\t<\/div>\n\t\t\t\t<div class=\"elementor-post__excerpt\">\n\t\t\t<p>Ned\u00e1vno sa v Bratislave v r\u00e1mci podujatia&nbsp;Granty &amp; Startupy&nbsp;stretlo viac ne\u017e 100 startup founderov, investorov a z\u00e1stupcov inova\u010dn\u00e9ho ekosyst\u00e9mu. Hlavnou t\u00e9mou bola jednoduch\u00e1, no z\u00e1sadn\u00e1 ot\u00e1zka: maj\u00fa granty pre startupy<\/p>\n\t\t<\/div>\n\t\t\n\t\t<a class=\"elementor-post__read-more\" href=\"https:\/\/www.bic.sk\/en\/granty-startupy-v-bratislave-spojili-komunitu-a-otvorili-dolezitu-diskusiu\" aria-label=\"Read more about Granty &amp; Startupy v Bratislave spojili komunitu a otvorili d\u00f4le\u017eit\u00fa diskusiu\" tabindex=\"-1\" >\n\t\t\t\u010c\u00edta\u0165 viac &gt;&gt;\t\t<\/a>\n\n\t\t\t\t<\/div>\n\t\t\t\t<\/article>\n\t\t\t\t<article class=\"elementor-post elementor-grid-item post-304 post type-post status-publish format-standard has-post-thumbnail hentry category-aktuality\" role=\"listitem\">\n\t\t\t\t<a class=\"elementor-post__thumbnail__link\" href=\"https:\/\/www.bic.sk\/en\/inofest-2025-dva-dni-plne-inovacii-a-inspiracie\" tabindex=\"-1\" >\n\t\t\t<div class=\"elementor-post__thumbnail\"><img loading=\"lazy\" decoding=\"async\" width=\"300\" height=\"200\" src=\"https:\/\/www.bic.sk\/wp-content\/uploads\/2025\/10\/DSC03014-300x200.jpg\" class=\"attachment-medium size-medium wp-image-1072\" alt=\"\" srcset=\"https:\/\/www.bic.sk\/wp-content\/uploads\/2025\/10\/DSC03014-300x200.jpg 300w, https:\/\/www.bic.sk\/wp-content\/uploads\/2025\/10\/DSC03014-1024x683.jpg 1024w, https:\/\/www.bic.sk\/wp-content\/uploads\/2025\/10\/DSC03014-768x512.jpg 768w, https:\/\/www.bic.sk\/wp-content\/uploads\/2025\/10\/DSC03014-1536x1024.jpg 1536w, https:\/\/www.bic.sk\/wp-content\/uploads\/2025\/10\/DSC03014-2048x1365.jpg 2048w, https:\/\/www.bic.sk\/wp-content\/uploads\/2025\/10\/DSC03014-18x12.jpg 18w\" sizes=\"(max-width: 300px) 100vw, 300px\" \/><\/div>\n\t\t<\/a>\n\t\t\t\t<div class=\"elementor-post__text\">\n\t\t\t\t<h3 class=\"elementor-post__title\">\n\t\t\t<a href=\"https:\/\/www.bic.sk\/en\/inofest-2025-dva-dni-plne-inovacii-a-inspiracie\" >\n\t\t\t\tINOFEST 2025: Dva dni pln\u00e9 inov\u00e1ci\u00ed a in\u0161pir\u00e1cie\t\t\t<\/a>\n\t\t<\/h3>\n\t\t\t\t<div class=\"elementor-post__meta-data\">\n\t\t\t\t\t<span class=\"elementor-post-date\">\n\t\t\t08\/10\/2025\t\t<\/span>\n\t\t\t\t<\/div>\n\t\t\t\t<div class=\"elementor-post__excerpt\">\n\t\t\t<p>\u0160iesty ro\u010dn\u00edk festivalu inov\u00e1ci\u00ed INOFEST op\u00e4\u0165 spojil talentovan\u00fdch \u013eud\u00ed a firmy, ktor\u00e9 podporuj\u00fa nov\u00e9 my\u0161lienky. Po\u010das dvoch dn\u00ed sa v Trnave na Materi\u00e1lovotechnologickej fakulte STU stretlo viac ako 240 \u00fa\u010dastn\u00edkov<\/p>\n\t\t<\/div>\n\t\t\n\t\t<a class=\"elementor-post__read-more\" href=\"https:\/\/www.bic.sk\/en\/inofest-2025-dva-dni-plne-inovacii-a-inspiracie\" aria-label=\"Read more about INOFEST 2025: Dva dni pln\u00e9 inov\u00e1ci\u00ed a in\u0161pir\u00e1cie\" tabindex=\"-1\" >\n\t\t\t\u010c\u00edta\u0165 viac &gt;&gt;\t\t<\/a>\n\n\t\t\t\t<\/div>\n\t\t\t\t<\/article>\n\t\t\t\t<article class=\"elementor-post elementor-grid-item post-307 post type-post status-publish format-standard has-post-thumbnail hentry category-aktuality\" role=\"listitem\">\n\t\t\t\t<a class=\"elementor-post__thumbnail__link\" href=\"https:\/\/www.bic.sk\/en\/novy-system-dph-pre-msp\" tabindex=\"-1\" >\n\t\t\t<div class=\"elementor-post__thumbnail\"><img loading=\"lazy\" decoding=\"async\" width=\"224\" height=\"300\" src=\"https:\/\/www.bic.sk\/wp-content\/uploads\/2025\/04\/pexels-jakubzerdzicki-34862432-224x300.jpg\" class=\"attachment-medium size-medium wp-image-1075\" alt=\"\" srcset=\"https:\/\/www.bic.sk\/wp-content\/uploads\/2025\/04\/pexels-jakubzerdzicki-34862432-224x300.jpg 224w, https:\/\/www.bic.sk\/wp-content\/uploads\/2025\/04\/pexels-jakubzerdzicki-34862432-765x1024.jpg 765w, https:\/\/www.bic.sk\/wp-content\/uploads\/2025\/04\/pexels-jakubzerdzicki-34862432-768x1029.jpg 768w, https:\/\/www.bic.sk\/wp-content\/uploads\/2025\/04\/pexels-jakubzerdzicki-34862432-1147x1536.jpg 1147w, https:\/\/www.bic.sk\/wp-content\/uploads\/2025\/04\/pexels-jakubzerdzicki-34862432-1529x2048.jpg 1529w, https:\/\/www.bic.sk\/wp-content\/uploads\/2025\/04\/pexels-jakubzerdzicki-34862432-9x12.jpg 9w, https:\/\/www.bic.sk\/wp-content\/uploads\/2025\/04\/pexels-jakubzerdzicki-34862432-scaled.jpg 1911w\" sizes=\"(max-width: 224px) 100vw, 224px\" \/><\/div>\n\t\t<\/a>\n\t\t\t\t<div class=\"elementor-post__text\">\n\t\t\t\t<h3 class=\"elementor-post__title\">\n\t\t\t<a href=\"https:\/\/www.bic.sk\/en\/novy-system-dph-pre-msp\" >\n\t\t\t\tNov\u00fd\u00a0syst\u00e9m DPH pre\u00a0MSP\t\t\t<\/a>\n\t\t<\/h3>\n\t\t\t\t<div class=\"elementor-post__meta-data\">\n\t\t\t\t\t<span class=\"elementor-post-date\">\n\t\t\t24\/04\/2025\t\t<\/span>\n\t\t\t\t<\/div>\n\t\t\t\t<div class=\"elementor-post__excerpt\">\n\t\t\t<p>Nov\u00fd&nbsp;syst\u00e9m DPH pre&nbsp;MSP&nbsp;nadobudol \u00fa\u010dinnos\u0165&nbsp;1.&nbsp;janu\u00e1ra 2025. Touto iniciat\u00edvou sa zav\u00e1dza zjednodu\u0161en\u00fd r\u00e1mec DPH pre&nbsp;mal\u00e9 podniky v&nbsp;celej E\u00da, ktor\u00fd pom\u00e1ha zmier\u0148ova\u0165 regula\u010dn\u00e9 za\u0165a\u017eenie a&nbsp;uvo\u013e\u0148uje nov\u00e9 cezhrani\u010dn\u00e9 pr\u00edle\u017eitosti. Hlavn\u00e9 v\u00fdhody syst\u00e9mu DPH pre&nbsp;MSP:<\/p>\n\t\t<\/div>\n\t\t\n\t\t<a class=\"elementor-post__read-more\" href=\"https:\/\/www.bic.sk\/en\/novy-system-dph-pre-msp\" aria-label=\"Read more about Nov\u00fd\u00a0syst\u00e9m DPH pre\u00a0MSP\" tabindex=\"-1\" >\n\t\t\t\u010c\u00edta\u0165 viac &gt;&gt;\t\t<\/a>\n\n\t\t\t\t<\/div>\n\t\t\t\t<\/article>\n\t\t\t\t<\/div>\n\t\t\n\t\t\t\t\t\t<\/div>\n\t\t\t\t<\/div>\n\t\t\t\t\t<\/div>\n\t\t\t\t<\/div>\n\t\t\t\t<\/div>","protected":false},"excerpt":{"rendered":"<p>News<\/p>","protected":false},"author":1,"featured_media":0,"parent":0,"menu_order":0,"comment_status":"closed","ping_status":"closed","template":"elementor_header_footer","meta":{"footnotes":""},"class_list":["post-47","page","type-page","status-publish","hentry"],"yoast_head":"<!-- This site is optimized with the Yoast SEO plugin v26.8 - https:\/\/yoast.com\/product\/yoast-seo-wordpress\/ -->\n<title>Aktuality - BIC Bratislava<\/title>\n<meta name=\"robots\" content=\"index, follow, max-snippet:-1, max-image-preview:large, max-video-preview:-1\" \/>\n<link rel=\"canonical\" href=\"https:\/\/www.bic.sk\/en\/aktuality\/\" \/>\n<meta property=\"og:locale\" content=\"en_GB\" \/>\n<meta property=\"og:type\" content=\"article\" \/>\n<meta property=\"og:title\" content=\"Aktuality - BIC Bratislava\" \/>\n<meta property=\"og:description\" content=\"Aktuality\" \/>\n<meta property=\"og:url\" content=\"https:\/\/www.bic.sk\/en\/aktuality\/\" \/>\n<meta property=\"og:site_name\" content=\"BIC Bratislava\" \/>\n<meta property=\"article:modified_time\" content=\"2026-02-02T22:39:29+00:00\" \/>\n<meta name=\"twitter:card\" content=\"summary_large_image\" \/>\n<meta name=\"twitter:label1\" content=\"Estimated reading time\" \/>\n\t<meta name=\"twitter:data1\" content=\"4 minutes\" \/>\n<script type=\"application\/ld+json\" class=\"yoast-schema-graph\">{\"@context\":\"https:\/\/schema.org\",\"@graph\":[{\"@type\":\"WebPage\",\"@id\":\"https:\/\/www.bic.sk\/aktuality\",\"url\":\"https:\/\/www.bic.sk\/aktuality\",\"name\":\"Aktuality - BIC Bratislava\",\"isPartOf\":{\"@id\":\"https:\/\/www.bic.sk\/#website\"},\"datePublished\":\"2026-01-24T10:56:27+00:00\",\"dateModified\":\"2026-02-02T22:39:29+00:00\",\"breadcrumb\":{\"@id\":\"https:\/\/www.bic.sk\/aktuality#breadcrumb\"},\"inLanguage\":\"en-GB\",\"potentialAction\":[{\"@type\":\"ReadAction\",\"target\":[\"https:\/\/www.bic.sk\/aktuality\"]}]},{\"@type\":\"BreadcrumbList\",\"@id\":\"https:\/\/www.bic.sk\/aktuality#breadcrumb\",\"itemListElement\":[{\"@type\":\"ListItem\",\"position\":1,\"name\":\"Domovsk\u00e1 str\u00e1nka\",\"item\":\"https:\/\/www.bic.sk\/\"},{\"@type\":\"ListItem\",\"position\":2,\"name\":\"Aktuality\"}]},{\"@type\":\"WebSite\",\"@id\":\"https:\/\/www.bic.sk\/#website\",\"url\":\"https:\/\/www.bic.sk\/\",\"name\":\"BIC Bratislava\",\"description\":\"\",\"potentialAction\":[{\"@type\":\"SearchAction\",\"target\":{\"@type\":\"EntryPoint\",\"urlTemplate\":\"https:\/\/www.bic.sk\/?s={search_term_string}\"},\"query-input\":{\"@type\":\"PropertyValueSpecification\",\"valueRequired\":true,\"valueName\":\"search_term_string\"}}],\"inLanguage\":\"en-GB\"}]}<\/script>\n<!-- \/ Yoast SEO plugin. -->","yoast_head_json":{"title":"Aktuality - BIC Bratislava","robots":{"index":"index","follow":"follow","max-snippet":"max-snippet:-1","max-image-preview":"max-image-preview:large","max-video-preview":"max-video-preview:-1"},"canonical":"https:\/\/www.bic.sk\/en\/aktuality\/","og_locale":"en_GB","og_type":"article","og_title":"Aktuality - BIC Bratislava","og_description":"Aktuality","og_url":"https:\/\/www.bic.sk\/en\/aktuality\/","og_site_name":"BIC Bratislava","article_modified_time":"2026-02-02T22:39:29+00:00","twitter_card":"summary_large_image","twitter_misc":{"Estimated reading time":"4 minutes"},"schema":{"@context":"https:\/\/schema.org","@graph":[{"@type":"WebPage","@id":"https:\/\/www.bic.sk\/aktuality","url":"https:\/\/www.bic.sk\/aktuality","name":"Aktuality - BIC Bratislava","isPartOf":{"@id":"https:\/\/www.bic.sk\/#website"},"datePublished":"2026-01-24T10:56:27+00:00","dateModified":"2026-02-02T22:39:29+00:00","breadcrumb":{"@id":"https:\/\/www.bic.sk\/aktuality#breadcrumb"},"inLanguage":"en-GB","potentialAction":[{"@type":"ReadAction","target":["https:\/\/www.bic.sk\/aktuality"]}]},{"@type":"BreadcrumbList","@id":"https:\/\/www.bic.sk\/aktuality#breadcrumb","itemListElement":[{"@type":"ListItem","position":1,"name":"Domovsk\u00e1 str\u00e1nka","item":"https:\/\/www.bic.sk\/"},{"@type":"ListItem","position":2,"name":"Aktuality"}]},{"@type":"WebSite","@id":"https:\/\/www.bic.sk\/#website","url":"https:\/\/www.bic.sk\/","name":"BIC Bratislava","description":"","potentialAction":[{"@type":"SearchAction","target":{"@type":"EntryPoint","urlTemplate":"https:\/\/www.bic.sk\/?s={search_term_string}"},"query-input":{"@type":"PropertyValueSpecification","valueRequired":true,"valueName":"search_term_string"}}],"inLanguage":"en-GB"}]}},"_links":{"self":[{"href":"https:\/\/www.bic.sk\/en\/wp-json\/wp\/v2\/pages\/47","targetHints":{"allow":["GET"]}}],"collection":[{"href":"https:\/\/www.bic.sk\/en\/wp-json\/wp\/v2\/pages"}],"about":[{"href":"https:\/\/www.bic.sk\/en\/wp-json\/wp\/v2\/types\/page"}],"author":[{"embeddable":true,"href":"https:\/\/www.bic.sk\/en\/wp-json\/wp\/v2\/users\/1"}],"replies":[{"embeddable":true,"href":"https:\/\/www.bic.sk\/en\/wp-json\/wp\/v2\/comments?post=47"}],"version-history":[{"count":22,"href":"https:\/\/www.bic.sk\/en\/wp-json\/wp\/v2\/pages\/47\/revisions"}],"predecessor-version":[{"id":927,"href":"https:\/\/www.bic.sk\/en\/wp-json\/wp\/v2\/pages\/47\/revisions\/927"}],"wp:attachment":[{"href":"https:\/\/www.bic.sk\/en\/wp-json\/wp\/v2\/media?parent=47"}],"curies":[{"name":"wp","href":"https:\/\/api.w.org\/{rel}","templated":true}]}}