{"id":45,"date":"2026-01-24T11:56:06","date_gmt":"2026-01-24T10:56:06","guid":{"rendered":"https:\/\/www.bic.sk\/?page_id=45"},"modified":"2026-04-30T23:19:05","modified_gmt":"2026-04-30T21:19:05","slug":"o-nas","status":"publish","type":"page","link":"https:\/\/www.bic.sk\/en\/o-nas","title":{"rendered":"About us"},"content":{"rendered":"<div data-elementor-type=\"wp-page\" data-elementor-id=\"45\" class=\"elementor elementor-45\" data-elementor-post-type=\"page\">\n\t\t\t\t<div class=\"elementor-element elementor-element-5174e6db e-flex e-con-boxed e-con e-parent\" data-id=\"5174e6db\" data-element_type=\"container\">\n\t\t\t\t\t<div class=\"e-con-inner\">\n\t\t\t\t<div class=\"elementor-element elementor-element-4b5dad35 elementor-widget elementor-widget-heading\" data-id=\"4b5dad35\" data-element_type=\"widget\" data-widget_type=\"heading.default\">\n\t\t\t\t\t<h1 class=\"elementor-heading-title elementor-size-default\">About us<\/h1>\t\t\t\t<\/div>\n\t\t\t\t\t<\/div>\n\t\t\t\t<\/div>\n\t\t<div class=\"elementor-element elementor-element-57002a5 e-flex e-con-boxed e-con e-parent\" data-id=\"57002a5\" data-element_type=\"container\">\n\t\t\t\t\t<div class=\"e-con-inner\">\n\t\t<div class=\"elementor-element elementor-element-37eea2a e-con-full e-flex e-con e-child\" data-id=\"37eea2a\" data-element_type=\"container\">\n\t\t\t\t<div class=\"elementor-element elementor-element-15b7fdf elementor-widget elementor-widget-text-editor\" data-id=\"15b7fdf\" data-element_type=\"widget\" data-widget_type=\"text-editor.default\">\n\t\t\t\t\t\t\t\t\t<p class=\"translation-block\">Since 1991, when BIC Bratislava was established, we have focused our activities primarily on <strong>supporting innovation, technology transfer, and business development<\/strong>.<\/p><p class=\"translation-block\">Our services include in particular <strong>business and innovation advisory services<\/strong>, support for international cooperation, consultations regarding access to financing, as well as support for EU framework programmes for research, development, and innovation.<\/p><p class=\"translation-block\">In addition to the above, we can also assist you in the area of <strong>intellectual property protection<\/strong> or with identifying potential foreign business partners.<\/p>\t\t\t\t\t\t\t\t<\/div>\n\t\t\t\t<div class=\"elementor-element elementor-element-3197385 elementor-widget elementor-widget-html\" data-id=\"3197385\" data-element_type=\"widget\" data-widget_type=\"html.default\">\n\t\t\t\t\t<link rel=\"preconnect\" href=\"https:\/\/fonts.googleapis.com\">\n<link rel=\"preconnect\" href=\"https:\/\/fonts.gstatic.com\" crossorigin>\n<link href=\"https:\/\/fonts.googleapis.com\/css2?family=Raleway:wght@400;500;600;700&display=swap\" rel=\"stylesheet\">\n\n<div class=\"quote-modern\">\n  <div class=\"quote-accent\"><\/div>\n  <p class=\"quote-text\">\n    For more than 30 years, we have been helping innovative companies grow. We have dedicated tens of thousands of consultation hours to over 2,000 clients, supporting them in their growth, innovation, and the creation of international partnerships.\n  <\/p>\n<\/div>\n\n<style>\n  .quote-modern{\n    display:flex;\n    gap:25px;\n    max-width:900px;\n    padding:5px 0;\n  }\n\n  .quote-accent{\n    width:4px;\n    background:linear-gradient(180deg, #004c94, #3A8DCC);\n    border-radius:2px;\n    flex-shrink:0;\n  }\n\n  .quote-text{\n    margin:0;\n    font-family: 'Raleway', sans-serif;\n    font-size:18px;\n    line-height:1.4;\n    font-weight:500;\n    font-style:italic;\n    color:#7fb2e2;\n    letter-spacing:0.2px;\n  }\n\n  @media (max-width:600px){\n    .quote-modern{\n      gap:16px;\n      padding:24px 0;\n    }\n    .quote-text{\n      font-size:16px;\n    }\n  }\n<\/style>\n\t\t\t\t<\/div>\n\t\t\t\t<div class=\"elementor-element elementor-element-5cfa3b8 elementor-widget elementor-widget-text-editor\" data-id=\"5cfa3b8\" data-element_type=\"widget\" data-widget_type=\"text-editor.default\">\n\t\t\t\t\t\t\t\t\t<p class=\"translation-block\">The largest share of our activities is directed towards small and medium-sized enterprises with innovation potential that are developing their products or technologies. However, we focus not only on supporting companies, but also on leading scientific teams, universities, and research institutions.<br>\nExplore <a href=\"https:\/\/www.bic.sk\/en\/vysledky\/\" target=\"_self\">our results from over 30 years<\/a>.<\/p><p class=\"translation-block\">In delivering our services, we actively draw on our long-standing experience with European networks and the support and financial programmes of the European Union. Since 2008, we have been members of the largest European network for the support of business, innovation, and research, <a href=\"http:\/\/www.een.sk\/\" target=\"_self\">Enterprise Europe Network<\/a>, whose Slovak representation we also coordinate.<\/p>\t\t\t\t\t\t\t\t<\/div>\n\t\t\t\t<\/div>\n\t\t<div class=\"elementor-element elementor-element-87fa25c e-con-full e-flex e-con e-child\" data-id=\"87fa25c\" data-element_type=\"container\">\n\t\t\t\t<div class=\"elementor-element elementor-element-283b299 elementor-widget elementor-widget-image\" data-id=\"283b299\" data-element_type=\"widget\" data-widget_type=\"image.default\">\n\t\t\t\t\t\t\t\t\t\t\t\t\t\t\t<img fetchpriority=\"high\" decoding=\"async\" width=\"800\" height=\"600\" src=\"https:\/\/www.bic.sk\/wp-content\/uploads\/2026\/04\/IMG_15951.jpg\" class=\"attachment-large size-large wp-image-1137\" alt=\"\" \/>\t\t\t\t\t\t\t\t\t\t\t\t\t\t\t<\/div>\n\t\t\t\t<\/div>\n\t\t\t\t\t<\/div>\n\t\t\t\t<\/div>\n\t\t\t\t<\/div>","protected":false},"excerpt":{"rendered":"<p>O n\u00e1s Od roku 1991, kedy bola spolo\u010dnos\u0165 BIC Bratislava zalo\u017een\u00e1, zameriavame svoje aktivity predov\u0161etk\u00fdm na podporu inov\u00e1ci\u00ed, technologick\u00e9ho transferu \u010di rozvoja podnikania. Na\u0161e slu\u017eby zah\u0155\u0148aj\u00fa najm\u00e4 podnikate\u013esk\u00e9 a inova\u010dn\u00e9 [&hellip;]<\/p>","protected":false},"author":1,"featured_media":0,"parent":0,"menu_order":0,"comment_status":"closed","ping_status":"closed","template":"elementor_header_footer","meta":{"footnotes":""},"class_list":["post-45","page","type-page","status-publish","hentry"],"yoast_head":"<!-- This site is optimized with the Yoast SEO plugin v26.8 - https:\/\/yoast.com\/product\/yoast-seo-wordpress\/ -->\n<title>O n\u00e1s - BIC Bratislava<\/title>\n<meta name=\"robots\" content=\"index, follow, max-snippet:-1, max-image-preview:large, max-video-preview:-1\" \/>\n<link rel=\"canonical\" href=\"https:\/\/www.bic.sk\/en\/o-nas\/\" \/>\n<meta property=\"og:locale\" content=\"en_GB\" \/>\n<meta property=\"og:type\" content=\"article\" \/>\n<meta property=\"og:title\" content=\"O n\u00e1s - BIC Bratislava\" \/>\n<meta property=\"og:description\" content=\"O n\u00e1s Od roku 1991, kedy bola spolo\u010dnos\u0165 BIC Bratislava zalo\u017een\u00e1, zameriavame svoje aktivity predov\u0161etk\u00fdm na podporu inov\u00e1ci\u00ed, technologick\u00e9ho transferu \u010di rozvoja podnikania. Na\u0161e slu\u017eby zah\u0155\u0148aj\u00fa najm\u00e4 podnikate\u013esk\u00e9 a inova\u010dn\u00e9 [&hellip;]\" \/>\n<meta property=\"og:url\" content=\"https:\/\/www.bic.sk\/en\/o-nas\/\" \/>\n<meta property=\"og:site_name\" content=\"BIC Bratislava\" \/>\n<meta property=\"article:modified_time\" content=\"2026-04-30T21:19:05+00:00\" \/>\n<meta property=\"og:image\" content=\"https:\/\/www.bic.sk\/wp-content\/uploads\/2026\/04\/IMG_15951.jpg\" \/>\n\t<meta property=\"og:image:width\" content=\"2977\" \/>\n\t<meta property=\"og:image:height\" content=\"2233\" \/>\n\t<meta property=\"og:image:type\" content=\"image\/jpeg\" \/>\n<meta name=\"twitter:card\" content=\"summary_large_image\" \/>\n<meta name=\"twitter:label1\" content=\"Estimated reading time\" \/>\n\t<meta name=\"twitter:data1\" content=\"2 minutes\" \/>\n<script type=\"application\/ld+json\" class=\"yoast-schema-graph\">{\"@context\":\"https:\/\/schema.org\",\"@graph\":[{\"@type\":\"WebPage\",\"@id\":\"https:\/\/www.bic.sk\/o-nas\",\"url\":\"https:\/\/www.bic.sk\/o-nas\",\"name\":\"O n\u00e1s - BIC Bratislava\",\"isPartOf\":{\"@id\":\"https:\/\/www.bic.sk\/#website\"},\"primaryImageOfPage\":{\"@id\":\"https:\/\/www.bic.sk\/o-nas#primaryimage\"},\"image\":{\"@id\":\"https:\/\/www.bic.sk\/o-nas#primaryimage\"},\"thumbnailUrl\":\"https:\/\/www.bic.sk\/wp-content\/uploads\/2026\/04\/IMG_15951.jpg\",\"datePublished\":\"2026-01-24T10:56:06+00:00\",\"dateModified\":\"2026-04-30T21:19:05+00:00\",\"breadcrumb\":{\"@id\":\"https:\/\/www.bic.sk\/o-nas#breadcrumb\"},\"inLanguage\":\"en-GB\",\"potentialAction\":[{\"@type\":\"ReadAction\",\"target\":[\"https:\/\/www.bic.sk\/o-nas\"]}]},{\"@type\":\"ImageObject\",\"inLanguage\":\"en-GB\",\"@id\":\"https:\/\/www.bic.sk\/o-nas#primaryimage\",\"url\":\"https:\/\/www.bic.sk\/wp-content\/uploads\/2026\/04\/IMG_15951.jpg\",\"contentUrl\":\"https:\/\/www.bic.sk\/wp-content\/uploads\/2026\/04\/IMG_15951.jpg\"},{\"@type\":\"BreadcrumbList\",\"@id\":\"https:\/\/www.bic.sk\/o-nas#breadcrumb\",\"itemListElement\":[{\"@type\":\"ListItem\",\"position\":1,\"name\":\"Domovsk\u00e1 str\u00e1nka\",\"item\":\"https:\/\/www.bic.sk\/\"},{\"@type\":\"ListItem\",\"position\":2,\"name\":\"O n\u00e1s\"}]},{\"@type\":\"WebSite\",\"@id\":\"https:\/\/www.bic.sk\/#website\",\"url\":\"https:\/\/www.bic.sk\/\",\"name\":\"BIC Bratislava\",\"description\":\"\",\"potentialAction\":[{\"@type\":\"SearchAction\",\"target\":{\"@type\":\"EntryPoint\",\"urlTemplate\":\"https:\/\/www.bic.sk\/?s={search_term_string}\"},\"query-input\":{\"@type\":\"PropertyValueSpecification\",\"valueRequired\":true,\"valueName\":\"search_term_string\"}}],\"inLanguage\":\"en-GB\"}]}<\/script>\n<!-- \/ Yoast SEO plugin. -->","yoast_head_json":{"title":"O n\u00e1s - BIC Bratislava","robots":{"index":"index","follow":"follow","max-snippet":"max-snippet:-1","max-image-preview":"max-image-preview:large","max-video-preview":"max-video-preview:-1"},"canonical":"https:\/\/www.bic.sk\/en\/o-nas\/","og_locale":"en_GB","og_type":"article","og_title":"O n\u00e1s - BIC Bratislava","og_description":"O n\u00e1s Od roku 1991, kedy bola spolo\u010dnos\u0165 BIC Bratislava zalo\u017een\u00e1, zameriavame svoje aktivity predov\u0161etk\u00fdm na podporu inov\u00e1ci\u00ed, technologick\u00e9ho transferu \u010di rozvoja podnikania. Na\u0161e slu\u017eby zah\u0155\u0148aj\u00fa najm\u00e4 podnikate\u013esk\u00e9 a inova\u010dn\u00e9 [&hellip;]","og_url":"https:\/\/www.bic.sk\/en\/o-nas\/","og_site_name":"BIC Bratislava","article_modified_time":"2026-04-30T21:19:05+00:00","og_image":[{"width":2977,"height":2233,"url":"https:\/\/www.bic.sk\/wp-content\/uploads\/2026\/04\/IMG_15951.jpg","type":"image\/jpeg"}],"twitter_card":"summary_large_image","twitter_misc":{"Estimated reading time":"2 minutes"},"schema":{"@context":"https:\/\/schema.org","@graph":[{"@type":"WebPage","@id":"https:\/\/www.bic.sk\/o-nas","url":"https:\/\/www.bic.sk\/o-nas","name":"O n\u00e1s - BIC Bratislava","isPartOf":{"@id":"https:\/\/www.bic.sk\/#website"},"primaryImageOfPage":{"@id":"https:\/\/www.bic.sk\/o-nas#primaryimage"},"image":{"@id":"https:\/\/www.bic.sk\/o-nas#primaryimage"},"thumbnailUrl":"https:\/\/www.bic.sk\/wp-content\/uploads\/2026\/04\/IMG_15951.jpg","datePublished":"2026-01-24T10:56:06+00:00","dateModified":"2026-04-30T21:19:05+00:00","breadcrumb":{"@id":"https:\/\/www.bic.sk\/o-nas#breadcrumb"},"inLanguage":"en-GB","potentialAction":[{"@type":"ReadAction","target":["https:\/\/www.bic.sk\/o-nas"]}]},{"@type":"ImageObject","inLanguage":"en-GB","@id":"https:\/\/www.bic.sk\/o-nas#primaryimage","url":"https:\/\/www.bic.sk\/wp-content\/uploads\/2026\/04\/IMG_15951.jpg","contentUrl":"https:\/\/www.bic.sk\/wp-content\/uploads\/2026\/04\/IMG_15951.jpg"},{"@type":"BreadcrumbList","@id":"https:\/\/www.bic.sk\/o-nas#breadcrumb","itemListElement":[{"@type":"ListItem","position":1,"name":"Domovsk\u00e1 str\u00e1nka","item":"https:\/\/www.bic.sk\/"},{"@type":"ListItem","position":2,"name":"O n\u00e1s"}]},{"@type":"WebSite","@id":"https:\/\/www.bic.sk\/#website","url":"https:\/\/www.bic.sk\/","name":"BIC Bratislava","description":"","potentialAction":[{"@type":"SearchAction","target":{"@type":"EntryPoint","urlTemplate":"https:\/\/www.bic.sk\/?s={search_term_string}"},"query-input":{"@type":"PropertyValueSpecification","valueRequired":true,"valueName":"search_term_string"}}],"inLanguage":"en-GB"}]}},"_links":{"self":[{"href":"https:\/\/www.bic.sk\/en\/wp-json\/wp\/v2\/pages\/45","targetHints":{"allow":["GET"]}}],"collection":[{"href":"https:\/\/www.bic.sk\/en\/wp-json\/wp\/v2\/pages"}],"about":[{"href":"https:\/\/www.bic.sk\/en\/wp-json\/wp\/v2\/types\/page"}],"author":[{"embeddable":true,"href":"https:\/\/www.bic.sk\/en\/wp-json\/wp\/v2\/users\/1"}],"replies":[{"embeddable":true,"href":"https:\/\/www.bic.sk\/en\/wp-json\/wp\/v2\/comments?post=45"}],"version-history":[{"count":25,"href":"https:\/\/www.bic.sk\/en\/wp-json\/wp\/v2\/pages\/45\/revisions"}],"predecessor-version":[{"id":1140,"href":"https:\/\/www.bic.sk\/en\/wp-json\/wp\/v2\/pages\/45\/revisions\/1140"}],"wp:attachment":[{"href":"https:\/\/www.bic.sk\/en\/wp-json\/wp\/v2\/media?parent=45"}],"curies":[{"name":"wp","href":"https:\/\/api.w.org\/{rel}","templated":true}]}}