{"id":278,"date":"2026-01-24T21:37:04","date_gmt":"2026-01-24T20:37:04","guid":{"rendered":"https:\/\/www.bic.sk\/?page_id=278"},"modified":"2026-02-03T11:26:30","modified_gmt":"2026-02-03T10:26:30","slug":"historia","status":"publish","type":"page","link":"https:\/\/www.bic.sk\/en\/historia","title":{"rendered":"Our history"},"content":{"rendered":"<div data-elementor-type=\"wp-page\" data-elementor-id=\"278\" class=\"elementor elementor-278\" data-elementor-post-type=\"page\">\n\t\t\t\t<div class=\"elementor-element elementor-element-2f5eb687 e-flex e-con-boxed e-con e-parent\" data-id=\"2f5eb687\" data-element_type=\"container\">\n\t\t\t\t\t<div class=\"e-con-inner\">\n\t\t\t\t<div class=\"elementor-element elementor-element-3fe022b8 elementor-widget elementor-widget-heading\" data-id=\"3fe022b8\" data-element_type=\"widget\" data-widget_type=\"heading.default\">\n\t\t\t\t\t<h1 class=\"elementor-heading-title elementor-size-default\">Our history<\/h1>\t\t\t\t<\/div>\n\t\t\t\t\t<\/div>\n\t\t\t\t<\/div>\n\t\t<div class=\"elementor-element elementor-element-7ade943 e-flex e-con-boxed e-con e-parent\" data-id=\"7ade943\" data-element_type=\"container\">\n\t\t\t\t\t<div class=\"e-con-inner\">\n\t\t<div class=\"elementor-element elementor-element-920c80b e-con-full e-flex e-con e-child\" data-id=\"920c80b\" data-element_type=\"container\">\n\t\t\t\t<div class=\"elementor-element elementor-element-c2fcea5 elementor-widget elementor-widget-html\" data-id=\"c2fcea5\" data-element_type=\"widget\" data-widget_type=\"html.default\">\n\t\t\t\t\t<div class=\"bic-history\">\n  <p class=\"bic-intro translation-block\"><strong>BIC Bratislava<\/strong> has been operating in Slovakia for more than <strong>30 years<\/strong>.\nDuring its existence, it has been involved in over <strong>70 Slovak and international projects<\/strong>,\nhelped establish more than <strong>200 international partnerships<\/strong>, and actively communicates with more than\n<strong>2,000 clients<\/strong> from both the academic and private sectors.<\/p>\n\n  <div class=\"bic-timeline\">\n    <div class=\"bic-tl-item\">\n      <div class=\"bic-year-circle\">1991<\/div>\n      <div class=\"bic-tl-content\">\n        Establishment of BIC Bratislava as the first Slovak institution with the purpose of supporting early-stage innovative enterprises.\n      <\/div>\n    <\/div>\n\n    <div class=\"bic-tl-item\">\n      <div class=\"bic-year-circle\">1992<\/div>\n      <div class=\"bic-tl-content\">\n        Establishment of the first business incubator in Slovakia.\n      <\/div>\n    <\/div>\n\n    <div class=\"bic-tl-item\">\n      <div class=\"bic-year-circle\">1997<\/div>\n      <div class=\"bic-tl-content\">\n        Coordinator of the Slovak representation of the European network of Innovation Relay Centres.\n      <\/div>\n    <\/div>\n\n    <div class=\"bic-tl-item\">\n      <div class=\"bic-year-circle\">2002<\/div>\n      <div class=\"bic-tl-content\">\n        Development of activities in the area of regional development with a focus on the preparation of Regional Innovation Strategies (RIS), active cooperation with regional self-governing authorities in Bratislava, Trnava, and Pre\u0161ov.\n      <\/div>\n    <\/div>\n\n    <div class=\"bic-tl-item\">\n      <div class=\"bic-year-circle\">2008<\/div>\n      <div class=\"bic-tl-content\">\n        Coordinator of Enterprise Europe Network in Slovakia \u2014 the largest network for the support of business, innovation, and research in Europe.\n      <\/div>\n    <\/div>\n\n    <div class=\"bic-tl-item\">\n      <div class=\"bic-year-circle\">2012<\/div>\n      <div class=\"bic-tl-content\">\n        Provision of services supporting technology transfer within the NITT SK project (National Infrastructure for Technology Transfer Support in Slovakia).\n      <\/div>\n    <\/div>\n\n    <div class=\"bic-tl-item\">\n      <div class=\"bic-year-circle\">2013<\/div>\n      <div class=\"bic-tl-content\">\n        Development of the smart specialisation strategy for the Bratislava Region and participation in the preparation of the national smart specialisation strategy (S3).\n      <\/div>\n    <\/div>\n\n    <div class=\"bic-tl-item\">\n      <div class=\"bic-year-circle\">2016<\/div>\n      <div class=\"bic-tl-content\">\n        25th anniversary of the establishment of BIC Bratislava.\n      <\/div>\n    <\/div>\n  <\/div>\n<\/div>\n\n<style>\n  .bic-history{max-width:900px}\n  .bic-intro{margin:0 0 22px; line-height:1.6}\n\n  .bic-timeline{\n    position:relative;\n    margin-top:10px;\n  }\n\n  \/* vertik\u00e1lna \u010diara *\/\n  .bic-timeline:before{\n    content:\"\";\n    position:absolute;\n    left:30px;           \/* stred kruhu (60px \/ 2) *\/\n    top:0;\n    bottom:0;\n    width:2px;\n    background:rgba(0,0,0,0.12);\n  }\n\n  .bic-tl-item{\n    position:relative;\n    display:flex;\n    gap:18px;\n    align-items:flex-start;\n    padding:12px 0;\n  }\n\n  .bic-year-circle{\n    width:60px;\n    height:60px;\n    border-radius:50%;\n    background:#7fb2e2;\n    color:#ffffff;\n    display:inline-flex;\n    align-items:center;\n    justify-content:center;\n    font-weight:700;\n    font-size:15px;\n    line-height:1;\n    letter-spacing:0.5px;\n    flex:0 0 60px;\n    z-index:1; \/* aby prekryl \u010diaru *\/\n  }\n\n  .bic-tl-content{\n    padding-top:6px; \/* jemn\u00e9 zarovnanie k stredu kruhu *\/\n    line-height:1.6;\n  }\n\n  \/* mobil \u2013 nech sa to pekne sklad\u00e1 *\/\n  @media (max-width: 767px){\n    .bic-timeline:before{left:26px}\n    .bic-year-circle{width:52px;height:52px;flex:0 0 52px;font-size:16px}\n  }\n<\/style>\n\t\t\t\t<\/div>\n\t\t\t\t<\/div>\n\t\t<div class=\"elementor-element elementor-element-b8c7804 e-con-full e-flex e-con e-child\" data-id=\"b8c7804\" data-element_type=\"container\">\n\t\t\t\t<div class=\"elementor-element elementor-element-5c76a30 elementor-widget elementor-widget-image\" data-id=\"5c76a30\" data-element_type=\"widget\" data-widget_type=\"image.default\">\n\t\t\t\t\t\t\t\t\t\t\t\t\t\t\t<img decoding=\"async\" src=\"https:\/\/www.bic.sk\/wp-content\/plugins\/elementor\/assets\/images\/placeholder.png\" title=\"\" alt=\"\" loading=\"lazy\" \/>\t\t\t\t\t\t\t\t\t\t\t\t\t\t\t<\/div>\n\t\t\t\t<\/div>\n\t\t\t\t\t<\/div>\n\t\t\t\t<\/div>\n\t\t\t\t<\/div>","protected":false},"excerpt":{"rendered":"<p>Hist\u00f3ria Spolo\u010dnos\u0165 BIC Bratislava p\u00f4sob\u00ed na Slovensku u\u017e viac ako 30 rokov. Po\u010das svojej existencie sa zapojila do vy\u0161e 70 slovensk\u00fdch aj medzin\u00e1rodn\u00fdch projektov, pomohla uzavrie\u0165 vy\u0161e 200 medzin\u00e1rodn\u00fdch partnerstiev [&hellip;]<\/p>","protected":false},"author":1,"featured_media":0,"parent":0,"menu_order":0,"comment_status":"closed","ping_status":"closed","template":"elementor_header_footer","meta":{"footnotes":""},"class_list":["post-278","page","type-page","status-publish","hentry"],"yoast_head":"<!-- This site is optimized with the Yoast SEO plugin v26.8 - https:\/\/yoast.com\/product\/yoast-seo-wordpress\/ -->\n<title>Hist\u00f3ria - BIC Bratislava<\/title>\n<meta name=\"robots\" content=\"index, follow, max-snippet:-1, max-image-preview:large, max-video-preview:-1\" \/>\n<link rel=\"canonical\" href=\"https:\/\/www.bic.sk\/en\/historia\/\" \/>\n<meta property=\"og:locale\" content=\"en_GB\" \/>\n<meta property=\"og:type\" content=\"article\" \/>\n<meta property=\"og:title\" content=\"Hist\u00f3ria - BIC Bratislava\" \/>\n<meta property=\"og:description\" content=\"Hist\u00f3ria Spolo\u010dnos\u0165 BIC Bratislava p\u00f4sob\u00ed na Slovensku u\u017e viac ako 30 rokov. Po\u010das svojej existencie sa zapojila do vy\u0161e 70 slovensk\u00fdch aj medzin\u00e1rodn\u00fdch projektov, pomohla uzavrie\u0165 vy\u0161e 200 medzin\u00e1rodn\u00fdch partnerstiev [&hellip;]\" \/>\n<meta property=\"og:url\" content=\"https:\/\/www.bic.sk\/en\/historia\/\" \/>\n<meta property=\"og:site_name\" content=\"BIC Bratislava\" \/>\n<meta property=\"article:modified_time\" content=\"2026-02-03T10:26:30+00:00\" \/>\n<meta property=\"og:image\" content=\"https:\/\/www.bic.sk\/wp-content\/plugins\/elementor\/assets\/images\/placeholder.png\" \/>\n<meta name=\"twitter:card\" content=\"summary_large_image\" \/>\n<meta name=\"twitter:label1\" content=\"Estimated reading time\" \/>\n\t<meta name=\"twitter:data1\" content=\"2 minutes\" \/>\n<script type=\"application\/ld+json\" class=\"yoast-schema-graph\">{\"@context\":\"https:\/\/schema.org\",\"@graph\":[{\"@type\":\"WebPage\",\"@id\":\"https:\/\/www.bic.sk\/historia\",\"url\":\"https:\/\/www.bic.sk\/historia\",\"name\":\"Hist\u00f3ria - BIC Bratislava\",\"isPartOf\":{\"@id\":\"https:\/\/www.bic.sk\/#website\"},\"primaryImageOfPage\":{\"@id\":\"https:\/\/www.bic.sk\/historia#primaryimage\"},\"image\":{\"@id\":\"https:\/\/www.bic.sk\/historia#primaryimage\"},\"thumbnailUrl\":\"https:\/\/www.bic.sk\/wp-content\/plugins\/elementor\/assets\/images\/placeholder.png\",\"datePublished\":\"2026-01-24T20:37:04+00:00\",\"dateModified\":\"2026-02-03T10:26:30+00:00\",\"breadcrumb\":{\"@id\":\"https:\/\/www.bic.sk\/historia#breadcrumb\"},\"inLanguage\":\"en-GB\",\"potentialAction\":[{\"@type\":\"ReadAction\",\"target\":[\"https:\/\/www.bic.sk\/historia\"]}]},{\"@type\":\"ImageObject\",\"inLanguage\":\"en-GB\",\"@id\":\"https:\/\/www.bic.sk\/historia#primaryimage\",\"url\":\"https:\/\/www.bic.sk\/wp-content\/plugins\/elementor\/assets\/images\/placeholder.png\",\"contentUrl\":\"https:\/\/www.bic.sk\/wp-content\/plugins\/elementor\/assets\/images\/placeholder.png\"},{\"@type\":\"BreadcrumbList\",\"@id\":\"https:\/\/www.bic.sk\/historia#breadcrumb\",\"itemListElement\":[{\"@type\":\"ListItem\",\"position\":1,\"name\":\"Domovsk\u00e1 str\u00e1nka\",\"item\":\"https:\/\/www.bic.sk\/\"},{\"@type\":\"ListItem\",\"position\":2,\"name\":\"Hist\u00f3ria\"}]},{\"@type\":\"WebSite\",\"@id\":\"https:\/\/www.bic.sk\/#website\",\"url\":\"https:\/\/www.bic.sk\/\",\"name\":\"BIC Bratislava\",\"description\":\"\",\"potentialAction\":[{\"@type\":\"SearchAction\",\"target\":{\"@type\":\"EntryPoint\",\"urlTemplate\":\"https:\/\/www.bic.sk\/?s={search_term_string}\"},\"query-input\":{\"@type\":\"PropertyValueSpecification\",\"valueRequired\":true,\"valueName\":\"search_term_string\"}}],\"inLanguage\":\"en-GB\"}]}<\/script>\n<!-- \/ Yoast SEO plugin. -->","yoast_head_json":{"title":"Hist\u00f3ria - BIC Bratislava","robots":{"index":"index","follow":"follow","max-snippet":"max-snippet:-1","max-image-preview":"max-image-preview:large","max-video-preview":"max-video-preview:-1"},"canonical":"https:\/\/www.bic.sk\/en\/historia\/","og_locale":"en_GB","og_type":"article","og_title":"Hist\u00f3ria - BIC Bratislava","og_description":"Hist\u00f3ria Spolo\u010dnos\u0165 BIC Bratislava p\u00f4sob\u00ed na Slovensku u\u017e viac ako 30 rokov. Po\u010das svojej existencie sa zapojila do vy\u0161e 70 slovensk\u00fdch aj medzin\u00e1rodn\u00fdch projektov, pomohla uzavrie\u0165 vy\u0161e 200 medzin\u00e1rodn\u00fdch partnerstiev [&hellip;]","og_url":"https:\/\/www.bic.sk\/en\/historia\/","og_site_name":"BIC Bratislava","article_modified_time":"2026-02-03T10:26:30+00:00","og_image":[{"url":"https:\/\/www.bic.sk\/wp-content\/plugins\/elementor\/assets\/images\/placeholder.png","type":"","width":"","height":""}],"twitter_card":"summary_large_image","twitter_misc":{"Estimated reading time":"2 minutes"},"schema":{"@context":"https:\/\/schema.org","@graph":[{"@type":"WebPage","@id":"https:\/\/www.bic.sk\/historia","url":"https:\/\/www.bic.sk\/historia","name":"Hist\u00f3ria - BIC Bratislava","isPartOf":{"@id":"https:\/\/www.bic.sk\/#website"},"primaryImageOfPage":{"@id":"https:\/\/www.bic.sk\/historia#primaryimage"},"image":{"@id":"https:\/\/www.bic.sk\/historia#primaryimage"},"thumbnailUrl":"https:\/\/www.bic.sk\/wp-content\/plugins\/elementor\/assets\/images\/placeholder.png","datePublished":"2026-01-24T20:37:04+00:00","dateModified":"2026-02-03T10:26:30+00:00","breadcrumb":{"@id":"https:\/\/www.bic.sk\/historia#breadcrumb"},"inLanguage":"en-GB","potentialAction":[{"@type":"ReadAction","target":["https:\/\/www.bic.sk\/historia"]}]},{"@type":"ImageObject","inLanguage":"en-GB","@id":"https:\/\/www.bic.sk\/historia#primaryimage","url":"https:\/\/www.bic.sk\/wp-content\/plugins\/elementor\/assets\/images\/placeholder.png","contentUrl":"https:\/\/www.bic.sk\/wp-content\/plugins\/elementor\/assets\/images\/placeholder.png"},{"@type":"BreadcrumbList","@id":"https:\/\/www.bic.sk\/historia#breadcrumb","itemListElement":[{"@type":"ListItem","position":1,"name":"Domovsk\u00e1 str\u00e1nka","item":"https:\/\/www.bic.sk\/"},{"@type":"ListItem","position":2,"name":"Hist\u00f3ria"}]},{"@type":"WebSite","@id":"https:\/\/www.bic.sk\/#website","url":"https:\/\/www.bic.sk\/","name":"BIC Bratislava","description":"","potentialAction":[{"@type":"SearchAction","target":{"@type":"EntryPoint","urlTemplate":"https:\/\/www.bic.sk\/?s={search_term_string}"},"query-input":{"@type":"PropertyValueSpecification","valueRequired":true,"valueName":"search_term_string"}}],"inLanguage":"en-GB"}]}},"_links":{"self":[{"href":"https:\/\/www.bic.sk\/en\/wp-json\/wp\/v2\/pages\/278","targetHints":{"allow":["GET"]}}],"collection":[{"href":"https:\/\/www.bic.sk\/en\/wp-json\/wp\/v2\/pages"}],"about":[{"href":"https:\/\/www.bic.sk\/en\/wp-json\/wp\/v2\/types\/page"}],"author":[{"embeddable":true,"href":"https:\/\/www.bic.sk\/en\/wp-json\/wp\/v2\/users\/1"}],"replies":[{"embeddable":true,"href":"https:\/\/www.bic.sk\/en\/wp-json\/wp\/v2\/comments?post=278"}],"version-history":[{"count":10,"href":"https:\/\/www.bic.sk\/en\/wp-json\/wp\/v2\/pages\/278\/revisions"}],"predecessor-version":[{"id":962,"href":"https:\/\/www.bic.sk\/en\/wp-json\/wp\/v2\/pages\/278\/revisions\/962"}],"wp:attachment":[{"href":"https:\/\/www.bic.sk\/en\/wp-json\/wp\/v2\/media?parent=278"}],"curies":[{"name":"wp","href":"https:\/\/api.w.org\/{rel}","templated":true}]}}