{"id":243,"date":"2026-01-24T21:12:25","date_gmt":"2026-01-24T20:12:25","guid":{"rendered":"https:\/\/www.bic.sk\/?page_id=243"},"modified":"2026-03-05T22:21:35","modified_gmt":"2026-03-05T21:21:35","slug":"financovanie-vyskumu-a-inovacii","status":"publish","type":"page","link":"https:\/\/www.bic.sk\/en\/financovanie-vyskumu-a-inovacii","title":{"rendered":"Research and Innovation Funding"},"content":{"rendered":"<div data-elementor-type=\"wp-page\" data-elementor-id=\"243\" class=\"elementor elementor-243\" data-elementor-post-type=\"page\">\n\t\t\t\t<div class=\"elementor-element elementor-element-a51b1f9 e-flex e-con-boxed e-con e-parent\" data-id=\"a51b1f9\" data-element_type=\"container\">\n\t\t\t\t\t<div class=\"e-con-inner\">\n\t\t\t\t<div class=\"elementor-element elementor-element-7c6df917 elementor-widget elementor-widget-heading\" data-id=\"7c6df917\" data-element_type=\"widget\" data-widget_type=\"heading.default\">\n\t\t\t\t\t<h1 class=\"elementor-heading-title elementor-size-default\">Research and Innovation Funding<\/h1>\t\t\t\t<\/div>\n\t\t\t\t\t<\/div>\n\t\t\t\t<\/div>\n\t\t<div class=\"elementor-element elementor-element-6c2a99f e-flex e-con-boxed e-con e-parent\" data-id=\"6c2a99f\" data-element_type=\"container\">\n\t\t\t\t\t<div class=\"e-con-inner\">\n\t\t<div class=\"elementor-element elementor-element-7c3582c e-con-full e-flex e-con e-child\" data-id=\"7c3582c\" data-element_type=\"container\">\n\t\t\t\t<div class=\"elementor-element elementor-element-2f06f59 elementor-widget elementor-widget-text-editor\" data-id=\"2f06f59\" data-element_type=\"widget\" data-widget_type=\"text-editor.default\">\n\t\t\t\t\t\t\t\t\t<p>Funding for research and innovation is a key prerequisite for the creation and growth of competitive technologies, products and services. We help start-ups, innovative small and medium-sized enterprises, and research organisations navigate the complex system of public and blended finance and combine the available financial instruments effectively across the different stages of development. Our goal is to connect our clients\u2019 technological and business potential with suitable funding schemes at both national and European level.<\/p><p><strong>Our services include in particular:<\/strong><\/p><ul><li class=\"translation-block\"><strong>Mapping grant and support opportunities<\/strong><br>We identify relevant grants, vouchers and financial instruments according to the type of organisation, technological field and stage of project development. We monitor both national and European calls and help clients select those with the greatest chance of success.<br><br><\/li><li class=\"translation-block\"><strong>Developing a grant funding strategy<\/strong><br>We help create a longer-term strategy for financing research and innovation that takes into account technology development, market needs and investment readiness. We support a gradual transition from public funding to private sources.<br><br><\/li><li class=\"translation-block\"><strong>Combining public and private sources of funding<\/strong><br>We advise on how to combine grants, vouchers and public schemes effectively with private capital, loans or investment. We help clients prepare for funding that supports not only research, but also commercialisation and scaling.<br><br><\/li><li class=\"translation-block\"><strong>Hybrid financial instruments for innovative SMEs<\/strong><br>We have experience with instruments that combine grants and loans, grants and investment, or other forms of risk-sharing. We help clients understand their logic, benefits and obligations, and choose the most suitable form of funding according to their needs.<br><br><\/li><li class=\"translation-block\"><strong>European and national funding schemes<\/strong><br>We support clients in engaging with European programmes and national schemes focused on research, innovation and technological development. We help align project plans with the objectives of funding calls and the expectations of evaluators.<br><br><\/li><li class=\"translation-block\"><strong>Vouchers and innovation vouchers<\/strong><br>We provide guidance on making use of innovation vouchers and voucher schemes that support collaboration between businesses and research organisations. We help structure this cooperation so that it delivers genuine technological and market value.<br><br><\/li><li class=\"translation-block\"><strong>Project management and reporting<\/strong><br>We provide support throughout the implementation of publicly funded projects \u2013 from project management and milestone tracking to financial and narrative reporting. We help clients meet their obligations towards funding providers and minimise administrative risks.<br><br><\/li><li class=\"translation-block\"><strong>Linking research, innovation and the market<\/strong><br>We help clients turn research results into applicable innovations and prepare them for further funding, commercialisation or investor entry.<\/li><\/ul>\t\t\t\t\t\t\t\t<\/div>\n\t\t\t\t<div class=\"elementor-element elementor-element-55b71f0 elementor-align-left elementor-hidden-phone elementor-widget elementor-widget-global elementor-global-594 elementor-widget-button\" data-id=\"55b71f0\" data-element_type=\"widget\" data-widget_type=\"button.default\">\n\t\t\t\t\t\t\t\t\t\t<a class=\"elementor-button elementor-button-link elementor-size-md\" href=\"https:\/\/www.bic.sk\/en\/kontakt\/\">\n\t\t\t\t\t\t<span class=\"elementor-button-content-wrapper\">\n\t\t\t\t\t\t<span class=\"elementor-button-icon\">\n\t\t\t\t<svg aria-hidden=\"true\" class=\"e-font-icon-svg e-fas-long-arrow-alt-right\" viewbox=\"0 0 448 512\" xmlns=\"http:\/\/www.w3.org\/2000\/svg\"><path d=\"M313.941 216H12c-6.627 0-12 5.373-12 12v56c0 6.627 5.373 12 12 12h301.941v46.059c0 21.382 25.851 32.09 40.971 16.971l86.059-86.059c9.373-9.373 9.373-24.569 0-33.941l-86.059-86.059c-15.119-15.119-40.971-4.411-40.971 16.971V216z\"><\/path><\/svg>\t\t\t<\/span>\n\t\t\t\t\t\t\t\t\t<span class=\"elementor-button-text\">Contact us<\/span>\n\t\t\t\t\t<\/span>\n\t\t\t\t\t<\/a>\n\t\t\t\t\t\t\t\t<\/div>\n\t\t\t\t<\/div>\n\t\t<div class=\"elementor-element elementor-element-0f1d9f0 e-con-full e-flex e-con e-child\" data-id=\"0f1d9f0\" data-element_type=\"container\">\n\t\t\t\t<div class=\"elementor-element elementor-element-4195e40f elementor-widget elementor-widget-image\" data-id=\"4195e40f\" data-element_type=\"widget\" data-widget_type=\"image.default\">\n\t\t\t\t\t\t\t\t\t\t\t\t\t\t\t<img fetchpriority=\"high\" decoding=\"async\" width=\"800\" height=\"534\" src=\"https:\/\/www.bic.sk\/wp-content\/uploads\/2026\/01\/Financovanie-vyskumu-a-inovacii-1024x683.jpg\" class=\"attachment-large size-large wp-image-513\" alt=\"\" srcset=\"https:\/\/www.bic.sk\/wp-content\/uploads\/2026\/01\/Financovanie-vyskumu-a-inovacii-1024x683.jpg 1024w, https:\/\/www.bic.sk\/wp-content\/uploads\/2026\/01\/Financovanie-vyskumu-a-inovacii-300x200.jpg 300w, https:\/\/www.bic.sk\/wp-content\/uploads\/2026\/01\/Financovanie-vyskumu-a-inovacii-768x512.jpg 768w, https:\/\/www.bic.sk\/wp-content\/uploads\/2026\/01\/Financovanie-vyskumu-a-inovacii.jpg 1200w\" sizes=\"(max-width: 800px) 100vw, 800px\" \/>\t\t\t\t\t\t\t\t\t\t\t\t\t\t\t<\/div>\n\t\t\t\t<div class=\"elementor-element elementor-element-5685b42e elementor-widget elementor-widget-heading\" data-id=\"5685b42e\" data-element_type=\"widget\" data-widget_type=\"heading.default\">\n\t\t\t\t\t<h3 class=\"elementor-heading-title elementor-size-default\">Discover our other services:<\/h3>\t\t\t\t<\/div>\n\t\t\t\t<div class=\"elementor-element elementor-element-45b5ffc4 sidebar-menu elementor-nav-menu--dropdown-tablet elementor-nav-menu__text-align-aside elementor-nav-menu--toggle elementor-nav-menu--burger elementor-widget elementor-widget-nav-menu\" data-id=\"45b5ffc4\" data-element_type=\"widget\" data-settings=\"{&quot;layout&quot;:&quot;vertical&quot;,&quot;submenu_icon&quot;:{&quot;value&quot;:&quot;&lt;i aria-hidden=\\&quot;true\\&quot; class=\\&quot;\\&quot;&gt;&lt;\\\/i&gt;&quot;,&quot;library&quot;:&quot;&quot;},&quot;toggle&quot;:&quot;burger&quot;}\" data-widget_type=\"nav-menu.default\">\n\t\t\t\t\t\t\t\t<nav aria-label=\"Menu\" class=\"elementor-nav-menu--main elementor-nav-menu__container elementor-nav-menu--layout-vertical e--pointer-none\">\n\t\t\t\t<ul id=\"menu-1-45b5ffc4\" class=\"elementor-nav-menu sm-vertical\"><li class=\"menu-item menu-item-type-post_type menu-item-object-page menu-item-1043\"><a href=\"https:\/\/www.bic.sk\/en\/medzinarodna-spolupraca\" class=\"elementor-item\">International Cooperation<\/a><\/li>\n<li class=\"menu-item menu-item-type-post_type menu-item-object-page menu-item-1044\"><a href=\"https:\/\/www.bic.sk\/en\/europske-a-narodne-granty\" class=\"elementor-item\">European &amp; National Grants<\/a><\/li>\n<li class=\"menu-item menu-item-type-post_type menu-item-object-page menu-item-407\"><a href=\"https:\/\/www.bic.sk\/en\/podnikatelske-plany-a-strategie\" class=\"elementor-item\">Business Plans &amp; Strategies<\/a><\/li>\n<li class=\"menu-item menu-item-type-post_type menu-item-object-page menu-item-408\"><a href=\"https:\/\/www.bic.sk\/en\/uverove-a-investicne-financovanie\" class=\"elementor-item\">Loan &amp; Investment Funding<\/a><\/li>\n<li class=\"menu-item menu-item-type-post_type menu-item-object-page menu-item-1045\"><a href=\"https:\/\/www.bic.sk\/en\/startupy\" class=\"elementor-item\">Startups<\/a><\/li>\n<li class=\"menu-item menu-item-type-post_type menu-item-object-page menu-item-337\"><a href=\"https:\/\/www.bic.sk\/en\/financovanie-vyskumu-a-inovacii\" class=\"elementor-item\">Research and Innovation Funding<\/a><\/li>\n<li class=\"menu-item menu-item-type-post_type menu-item-object-page menu-item-339\"><a href=\"https:\/\/www.bic.sk\/en\/inovacne-strategie\" class=\"elementor-item\">Innovation Strategies<\/a><\/li>\n<li class=\"menu-item menu-item-type-post_type menu-item-object-page menu-item-338\"><a href=\"https:\/\/www.bic.sk\/en\/riadenie-inovacii\" class=\"elementor-item\">Innovation Management<\/a><\/li>\n<li class=\"menu-item menu-item-type-post_type menu-item-object-page menu-item-340\"><a href=\"https:\/\/www.bic.sk\/en\/prava-dusevneho-vlastnictva\" class=\"elementor-item\">Intellectual Property Rights<\/a><\/li>\n<li class=\"menu-item menu-item-type-post_type menu-item-object-page menu-item-341\"><a href=\"https:\/\/www.bic.sk\/en\/transfer-technologii\" class=\"elementor-item\">Technology Transfer<\/a><\/li>\n<\/ul>\t\t\t<\/nav>\n\t\t\t\t\t<div class=\"elementor-menu-toggle\" role=\"button\" tabindex=\"0\" aria-label=\"Menu Toggle\" aria-expanded=\"false\">\n\t\t\t<svg aria-hidden=\"true\" role=\"presentation\" class=\"elementor-menu-toggle__icon--open e-font-icon-svg e-eicon-menu-bar\" viewbox=\"0 0 1000 1000\" xmlns=\"http:\/\/www.w3.org\/2000\/svg\"><path d=\"M104 333H896C929 333 958 304 958 271S929 208 896 208H104C71 208 42 237 42 271S71 333 104 333ZM104 583H896C929 583 958 554 958 521S929 458 896 458H104C71 458 42 487 42 521S71 583 104 583ZM104 833H896C929 833 958 804 958 771S929 708 896 708H104C71 708 42 737 42 771S71 833 104 833Z\"><\/path><\/svg><svg aria-hidden=\"true\" role=\"presentation\" class=\"elementor-menu-toggle__icon--close e-font-icon-svg e-eicon-close\" viewbox=\"0 0 1000 1000\" xmlns=\"http:\/\/www.w3.org\/2000\/svg\"><path d=\"M742 167L500 408 258 167C246 154 233 150 217 150 196 150 179 158 167 167 154 179 150 196 150 212 150 229 154 242 171 254L408 500 167 742C138 771 138 800 167 829 196 858 225 858 254 829L496 587 738 829C750 842 767 846 783 846 800 846 817 842 829 829 842 817 846 804 846 783 846 767 842 750 829 737L588 500 833 258C863 229 863 200 833 171 804 137 775 137 742 167Z\"><\/path><\/svg>\t\t<\/div>\n\t\t\t\t\t<nav class=\"elementor-nav-menu--dropdown elementor-nav-menu__container\" aria-hidden=\"true\">\n\t\t\t\t<ul id=\"menu-2-45b5ffc4\" class=\"elementor-nav-menu sm-vertical\"><li class=\"menu-item menu-item-type-post_type menu-item-object-page menu-item-1043\"><a href=\"https:\/\/www.bic.sk\/en\/medzinarodna-spolupraca\" class=\"elementor-item\" tabindex=\"-1\">International Cooperation<\/a><\/li>\n<li class=\"menu-item menu-item-type-post_type menu-item-object-page menu-item-1044\"><a href=\"https:\/\/www.bic.sk\/en\/europske-a-narodne-granty\" class=\"elementor-item\" tabindex=\"-1\">European &amp; National Grants<\/a><\/li>\n<li class=\"menu-item menu-item-type-post_type menu-item-object-page menu-item-407\"><a href=\"https:\/\/www.bic.sk\/en\/podnikatelske-plany-a-strategie\" class=\"elementor-item\" tabindex=\"-1\">Business Plans &amp; Strategies<\/a><\/li>\n<li class=\"menu-item menu-item-type-post_type menu-item-object-page menu-item-408\"><a href=\"https:\/\/www.bic.sk\/en\/uverove-a-investicne-financovanie\" class=\"elementor-item\" tabindex=\"-1\">Loan &amp; Investment Funding<\/a><\/li>\n<li class=\"menu-item menu-item-type-post_type menu-item-object-page menu-item-1045\"><a href=\"https:\/\/www.bic.sk\/en\/startupy\" class=\"elementor-item\" tabindex=\"-1\">Startups<\/a><\/li>\n<li class=\"menu-item menu-item-type-post_type menu-item-object-page menu-item-337\"><a href=\"https:\/\/www.bic.sk\/en\/financovanie-vyskumu-a-inovacii\" class=\"elementor-item\" tabindex=\"-1\">Research and Innovation Funding<\/a><\/li>\n<li class=\"menu-item menu-item-type-post_type menu-item-object-page menu-item-339\"><a href=\"https:\/\/www.bic.sk\/en\/inovacne-strategie\" class=\"elementor-item\" tabindex=\"-1\">Innovation Strategies<\/a><\/li>\n<li class=\"menu-item menu-item-type-post_type menu-item-object-page menu-item-338\"><a href=\"https:\/\/www.bic.sk\/en\/riadenie-inovacii\" class=\"elementor-item\" tabindex=\"-1\">Innovation Management<\/a><\/li>\n<li class=\"menu-item menu-item-type-post_type menu-item-object-page menu-item-340\"><a href=\"https:\/\/www.bic.sk\/en\/prava-dusevneho-vlastnictva\" class=\"elementor-item\" tabindex=\"-1\">Intellectual Property Rights<\/a><\/li>\n<li class=\"menu-item menu-item-type-post_type menu-item-object-page menu-item-341\"><a href=\"https:\/\/www.bic.sk\/en\/transfer-technologii\" class=\"elementor-item\" tabindex=\"-1\">Technology Transfer<\/a><\/li>\n<\/ul>\t\t\t<\/nav>\n\t\t\t\t\t\t<\/div>\n\t\t\t\t<\/div>\n\t\t\t\t\t<\/div>\n\t\t\t\t<\/div>\n\t\t\t\t<\/div>","protected":false},"excerpt":{"rendered":"<p>Financovanie v\u00fdskumu a inov\u00e1ci\u00ed Financovanie v\u00fdskumu a inov\u00e1ci\u00ed je k\u013e\u00fa\u010dov\u00fdm predpokladom pre vznik a rast konkurencieschopn\u00fdch technol\u00f3gi\u00ed, produktov a slu\u017eieb. Pom\u00e1hame startupom, inovat\u00edvnym mal\u00fdm a stredn\u00fdm podnikom aj v\u00fdskumn\u00fdm organiz\u00e1ci\u00e1m [&hellip;]<\/p>","protected":false},"author":1,"featured_media":0,"parent":0,"menu_order":0,"comment_status":"closed","ping_status":"closed","template":"elementor_header_footer","meta":{"footnotes":""},"class_list":["post-243","page","type-page","status-publish","hentry"],"yoast_head":"<!-- This site is optimized with the Yoast SEO plugin v26.8 - https:\/\/yoast.com\/product\/yoast-seo-wordpress\/ -->\n<title>Financovanie v\u00fdskumu a inov\u00e1ci\u00ed - BIC Bratislava<\/title>\n<meta name=\"robots\" content=\"index, follow, max-snippet:-1, max-image-preview:large, max-video-preview:-1\" \/>\n<link rel=\"canonical\" href=\"https:\/\/www.bic.sk\/en\/financovanie-vyskumu-a-inovacii\/\" \/>\n<meta property=\"og:locale\" content=\"en_GB\" \/>\n<meta property=\"og:type\" content=\"article\" \/>\n<meta property=\"og:title\" content=\"Financovanie v\u00fdskumu a inov\u00e1ci\u00ed - BIC Bratislava\" \/>\n<meta property=\"og:description\" content=\"Financovanie v\u00fdskumu a inov\u00e1ci\u00ed Financovanie v\u00fdskumu a inov\u00e1ci\u00ed je k\u013e\u00fa\u010dov\u00fdm predpokladom pre vznik a rast konkurencieschopn\u00fdch technol\u00f3gi\u00ed, produktov a slu\u017eieb. Pom\u00e1hame startupom, inovat\u00edvnym mal\u00fdm a stredn\u00fdm podnikom aj v\u00fdskumn\u00fdm organiz\u00e1ci\u00e1m [&hellip;]\" \/>\n<meta property=\"og:url\" content=\"https:\/\/www.bic.sk\/en\/financovanie-vyskumu-a-inovacii\/\" \/>\n<meta property=\"og:site_name\" content=\"BIC Bratislava\" \/>\n<meta property=\"article:modified_time\" content=\"2026-03-05T21:21:35+00:00\" \/>\n<meta property=\"og:image\" content=\"https:\/\/www.bic.sk\/wp-content\/uploads\/2026\/01\/Financovanie-vyskumu-a-inovacii.jpg\" \/>\n\t<meta property=\"og:image:width\" content=\"1200\" \/>\n\t<meta property=\"og:image:height\" content=\"800\" \/>\n\t<meta property=\"og:image:type\" content=\"image\/jpeg\" \/>\n<meta name=\"twitter:card\" content=\"summary_large_image\" \/>\n<meta name=\"twitter:label1\" content=\"Estimated reading time\" \/>\n\t<meta name=\"twitter:data1\" content=\"3 minutes\" \/>\n<script type=\"application\/ld+json\" class=\"yoast-schema-graph\">{\"@context\":\"https:\/\/schema.org\",\"@graph\":[{\"@type\":\"WebPage\",\"@id\":\"https:\/\/www.bic.sk\/financovanie-vyskumu-a-inovacii\",\"url\":\"https:\/\/www.bic.sk\/financovanie-vyskumu-a-inovacii\",\"name\":\"Financovanie v\u00fdskumu a inov\u00e1ci\u00ed - BIC Bratislava\",\"isPartOf\":{\"@id\":\"https:\/\/www.bic.sk\/#website\"},\"primaryImageOfPage\":{\"@id\":\"https:\/\/www.bic.sk\/financovanie-vyskumu-a-inovacii#primaryimage\"},\"image\":{\"@id\":\"https:\/\/www.bic.sk\/financovanie-vyskumu-a-inovacii#primaryimage\"},\"thumbnailUrl\":\"https:\/\/www.bic.sk\/wp-content\/uploads\/2026\/01\/Financovanie-vyskumu-a-inovacii-1024x683.jpg\",\"datePublished\":\"2026-01-24T20:12:25+00:00\",\"dateModified\":\"2026-03-05T21:21:35+00:00\",\"breadcrumb\":{\"@id\":\"https:\/\/www.bic.sk\/financovanie-vyskumu-a-inovacii#breadcrumb\"},\"inLanguage\":\"en-GB\",\"potentialAction\":[{\"@type\":\"ReadAction\",\"target\":[\"https:\/\/www.bic.sk\/financovanie-vyskumu-a-inovacii\"]}]},{\"@type\":\"ImageObject\",\"inLanguage\":\"en-GB\",\"@id\":\"https:\/\/www.bic.sk\/financovanie-vyskumu-a-inovacii#primaryimage\",\"url\":\"https:\/\/www.bic.sk\/wp-content\/uploads\/2026\/01\/Financovanie-vyskumu-a-inovacii-1024x683.jpg\",\"contentUrl\":\"https:\/\/www.bic.sk\/wp-content\/uploads\/2026\/01\/Financovanie-vyskumu-a-inovacii-1024x683.jpg\"},{\"@type\":\"BreadcrumbList\",\"@id\":\"https:\/\/www.bic.sk\/financovanie-vyskumu-a-inovacii#breadcrumb\",\"itemListElement\":[{\"@type\":\"ListItem\",\"position\":1,\"name\":\"Domovsk\u00e1 str\u00e1nka\",\"item\":\"https:\/\/www.bic.sk\/\"},{\"@type\":\"ListItem\",\"position\":2,\"name\":\"Financovanie v\u00fdskumu a inov\u00e1ci\u00ed\"}]},{\"@type\":\"WebSite\",\"@id\":\"https:\/\/www.bic.sk\/#website\",\"url\":\"https:\/\/www.bic.sk\/\",\"name\":\"BIC Bratislava\",\"description\":\"\",\"potentialAction\":[{\"@type\":\"SearchAction\",\"target\":{\"@type\":\"EntryPoint\",\"urlTemplate\":\"https:\/\/www.bic.sk\/?s={search_term_string}\"},\"query-input\":{\"@type\":\"PropertyValueSpecification\",\"valueRequired\":true,\"valueName\":\"search_term_string\"}}],\"inLanguage\":\"en-GB\"}]}<\/script>\n<!-- \/ Yoast SEO plugin. -->","yoast_head_json":{"title":"Financovanie v\u00fdskumu a inov\u00e1ci\u00ed - BIC Bratislava","robots":{"index":"index","follow":"follow","max-snippet":"max-snippet:-1","max-image-preview":"max-image-preview:large","max-video-preview":"max-video-preview:-1"},"canonical":"https:\/\/www.bic.sk\/en\/financovanie-vyskumu-a-inovacii\/","og_locale":"en_GB","og_type":"article","og_title":"Financovanie v\u00fdskumu a inov\u00e1ci\u00ed - BIC Bratislava","og_description":"Financovanie v\u00fdskumu a inov\u00e1ci\u00ed Financovanie v\u00fdskumu a inov\u00e1ci\u00ed je k\u013e\u00fa\u010dov\u00fdm predpokladom pre vznik a rast konkurencieschopn\u00fdch technol\u00f3gi\u00ed, produktov a slu\u017eieb. Pom\u00e1hame startupom, inovat\u00edvnym mal\u00fdm a stredn\u00fdm podnikom aj v\u00fdskumn\u00fdm organiz\u00e1ci\u00e1m [&hellip;]","og_url":"https:\/\/www.bic.sk\/en\/financovanie-vyskumu-a-inovacii\/","og_site_name":"BIC Bratislava","article_modified_time":"2026-03-05T21:21:35+00:00","og_image":[{"width":1200,"height":800,"url":"https:\/\/www.bic.sk\/wp-content\/uploads\/2026\/01\/Financovanie-vyskumu-a-inovacii.jpg","type":"image\/jpeg"}],"twitter_card":"summary_large_image","twitter_misc":{"Estimated reading time":"3 minutes"},"schema":{"@context":"https:\/\/schema.org","@graph":[{"@type":"WebPage","@id":"https:\/\/www.bic.sk\/financovanie-vyskumu-a-inovacii","url":"https:\/\/www.bic.sk\/financovanie-vyskumu-a-inovacii","name":"Financovanie v\u00fdskumu a inov\u00e1ci\u00ed - BIC Bratislava","isPartOf":{"@id":"https:\/\/www.bic.sk\/#website"},"primaryImageOfPage":{"@id":"https:\/\/www.bic.sk\/financovanie-vyskumu-a-inovacii#primaryimage"},"image":{"@id":"https:\/\/www.bic.sk\/financovanie-vyskumu-a-inovacii#primaryimage"},"thumbnailUrl":"https:\/\/www.bic.sk\/wp-content\/uploads\/2026\/01\/Financovanie-vyskumu-a-inovacii-1024x683.jpg","datePublished":"2026-01-24T20:12:25+00:00","dateModified":"2026-03-05T21:21:35+00:00","breadcrumb":{"@id":"https:\/\/www.bic.sk\/financovanie-vyskumu-a-inovacii#breadcrumb"},"inLanguage":"en-GB","potentialAction":[{"@type":"ReadAction","target":["https:\/\/www.bic.sk\/financovanie-vyskumu-a-inovacii"]}]},{"@type":"ImageObject","inLanguage":"en-GB","@id":"https:\/\/www.bic.sk\/financovanie-vyskumu-a-inovacii#primaryimage","url":"https:\/\/www.bic.sk\/wp-content\/uploads\/2026\/01\/Financovanie-vyskumu-a-inovacii-1024x683.jpg","contentUrl":"https:\/\/www.bic.sk\/wp-content\/uploads\/2026\/01\/Financovanie-vyskumu-a-inovacii-1024x683.jpg"},{"@type":"BreadcrumbList","@id":"https:\/\/www.bic.sk\/financovanie-vyskumu-a-inovacii#breadcrumb","itemListElement":[{"@type":"ListItem","position":1,"name":"Domovsk\u00e1 str\u00e1nka","item":"https:\/\/www.bic.sk\/"},{"@type":"ListItem","position":2,"name":"Financovanie v\u00fdskumu a inov\u00e1ci\u00ed"}]},{"@type":"WebSite","@id":"https:\/\/www.bic.sk\/#website","url":"https:\/\/www.bic.sk\/","name":"BIC Bratislava","description":"","potentialAction":[{"@type":"SearchAction","target":{"@type":"EntryPoint","urlTemplate":"https:\/\/www.bic.sk\/?s={search_term_string}"},"query-input":{"@type":"PropertyValueSpecification","valueRequired":true,"valueName":"search_term_string"}}],"inLanguage":"en-GB"}]}},"_links":{"self":[{"href":"https:\/\/www.bic.sk\/en\/wp-json\/wp\/v2\/pages\/243","targetHints":{"allow":["GET"]}}],"collection":[{"href":"https:\/\/www.bic.sk\/en\/wp-json\/wp\/v2\/pages"}],"about":[{"href":"https:\/\/www.bic.sk\/en\/wp-json\/wp\/v2\/types\/page"}],"author":[{"embeddable":true,"href":"https:\/\/www.bic.sk\/en\/wp-json\/wp\/v2\/users\/1"}],"replies":[{"embeddable":true,"href":"https:\/\/www.bic.sk\/en\/wp-json\/wp\/v2\/comments?post=243"}],"version-history":[{"count":25,"href":"https:\/\/www.bic.sk\/en\/wp-json\/wp\/v2\/pages\/243\/revisions"}],"predecessor-version":[{"id":1030,"href":"https:\/\/www.bic.sk\/en\/wp-json\/wp\/v2\/pages\/243\/revisions\/1030"}],"wp:attachment":[{"href":"https:\/\/www.bic.sk\/en\/wp-json\/wp\/v2\/media?parent=243"}],"curies":[{"name":"wp","href":"https:\/\/api.w.org\/{rel}","templated":true}]}}