{"id":223,"date":"2026-01-24T20:55:18","date_gmt":"2026-01-24T19:55:18","guid":{"rendered":"https:\/\/www.bic.sk\/?page_id=223"},"modified":"2026-03-05T22:48:32","modified_gmt":"2026-03-05T21:48:32","slug":"transfer-technologii","status":"publish","type":"page","link":"https:\/\/www.bic.sk\/en\/transfer-technologii","title":{"rendered":"Technology Transfer"},"content":{"rendered":"<div data-elementor-type=\"wp-page\" data-elementor-id=\"223\" class=\"elementor elementor-223\" data-elementor-post-type=\"page\">\n\t\t\t\t<div class=\"elementor-element elementor-element-4b6c7e7a e-flex e-con-boxed e-con e-parent\" data-id=\"4b6c7e7a\" data-element_type=\"container\">\n\t\t\t\t\t<div class=\"e-con-inner\">\n\t\t\t\t<div class=\"elementor-element elementor-element-515c2527 elementor-widget elementor-widget-heading\" data-id=\"515c2527\" data-element_type=\"widget\" data-widget_type=\"heading.default\">\n\t\t\t\t\t<h1 class=\"elementor-heading-title elementor-size-default\">Technology Transfer\n<\/h1>\t\t\t\t<\/div>\n\t\t\t\t\t<\/div>\n\t\t\t\t<\/div>\n\t\t<div class=\"elementor-element elementor-element-069444d e-flex e-con-boxed e-con e-parent\" data-id=\"069444d\" data-element_type=\"container\">\n\t\t\t\t\t<div class=\"e-con-inner\">\n\t\t<div class=\"elementor-element elementor-element-376dd55 e-con-full e-flex e-con e-child\" data-id=\"376dd55\" data-element_type=\"container\">\n\t\t\t\t<div class=\"elementor-element elementor-element-daf5a01 elementor-widget elementor-widget-text-editor\" data-id=\"daf5a01\" data-element_type=\"widget\" data-widget_type=\"text-editor.default\">\n\t\t\t\t\t\t\t\t\t<p class=\"translation-block\">We have long been helping research institutions, universities and innovative companies in Slovakia <strong>turn ideas, research and technologies into real market solutions<\/strong> and successfully bring them to the European technology market.<\/p><p>We provide comprehensive support that connects science, research and business practice. Our goal is to ensure that the potential created in laboratories reaches companies, customers and investors, and finds practical application in the European technology market.<\/p><p><strong>In the area of technology transfer, we focus primarily on:<\/strong><\/p><ul><li class=\"translation-block\"><strong>Identification and Selection of Innovative Technologies and Products<\/strong><br>\nWe identify solutions with real market potential and support their implementation into business practice.<br><br><\/li><li class=\"translation-block\"><strong>Transfer of Research and Development Results into the Economy<\/strong><br>\nWe facilitate the transfer of know-how from technical universities, research institutions, and the Slovak Academy of Sciences into practice, with a primary focus on <strong>small and medium-sized enterprises<\/strong>.<br><br><\/li><li class=\"translation-block\"><strong>Active Partner Search for Technology Transfer and Know-How<\/strong><br>\nWe connect developers, research teams, and companies with suitable technological, commercial, and strategic partners both domestically and abroad.<br><br><\/li><li class=\"translation-block\"><strong>Technological Diagnostics of Companies<\/strong><br>\nWe help companies identify their technological potential, strengths, and areas for further innovation development.<br><br><\/li><li class=\"translation-block\"><strong>Intellectual Property Rights Protection<\/strong><br>\nWe advise on how to protect technologies, solutions, and know-how prior to market entry.<br><br><\/li><li class=\"translation-block\"><strong>Innovation Management Support<\/strong><br>\nWe help companies establish innovation management processes that are systematic, effective, and sustainable.<br><br><\/li><\/ul><p class=\"translation-block\">We also support technology transfer through <strong>international events and matchmaking meetings<\/strong> within the <strong>Enterprise Europe Network<\/strong>. Companies can also present their solutions through an electronic system of technology offers and requests, and respond to specific market needs.<\/p><p>Would you like to find out how your research, technology, or innovative solution can find its place on the market? Contact us \u2014 we will be happy to help.<\/p>\t\t\t\t\t\t\t\t<\/div>\n\t\t\t\t<div class=\"elementor-element elementor-element-de2f343 elementor-align-left elementor-hidden-phone elementor-widget elementor-widget-global elementor-global-594 elementor-widget-button\" data-id=\"de2f343\" data-element_type=\"widget\" data-widget_type=\"button.default\">\n\t\t\t\t\t\t\t\t\t\t<a class=\"elementor-button elementor-button-link elementor-size-md\" href=\"https:\/\/www.bic.sk\/en\/kontakt\/\">\n\t\t\t\t\t\t<span class=\"elementor-button-content-wrapper\">\n\t\t\t\t\t\t<span class=\"elementor-button-icon\">\n\t\t\t\t<svg aria-hidden=\"true\" class=\"e-font-icon-svg e-fas-long-arrow-alt-right\" viewbox=\"0 0 448 512\" xmlns=\"http:\/\/www.w3.org\/2000\/svg\"><path d=\"M313.941 216H12c-6.627 0-12 5.373-12 12v56c0 6.627 5.373 12 12 12h301.941v46.059c0 21.382 25.851 32.09 40.971 16.971l86.059-86.059c9.373-9.373 9.373-24.569 0-33.941l-86.059-86.059c-15.119-15.119-40.971-4.411-40.971 16.971V216z\"><\/path><\/svg>\t\t\t<\/span>\n\t\t\t\t\t\t\t\t\t<span class=\"elementor-button-text\">Contact us<\/span>\n\t\t\t\t\t<\/span>\n\t\t\t\t\t<\/a>\n\t\t\t\t\t\t\t\t<\/div>\n\t\t\t\t<\/div>\n\t\t<div class=\"elementor-element elementor-element-58c63fc e-con-full e-flex e-con e-child\" data-id=\"58c63fc\" data-element_type=\"container\">\n\t\t\t\t<div class=\"elementor-element elementor-element-61e7ce78 elementor-widget elementor-widget-image\" data-id=\"61e7ce78\" data-element_type=\"widget\" data-widget_type=\"image.default\">\n\t\t\t\t\t\t\t\t\t\t\t\t\t\t\t<img fetchpriority=\"high\" decoding=\"async\" width=\"800\" height=\"534\" src=\"https:\/\/www.bic.sk\/wp-content\/uploads\/2026\/01\/Transfer-technologii-1024x683.jpg\" class=\"attachment-large size-large wp-image-517\" alt=\"\" srcset=\"https:\/\/www.bic.sk\/wp-content\/uploads\/2026\/01\/Transfer-technologii-1024x683.jpg 1024w, https:\/\/www.bic.sk\/wp-content\/uploads\/2026\/01\/Transfer-technologii-300x200.jpg 300w, https:\/\/www.bic.sk\/wp-content\/uploads\/2026\/01\/Transfer-technologii-768x512.jpg 768w, https:\/\/www.bic.sk\/wp-content\/uploads\/2026\/01\/Transfer-technologii.jpg 1200w\" sizes=\"(max-width: 800px) 100vw, 800px\" \/>\t\t\t\t\t\t\t\t\t\t\t\t\t\t\t<\/div>\n\t\t\t\t<div class=\"elementor-element elementor-element-5d779eb1 elementor-widget elementor-widget-heading\" data-id=\"5d779eb1\" data-element_type=\"widget\" data-widget_type=\"heading.default\">\n\t\t\t\t\t<h3 class=\"elementor-heading-title elementor-size-default\">Discover our other services:<\/h3>\t\t\t\t<\/div>\n\t\t\t\t<div class=\"elementor-element elementor-element-19203af3 sidebar-menu elementor-nav-menu--dropdown-tablet elementor-nav-menu__text-align-aside elementor-nav-menu--toggle elementor-nav-menu--burger elementor-widget elementor-widget-nav-menu\" data-id=\"19203af3\" data-element_type=\"widget\" data-settings=\"{&quot;layout&quot;:&quot;vertical&quot;,&quot;submenu_icon&quot;:{&quot;value&quot;:&quot;&lt;i aria-hidden=\\&quot;true\\&quot; class=\\&quot;\\&quot;&gt;&lt;\\\/i&gt;&quot;,&quot;library&quot;:&quot;&quot;},&quot;toggle&quot;:&quot;burger&quot;}\" data-widget_type=\"nav-menu.default\">\n\t\t\t\t\t\t\t\t<nav aria-label=\"Menu\" class=\"elementor-nav-menu--main elementor-nav-menu__container elementor-nav-menu--layout-vertical e--pointer-none\">\n\t\t\t\t<ul id=\"menu-1-19203af3\" class=\"elementor-nav-menu sm-vertical\"><li class=\"menu-item menu-item-type-post_type menu-item-object-page menu-item-1043\"><a href=\"https:\/\/www.bic.sk\/en\/medzinarodna-spolupraca\" class=\"elementor-item\">International Cooperation<\/a><\/li>\n<li class=\"menu-item menu-item-type-post_type menu-item-object-page menu-item-1044\"><a href=\"https:\/\/www.bic.sk\/en\/europske-a-narodne-granty\" class=\"elementor-item\">European &amp; National Grants<\/a><\/li>\n<li class=\"menu-item menu-item-type-post_type menu-item-object-page menu-item-407\"><a href=\"https:\/\/www.bic.sk\/en\/podnikatelske-plany-a-strategie\" class=\"elementor-item\">Business Plans &amp; Strategies<\/a><\/li>\n<li class=\"menu-item menu-item-type-post_type menu-item-object-page menu-item-408\"><a href=\"https:\/\/www.bic.sk\/en\/uverove-a-investicne-financovanie\" class=\"elementor-item\">Loan &amp; Investment Funding<\/a><\/li>\n<li class=\"menu-item menu-item-type-post_type menu-item-object-page menu-item-1045\"><a href=\"https:\/\/www.bic.sk\/en\/startupy\" class=\"elementor-item\">Startups<\/a><\/li>\n<li class=\"menu-item menu-item-type-post_type menu-item-object-page menu-item-337\"><a href=\"https:\/\/www.bic.sk\/en\/financovanie-vyskumu-a-inovacii\" class=\"elementor-item\">Research and Innovation Funding<\/a><\/li>\n<li class=\"menu-item menu-item-type-post_type menu-item-object-page menu-item-339\"><a href=\"https:\/\/www.bic.sk\/en\/inovacne-strategie\" class=\"elementor-item\">Innovation Strategies<\/a><\/li>\n<li class=\"menu-item menu-item-type-post_type menu-item-object-page menu-item-338\"><a href=\"https:\/\/www.bic.sk\/en\/riadenie-inovacii\" class=\"elementor-item\">Innovation Management<\/a><\/li>\n<li class=\"menu-item menu-item-type-post_type menu-item-object-page menu-item-340\"><a href=\"https:\/\/www.bic.sk\/en\/prava-dusevneho-vlastnictva\" class=\"elementor-item\">Intellectual Property Rights<\/a><\/li>\n<li class=\"menu-item menu-item-type-post_type menu-item-object-page menu-item-341\"><a href=\"https:\/\/www.bic.sk\/en\/transfer-technologii\" class=\"elementor-item\">Technology Transfer<\/a><\/li>\n<\/ul>\t\t\t<\/nav>\n\t\t\t\t\t<div class=\"elementor-menu-toggle\" role=\"button\" tabindex=\"0\" aria-label=\"Menu Toggle\" aria-expanded=\"false\">\n\t\t\t<svg aria-hidden=\"true\" role=\"presentation\" class=\"elementor-menu-toggle__icon--open e-font-icon-svg e-eicon-menu-bar\" viewbox=\"0 0 1000 1000\" xmlns=\"http:\/\/www.w3.org\/2000\/svg\"><path d=\"M104 333H896C929 333 958 304 958 271S929 208 896 208H104C71 208 42 237 42 271S71 333 104 333ZM104 583H896C929 583 958 554 958 521S929 458 896 458H104C71 458 42 487 42 521S71 583 104 583ZM104 833H896C929 833 958 804 958 771S929 708 896 708H104C71 708 42 737 42 771S71 833 104 833Z\"><\/path><\/svg><svg aria-hidden=\"true\" role=\"presentation\" class=\"elementor-menu-toggle__icon--close e-font-icon-svg e-eicon-close\" viewbox=\"0 0 1000 1000\" xmlns=\"http:\/\/www.w3.org\/2000\/svg\"><path d=\"M742 167L500 408 258 167C246 154 233 150 217 150 196 150 179 158 167 167 154 179 150 196 150 212 150 229 154 242 171 254L408 500 167 742C138 771 138 800 167 829 196 858 225 858 254 829L496 587 738 829C750 842 767 846 783 846 800 846 817 842 829 829 842 817 846 804 846 783 846 767 842 750 829 737L588 500 833 258C863 229 863 200 833 171 804 137 775 137 742 167Z\"><\/path><\/svg>\t\t<\/div>\n\t\t\t\t\t<nav class=\"elementor-nav-menu--dropdown elementor-nav-menu__container\" aria-hidden=\"true\">\n\t\t\t\t<ul id=\"menu-2-19203af3\" class=\"elementor-nav-menu sm-vertical\"><li class=\"menu-item menu-item-type-post_type menu-item-object-page menu-item-1043\"><a href=\"https:\/\/www.bic.sk\/en\/medzinarodna-spolupraca\" class=\"elementor-item\" tabindex=\"-1\">International Cooperation<\/a><\/li>\n<li class=\"menu-item menu-item-type-post_type menu-item-object-page menu-item-1044\"><a href=\"https:\/\/www.bic.sk\/en\/europske-a-narodne-granty\" class=\"elementor-item\" tabindex=\"-1\">European &amp; National Grants<\/a><\/li>\n<li class=\"menu-item menu-item-type-post_type menu-item-object-page menu-item-407\"><a href=\"https:\/\/www.bic.sk\/en\/podnikatelske-plany-a-strategie\" class=\"elementor-item\" tabindex=\"-1\">Business Plans &amp; Strategies<\/a><\/li>\n<li class=\"menu-item menu-item-type-post_type menu-item-object-page menu-item-408\"><a href=\"https:\/\/www.bic.sk\/en\/uverove-a-investicne-financovanie\" class=\"elementor-item\" tabindex=\"-1\">Loan &amp; Investment Funding<\/a><\/li>\n<li class=\"menu-item menu-item-type-post_type menu-item-object-page menu-item-1045\"><a href=\"https:\/\/www.bic.sk\/en\/startupy\" class=\"elementor-item\" tabindex=\"-1\">Startups<\/a><\/li>\n<li class=\"menu-item menu-item-type-post_type menu-item-object-page menu-item-337\"><a href=\"https:\/\/www.bic.sk\/en\/financovanie-vyskumu-a-inovacii\" class=\"elementor-item\" tabindex=\"-1\">Research and Innovation Funding<\/a><\/li>\n<li class=\"menu-item menu-item-type-post_type menu-item-object-page menu-item-339\"><a href=\"https:\/\/www.bic.sk\/en\/inovacne-strategie\" class=\"elementor-item\" tabindex=\"-1\">Innovation Strategies<\/a><\/li>\n<li class=\"menu-item menu-item-type-post_type menu-item-object-page menu-item-338\"><a href=\"https:\/\/www.bic.sk\/en\/riadenie-inovacii\" class=\"elementor-item\" tabindex=\"-1\">Innovation Management<\/a><\/li>\n<li class=\"menu-item menu-item-type-post_type menu-item-object-page menu-item-340\"><a href=\"https:\/\/www.bic.sk\/en\/prava-dusevneho-vlastnictva\" class=\"elementor-item\" tabindex=\"-1\">Intellectual Property Rights<\/a><\/li>\n<li class=\"menu-item menu-item-type-post_type menu-item-object-page menu-item-341\"><a href=\"https:\/\/www.bic.sk\/en\/transfer-technologii\" class=\"elementor-item\" tabindex=\"-1\">Technology Transfer<\/a><\/li>\n<\/ul>\t\t\t<\/nav>\n\t\t\t\t\t\t<\/div>\n\t\t\t\t<\/div>\n\t\t\t\t\t<\/div>\n\t\t\t\t<\/div>\n\t\t\t\t<\/div>","protected":false},"excerpt":{"rendered":"<p>Transfer technol\u00f3gi\u00ed Dlhodobo pom\u00e1hame v\u00fdskumn\u00fdm in\u0161tit\u00faci\u00e1m, univerzit\u00e1m a inovat\u00edvnym firm\u00e1m na Slovensku premeni\u0165 n\u00e1pady, v\u00fdskum a technol\u00f3gie na re\u00e1lne trhov\u00e9 rie\u0161enia a \u00faspe\u0161ne ich uvies\u0165 na eur\u00f3psky technologick\u00fd trh. Poskytujeme [&hellip;]<\/p>","protected":false},"author":1,"featured_media":0,"parent":0,"menu_order":0,"comment_status":"closed","ping_status":"closed","template":"elementor_header_footer","meta":{"footnotes":""},"class_list":["post-223","page","type-page","status-publish","hentry"],"yoast_head":"<!-- This site is optimized with the Yoast SEO plugin v26.8 - https:\/\/yoast.com\/product\/yoast-seo-wordpress\/ -->\n<title>Transfer technol\u00f3gi\u00ed - BIC Bratislava<\/title>\n<meta name=\"robots\" content=\"index, follow, max-snippet:-1, max-image-preview:large, max-video-preview:-1\" \/>\n<link rel=\"canonical\" href=\"https:\/\/www.bic.sk\/en\/transfer-technologii\/\" \/>\n<meta property=\"og:locale\" content=\"en_GB\" \/>\n<meta property=\"og:type\" content=\"article\" \/>\n<meta property=\"og:title\" content=\"Transfer technol\u00f3gi\u00ed - BIC Bratislava\" \/>\n<meta property=\"og:description\" content=\"Transfer technol\u00f3gi\u00ed Dlhodobo pom\u00e1hame v\u00fdskumn\u00fdm in\u0161tit\u00faci\u00e1m, univerzit\u00e1m a inovat\u00edvnym firm\u00e1m na Slovensku premeni\u0165 n\u00e1pady, v\u00fdskum a technol\u00f3gie na re\u00e1lne trhov\u00e9 rie\u0161enia a \u00faspe\u0161ne ich uvies\u0165 na eur\u00f3psky technologick\u00fd trh. Poskytujeme [&hellip;]\" \/>\n<meta property=\"og:url\" content=\"https:\/\/www.bic.sk\/en\/transfer-technologii\/\" \/>\n<meta property=\"og:site_name\" content=\"BIC Bratislava\" \/>\n<meta property=\"article:modified_time\" content=\"2026-03-05T21:48:32+00:00\" \/>\n<meta property=\"og:image\" content=\"https:\/\/www.bic.sk\/wp-content\/uploads\/2026\/01\/Transfer-technologii.jpg\" \/>\n\t<meta property=\"og:image:width\" content=\"1200\" \/>\n\t<meta property=\"og:image:height\" content=\"800\" \/>\n\t<meta property=\"og:image:type\" content=\"image\/jpeg\" \/>\n<meta name=\"twitter:card\" content=\"summary_large_image\" \/>\n<meta name=\"twitter:label1\" content=\"Estimated reading time\" \/>\n\t<meta name=\"twitter:data1\" content=\"2 minutes\" \/>\n<script type=\"application\/ld+json\" class=\"yoast-schema-graph\">{\"@context\":\"https:\/\/schema.org\",\"@graph\":[{\"@type\":\"WebPage\",\"@id\":\"https:\/\/www.bic.sk\/transfer-technologii\",\"url\":\"https:\/\/www.bic.sk\/transfer-technologii\",\"name\":\"Transfer technol\u00f3gi\u00ed - BIC Bratislava\",\"isPartOf\":{\"@id\":\"https:\/\/www.bic.sk\/#website\"},\"primaryImageOfPage\":{\"@id\":\"https:\/\/www.bic.sk\/transfer-technologii#primaryimage\"},\"image\":{\"@id\":\"https:\/\/www.bic.sk\/transfer-technologii#primaryimage\"},\"thumbnailUrl\":\"https:\/\/www.bic.sk\/wp-content\/uploads\/2026\/01\/Transfer-technologii-1024x683.jpg\",\"datePublished\":\"2026-01-24T19:55:18+00:00\",\"dateModified\":\"2026-03-05T21:48:32+00:00\",\"breadcrumb\":{\"@id\":\"https:\/\/www.bic.sk\/transfer-technologii#breadcrumb\"},\"inLanguage\":\"en-GB\",\"potentialAction\":[{\"@type\":\"ReadAction\",\"target\":[\"https:\/\/www.bic.sk\/transfer-technologii\"]}]},{\"@type\":\"ImageObject\",\"inLanguage\":\"en-GB\",\"@id\":\"https:\/\/www.bic.sk\/transfer-technologii#primaryimage\",\"url\":\"https:\/\/www.bic.sk\/wp-content\/uploads\/2026\/01\/Transfer-technologii-1024x683.jpg\",\"contentUrl\":\"https:\/\/www.bic.sk\/wp-content\/uploads\/2026\/01\/Transfer-technologii-1024x683.jpg\"},{\"@type\":\"BreadcrumbList\",\"@id\":\"https:\/\/www.bic.sk\/transfer-technologii#breadcrumb\",\"itemListElement\":[{\"@type\":\"ListItem\",\"position\":1,\"name\":\"Domovsk\u00e1 str\u00e1nka\",\"item\":\"https:\/\/www.bic.sk\/\"},{\"@type\":\"ListItem\",\"position\":2,\"name\":\"Transfer technol\u00f3gi\u00ed\"}]},{\"@type\":\"WebSite\",\"@id\":\"https:\/\/www.bic.sk\/#website\",\"url\":\"https:\/\/www.bic.sk\/\",\"name\":\"BIC Bratislava\",\"description\":\"\",\"potentialAction\":[{\"@type\":\"SearchAction\",\"target\":{\"@type\":\"EntryPoint\",\"urlTemplate\":\"https:\/\/www.bic.sk\/?s={search_term_string}\"},\"query-input\":{\"@type\":\"PropertyValueSpecification\",\"valueRequired\":true,\"valueName\":\"search_term_string\"}}],\"inLanguage\":\"en-GB\"}]}<\/script>\n<!-- \/ Yoast SEO plugin. -->","yoast_head_json":{"title":"Transfer technol\u00f3gi\u00ed - BIC Bratislava","robots":{"index":"index","follow":"follow","max-snippet":"max-snippet:-1","max-image-preview":"max-image-preview:large","max-video-preview":"max-video-preview:-1"},"canonical":"https:\/\/www.bic.sk\/en\/transfer-technologii\/","og_locale":"en_GB","og_type":"article","og_title":"Transfer technol\u00f3gi\u00ed - BIC Bratislava","og_description":"Transfer technol\u00f3gi\u00ed Dlhodobo pom\u00e1hame v\u00fdskumn\u00fdm in\u0161tit\u00faci\u00e1m, univerzit\u00e1m a inovat\u00edvnym firm\u00e1m na Slovensku premeni\u0165 n\u00e1pady, v\u00fdskum a technol\u00f3gie na re\u00e1lne trhov\u00e9 rie\u0161enia a \u00faspe\u0161ne ich uvies\u0165 na eur\u00f3psky technologick\u00fd trh. Poskytujeme [&hellip;]","og_url":"https:\/\/www.bic.sk\/en\/transfer-technologii\/","og_site_name":"BIC Bratislava","article_modified_time":"2026-03-05T21:48:32+00:00","og_image":[{"width":1200,"height":800,"url":"https:\/\/www.bic.sk\/wp-content\/uploads\/2026\/01\/Transfer-technologii.jpg","type":"image\/jpeg"}],"twitter_card":"summary_large_image","twitter_misc":{"Estimated reading time":"2 minutes"},"schema":{"@context":"https:\/\/schema.org","@graph":[{"@type":"WebPage","@id":"https:\/\/www.bic.sk\/transfer-technologii","url":"https:\/\/www.bic.sk\/transfer-technologii","name":"Transfer technol\u00f3gi\u00ed - BIC Bratislava","isPartOf":{"@id":"https:\/\/www.bic.sk\/#website"},"primaryImageOfPage":{"@id":"https:\/\/www.bic.sk\/transfer-technologii#primaryimage"},"image":{"@id":"https:\/\/www.bic.sk\/transfer-technologii#primaryimage"},"thumbnailUrl":"https:\/\/www.bic.sk\/wp-content\/uploads\/2026\/01\/Transfer-technologii-1024x683.jpg","datePublished":"2026-01-24T19:55:18+00:00","dateModified":"2026-03-05T21:48:32+00:00","breadcrumb":{"@id":"https:\/\/www.bic.sk\/transfer-technologii#breadcrumb"},"inLanguage":"en-GB","potentialAction":[{"@type":"ReadAction","target":["https:\/\/www.bic.sk\/transfer-technologii"]}]},{"@type":"ImageObject","inLanguage":"en-GB","@id":"https:\/\/www.bic.sk\/transfer-technologii#primaryimage","url":"https:\/\/www.bic.sk\/wp-content\/uploads\/2026\/01\/Transfer-technologii-1024x683.jpg","contentUrl":"https:\/\/www.bic.sk\/wp-content\/uploads\/2026\/01\/Transfer-technologii-1024x683.jpg"},{"@type":"BreadcrumbList","@id":"https:\/\/www.bic.sk\/transfer-technologii#breadcrumb","itemListElement":[{"@type":"ListItem","position":1,"name":"Domovsk\u00e1 str\u00e1nka","item":"https:\/\/www.bic.sk\/"},{"@type":"ListItem","position":2,"name":"Transfer technol\u00f3gi\u00ed"}]},{"@type":"WebSite","@id":"https:\/\/www.bic.sk\/#website","url":"https:\/\/www.bic.sk\/","name":"BIC Bratislava","description":"","potentialAction":[{"@type":"SearchAction","target":{"@type":"EntryPoint","urlTemplate":"https:\/\/www.bic.sk\/?s={search_term_string}"},"query-input":{"@type":"PropertyValueSpecification","valueRequired":true,"valueName":"search_term_string"}}],"inLanguage":"en-GB"}]}},"_links":{"self":[{"href":"https:\/\/www.bic.sk\/en\/wp-json\/wp\/v2\/pages\/223","targetHints":{"allow":["GET"]}}],"collection":[{"href":"https:\/\/www.bic.sk\/en\/wp-json\/wp\/v2\/pages"}],"about":[{"href":"https:\/\/www.bic.sk\/en\/wp-json\/wp\/v2\/types\/page"}],"author":[{"embeddable":true,"href":"https:\/\/www.bic.sk\/en\/wp-json\/wp\/v2\/users\/1"}],"replies":[{"embeddable":true,"href":"https:\/\/www.bic.sk\/en\/wp-json\/wp\/v2\/comments?post=223"}],"version-history":[{"count":25,"href":"https:\/\/www.bic.sk\/en\/wp-json\/wp\/v2\/pages\/223\/revisions"}],"predecessor-version":[{"id":1042,"href":"https:\/\/www.bic.sk\/en\/wp-json\/wp\/v2\/pages\/223\/revisions\/1042"}],"wp:attachment":[{"href":"https:\/\/www.bic.sk\/en\/wp-json\/wp\/v2\/media?parent=223"}],"curies":[{"name":"wp","href":"https:\/\/api.w.org\/{rel}","templated":true}]}}