{"id":16,"date":"2026-01-24T00:46:58","date_gmt":"2026-01-23T23:46:58","guid":{"rendered":"https:\/\/www.bic.sk\/?page_id=16"},"modified":"2026-04-13T10:04:17","modified_gmt":"2026-04-13T08:04:17","slug":"domov","status":"publish","type":"page","link":"https:\/\/www.bic.sk\/en\/","title":{"rendered":"Home"},"content":{"rendered":"<div data-elementor-type=\"wp-page\" data-elementor-id=\"16\" class=\"elementor elementor-16\" data-elementor-post-type=\"page\">\n\t\t\t\t<div class=\"elementor-element elementor-element-649935c e-flex e-con-boxed e-con e-parent\" data-id=\"649935c\" data-element_type=\"container\" data-settings=\"{&quot;background_background&quot;:&quot;classic&quot;}\">\n\t\t\t\t\t<div class=\"e-con-inner\">\n\t\t<div class=\"elementor-element elementor-element-0b4382c e-con-full e-flex e-con e-child\" data-id=\"0b4382c\" data-element_type=\"container\">\n\t\t\t\t<div class=\"elementor-element elementor-element-8e8546d elementor-widget elementor-widget-text-editor\" data-id=\"8e8546d\" data-element_type=\"widget\" data-widget_type=\"text-editor.default\">\n\t\t\t\t\t\t\t\t\t<p><strong>Since 1991<\/strong><\/p>\t\t\t\t\t\t\t\t<\/div>\n\t\t\t\t<div class=\"elementor-element elementor-element-dce27d3 elementor-widget elementor-widget-heading\" data-id=\"dce27d3\" data-element_type=\"widget\" data-widget_type=\"heading.default\">\n\t\t\t\t\t<h2 class=\"elementor-heading-title elementor-size-default translation-block\">We support innovation <br> in companies and regions<\/h2>\t\t\t\t<\/div>\n\t\t\t\t<div class=\"elementor-element elementor-element-e335d8c elementor-widget elementor-widget-text-editor\" data-id=\"e335d8c\" data-element_type=\"widget\" data-widget_type=\"text-editor.default\">\n\t\t\t\t\t\t\t\t\t<p>We are a leader in innovation development and consultancy in Slovakia<\/p>\t\t\t\t\t\t\t\t<\/div>\n\t\t\t\t<div class=\"elementor-element elementor-element-10a9f71 elementor-widget elementor-widget-html\" data-id=\"10a9f71\" data-element_type=\"widget\" data-widget_type=\"html.default\">\n\t\t\t\t\t<style>\n  .hero-buttons {\n    display: flex;\n    gap: 16px;\n  }\n\n  .hero-buttons a.hero-btn {\n    display: inline-flex;\n    align-items: center;\n    justify-content: center;\n    padding: 14px 32px;\n    border: 1px solid #ffffff;\n    background: transparent;\n    text-decoration: none;\n    font-weight: 500;\n    border-radius: 0; \/* ostr\u00e9 rohy *\/\n\n    \/* default jemne modr\u00e1 *\/\n    color: #7fb2e2 !important;\n\n    transition: color 0.25s ease;\n  }\n\n  \/* hover len biely text (prebije modr\u00fd hover t\u00e9my) *\/\n  .hero-buttons a.hero-btn:hover,\n  .hero-buttons a.hero-btn:focus,\n  .hero-buttons a.hero-btn:active {\n    color: #ffffff !important;\n  }\n\n  @media (max-width: 767px) {\n    .hero-buttons {\n      flex-direction: column;\n      gap: 12px;\n    }\n  }\n<\/style>\n\n<div class=\"hero-buttons\">\n  <a href=\"\/en\/kontakt\/\" class=\"hero-btn\">Contact<\/a>\n  <a href=\"\/en\/referencie\/\" class=\"hero-btn\">References<\/a>\n<\/div>\n\t\t\t\t<\/div>\n\t\t\t\t<\/div>\n\t\t<div class=\"elementor-element elementor-element-04b8758 e-con-full e-flex e-con e-child\" data-id=\"04b8758\" data-element_type=\"container\">\n\t\t\t\t<\/div>\n\t\t\t\t\t<\/div>\n\t\t\t\t<\/div>\n\t\t<div class=\"elementor-element elementor-element-4a9a40f e-flex e-con-boxed e-con e-parent\" data-id=\"4a9a40f\" data-element_type=\"container\">\n\t\t\t\t\t<div class=\"e-con-inner\">\n\t\t<div class=\"elementor-element elementor-element-b1ed450 e-con-full e-flex e-con e-child\" data-id=\"b1ed450\" data-element_type=\"container\">\n\t\t\t\t<div class=\"elementor-element elementor-element-2c13e60 elementor-widget elementor-widget-image\" data-id=\"2c13e60\" data-element_type=\"widget\" data-widget_type=\"image.default\">\n\t\t\t\t\t\t\t\t\t\t\t\t\t\t\t<img fetchpriority=\"high\" decoding=\"async\" width=\"800\" height=\"534\" src=\"https:\/\/www.bic.sk\/wp-content\/uploads\/2026\/02\/BIC-Bratislava1-1024x683.jpg\" class=\"attachment-large size-large wp-image-789\" alt=\"\" srcset=\"https:\/\/www.bic.sk\/wp-content\/uploads\/2026\/02\/BIC-Bratislava1-1024x683.jpg 1024w, https:\/\/www.bic.sk\/wp-content\/uploads\/2026\/02\/BIC-Bratislava1-300x200.jpg 300w, https:\/\/www.bic.sk\/wp-content\/uploads\/2026\/02\/BIC-Bratislava1-768x512.jpg 768w, https:\/\/www.bic.sk\/wp-content\/uploads\/2026\/02\/BIC-Bratislava1-18x12.jpg 18w, https:\/\/www.bic.sk\/wp-content\/uploads\/2026\/02\/BIC-Bratislava1.jpg 1200w\" sizes=\"(max-width: 800px) 100vw, 800px\" \/>\t\t\t\t\t\t\t\t\t\t\t\t\t\t\t<\/div>\n\t\t\t\t<\/div>\n\t\t<div class=\"elementor-element elementor-element-f03969e e-con-full e-flex e-con e-child\" data-id=\"f03969e\" data-element_type=\"container\">\n\t\t\t\t<div class=\"elementor-element elementor-element-142e5d1 elementor-widget elementor-widget-heading\" data-id=\"142e5d1\" data-element_type=\"widget\" data-widget_type=\"heading.default\">\n\t\t\t\t\t<h2 class=\"elementor-heading-title elementor-size-default\">Your partner for innovation<\/h2>\t\t\t\t<\/div>\n\t\t\t\t<div class=\"elementor-element elementor-element-3a089aa elementor-widget elementor-widget-text-editor\" data-id=\"3a089aa\" data-element_type=\"widget\" data-widget_type=\"text-editor.default\">\n\t\t\t\t\t\t\t\t\t<p data-start=\"394\" data-end=\"509\">We bring together expertise, funding and the right people to ensure that innovation in companies and regions truly moves forward.<\/p>\t\t\t\t\t\t\t\t<\/div>\n\t\t\t\t<div class=\"elementor-element elementor-element-bf821a4 elementor-widget elementor-widget-html\" data-id=\"bf821a4\" data-element_type=\"widget\" data-widget_type=\"html.default\">\n\t\t\t\t\t<style>\n\/* =========================================\n   BIC \u2013 benefits checklist (blue circle + white check)\n   + Raleway 16px\n   ========================================= *\/\n\n\/* na\u010d\u00edtanie fontu Raleway *\/\n@import url('https:\/\/fonts.googleapis.com\/css2?family=Raleway:wght@400;500;600;700&display=swap');\n\n.bic-benefits{\n  margin-top: 20px;\n}\n\n.bic-benefits ul{\n  list-style: none;\n  margin: 0;\n  padding: 0;\n  display: flex;\n  flex-direction: column;\n  gap: 12px;\n}\n\n.bic-benefits li{\n  position: relative;\n  padding-left: 34px;\n\n  font-family: 'Raleway', sans-serif;\n  font-size: 16px;\n  line-height: 1.55;\n  font-weight: 600;\n\n  color: #1b2430;\n}\n\n\/* blue circle *\/\n.bic-benefits li::before{\n  content: \"\";\n  position: absolute;\n  left: 0;\n  top: 0.25em;\n  width: 22px;\n  height: 22px;\n  border-radius: 50%;\n  background-color: #7fb2e2; \/* BIC blue *\/\n}\n\n\/* white check *\/\n.bic-benefits li::after{\n  content: \"\";\n  position: absolute;\n  left: 0;\n  top: 0.25em;\n  width: 22px;\n  height: 22px;\n\n  background-color: #ffffff;\n\n  -webkit-mask: url(\"data:image\/svg+xml,%3Csvg xmlns='http:\/\/www.w3.org\/2000\/svg' viewBox='0 0 24 24'%3E%3Cpath fill='black' d='M9 16.2L4.8 12l-1.4 1.4L9 19 21 7l-1.4-1.4z'\/%3E%3C\/svg%3E\") no-repeat center \/ 13px 13px;\n          mask: url(\"data:image\/svg+xml,%3Csvg xmlns='http:\/\/www.w3.org\/2000\/svg' viewBox='0 0 24 24'%3E%3Cpath fill='black' d='M9 16.2L4.8 12l-1.4 1.4L9 19 21 7l-1.4-1.4z'\/%3E%3C\/svg%3E\") no-repeat center \/ 13px 13px;\n}\n\n\/* mobile *\/\n@media (max-width: 767px){\n  .bic-benefits li{\n    font-size: 16px;   \/* nech ostane 16 aj na mobile *\/\n    padding-left: 32px;\n  }\n}\n<\/style>\n\n<div class=\"bic-benefits\">\n  <ul>\n    <li>We develop strategies with clear business and innovation impact.<\/li>\n    <li>We simplify navigation through grants and funding.<\/li>\n    <li>We connect entrepreneurs with experts at home and abroad.<\/li>\n    <li>We help turn innovations from ideas into practice.<\/li>\n    <li>We have been developing innovation since 1991.<\/li>\n  <\/ul>\n<\/div>\n\t\t\t\t<\/div>\n\t\t\t\t<\/div>\n\t\t\t\t\t<\/div>\n\t\t\t\t<\/div>\n\t\t<div class=\"elementor-element elementor-element-3a93b67 e-flex e-con-boxed e-con e-parent\" data-id=\"3a93b67\" data-element_type=\"container\" data-settings=\"{&quot;background_background&quot;:&quot;classic&quot;}\">\n\t\t\t\t\t<div class=\"e-con-inner\">\n\t\t<div class=\"elementor-element elementor-element-f51c84a e-con-full e-flex e-con e-child\" data-id=\"f51c84a\" data-element_type=\"container\">\n\t\t\t\t<div class=\"elementor-element elementor-element-d2c8dd6 elementor-widget elementor-widget-image\" data-id=\"d2c8dd6\" data-element_type=\"widget\" data-widget_type=\"image.default\">\n\t\t\t\t\t\t\t\t\t\t\t\t\t\t\t<img decoding=\"async\" width=\"400\" height=\"300\" src=\"https:\/\/www.bic.sk\/wp-content\/uploads\/2026\/01\/podpora-podnikania.png\" class=\"attachment-large size-large wp-image-655\" alt=\"\" srcset=\"https:\/\/www.bic.sk\/wp-content\/uploads\/2026\/01\/podpora-podnikania.png 400w, https:\/\/www.bic.sk\/wp-content\/uploads\/2026\/01\/podpora-podnikania-300x225.png 300w, https:\/\/www.bic.sk\/wp-content\/uploads\/2026\/01\/podpora-podnikania-16x12.png 16w\" sizes=\"(max-width: 400px) 100vw, 400px\" \/>\t\t\t\t\t\t\t\t\t\t\t\t\t\t\t<\/div>\n\t\t\t\t<div class=\"elementor-element elementor-element-9560465 elementor-widget elementor-widget-heading\" data-id=\"9560465\" data-element_type=\"widget\" data-widget_type=\"heading.default\">\n\t\t\t\t\t<h2 class=\"elementor-heading-title elementor-size-default\">Business development<\/h2>\t\t\t\t<\/div>\n\t\t\t\t<div class=\"elementor-element elementor-element-07c662b elementor-widget elementor-widget-text-editor\" data-id=\"07c662b\" data-element_type=\"widget\" data-widget_type=\"text-editor.default\">\n\t\t\t\t\t\t\t\t\teuropean and national grants, business plans and strategies,\nloan and investment financing, startup support\t\t\t\t\t\t\t\t<\/div>\n\t\t\t\t<\/div>\n\t\t<div class=\"elementor-element elementor-element-f80bc16 e-con-full e-flex e-con e-child\" data-id=\"f80bc16\" data-element_type=\"container\">\n\t\t\t\t<div class=\"elementor-element elementor-element-117034d elementor-widget elementor-widget-image\" data-id=\"117034d\" data-element_type=\"widget\" data-widget_type=\"image.default\">\n\t\t\t\t\t\t\t\t\t\t\t\t\t\t\t<img decoding=\"async\" width=\"400\" height=\"300\" src=\"https:\/\/www.bic.sk\/wp-content\/uploads\/2026\/01\/rozvoj-inovacii.png\" class=\"attachment-large size-large wp-image-654\" alt=\"\" srcset=\"https:\/\/www.bic.sk\/wp-content\/uploads\/2026\/01\/rozvoj-inovacii.png 400w, https:\/\/www.bic.sk\/wp-content\/uploads\/2026\/01\/rozvoj-inovacii-300x225.png 300w, https:\/\/www.bic.sk\/wp-content\/uploads\/2026\/01\/rozvoj-inovacii-16x12.png 16w\" sizes=\"(max-width: 400px) 100vw, 400px\" \/>\t\t\t\t\t\t\t\t\t\t\t\t\t\t\t<\/div>\n\t\t\t\t<div class=\"elementor-element elementor-element-0400d21 elementor-widget elementor-widget-heading\" data-id=\"0400d21\" data-element_type=\"widget\" data-widget_type=\"heading.default\">\n\t\t\t\t\t<h2 class=\"elementor-heading-title elementor-size-default\">Innovation support<\/h2>\t\t\t\t<\/div>\n\t\t\t\t<div class=\"elementor-element elementor-element-42d7b81 elementor-widget elementor-widget-text-editor\" data-id=\"42d7b81\" data-element_type=\"widget\" data-widget_type=\"text-editor.default\">\n\t\t\t\t\t\t\t\t\tinnovation financing, innovation strategies, innovation management, intellectual property rights, technology transfer\t\t\t\t\t\t\t\t<\/div>\n\t\t\t\t<\/div>\n\t\t<div class=\"elementor-element elementor-element-2d492be e-con-full e-flex e-con e-child\" data-id=\"2d492be\" data-element_type=\"container\">\n\t\t\t\t<div class=\"elementor-element elementor-element-543f0dc elementor-widget elementor-widget-image\" data-id=\"543f0dc\" data-element_type=\"widget\" data-widget_type=\"image.default\">\n\t\t\t\t\t\t\t\t\t\t\t\t\t\t\t<img loading=\"lazy\" decoding=\"async\" width=\"400\" height=\"300\" src=\"https:\/\/www.bic.sk\/wp-content\/uploads\/2026\/01\/een-1.png\" class=\"attachment-large size-large wp-image-656\" alt=\"\" srcset=\"https:\/\/www.bic.sk\/wp-content\/uploads\/2026\/01\/een-1.png 400w, https:\/\/www.bic.sk\/wp-content\/uploads\/2026\/01\/een-1-300x225.png 300w, https:\/\/www.bic.sk\/wp-content\/uploads\/2026\/01\/een-1-16x12.png 16w\" sizes=\"(max-width: 400px) 100vw, 400px\" \/>\t\t\t\t\t\t\t\t\t\t\t\t\t\t\t<\/div>\n\t\t\t\t<div class=\"elementor-element elementor-element-5b308d9 elementor-widget elementor-widget-heading\" data-id=\"5b308d9\" data-element_type=\"widget\" data-widget_type=\"heading.default\">\n\t\t\t\t\t<h2 class=\"elementor-heading-title elementor-size-default\">Enterprise Europe Network<\/h2>\t\t\t\t<\/div>\n\t\t\t\t<div class=\"elementor-element elementor-element-3f89730 elementor-widget elementor-widget-text-editor\" data-id=\"3f89730\" data-element_type=\"widget\" data-widget_type=\"text-editor.default\">\n\t\t\t\t\t\t\t\t\t<div class=\"field field-name-body field-type-text-with-summary field-label-hidden\"><div class=\"field-items\"><div class=\"field-item even\"><p>free services of the world\u2019s largest network supporting international cooperation in trade and innovation in more than 60 countries worldwide<\/p><\/div><\/div><\/div>\t\t\t\t\t\t\t\t<\/div>\n\t\t\t\t<\/div>\n\t\t\t\t\t<\/div>\n\t\t\t\t<\/div>\n\t\t<div class=\"elementor-element elementor-element-ed0a754 e-flex e-con-boxed e-con e-parent\" data-id=\"ed0a754\" data-element_type=\"container\">\n\t\t\t\t\t<div class=\"e-con-inner\">\n\t\t\t\t<div class=\"elementor-element elementor-element-954b478 elementor-widget elementor-widget-heading\" data-id=\"954b478\" data-element_type=\"widget\" data-widget_type=\"heading.default\">\n\t\t\t\t\t<h2 class=\"elementor-heading-title elementor-size-default\">Why choose us<\/h2>\t\t\t\t<\/div>\n\t\t\t\t\t<\/div>\n\t\t\t\t<\/div>\n\t\t<div class=\"elementor-element elementor-element-440f0d9 e-flex e-con-boxed e-con e-parent\" data-id=\"440f0d9\" data-element_type=\"container\">\n\t\t\t\t\t<div class=\"e-con-inner\">\n\t\t<div class=\"elementor-element elementor-element-c66d26e e-con-full stats-box e-flex e-con e-child\" data-id=\"c66d26e\" data-element_type=\"container\">\n\t\t\t\t<div class=\"elementor-element elementor-element-80d221e elementor-widget elementor-widget-image\" data-id=\"80d221e\" data-element_type=\"widget\" data-widget_type=\"image.default\">\n\t\t\t\t\t\t\t\t\t\t\t\t\t\t\t<img loading=\"lazy\" decoding=\"async\" width=\"70\" height=\"70\" src=\"https:\/\/www.bic.sk\/wp-content\/uploads\/2026\/01\/53d11217-4a60-44df-bd65-0e589978dd38.svg\" class=\"attachment-large size-large wp-image-120\" alt=\"\" \/>\t\t\t\t\t\t\t\t\t\t\t\t\t\t\t<\/div>\n\t\t\t\t<div class=\"elementor-element elementor-element-233b6ae elementor-widget elementor-widget-heading\" data-id=\"233b6ae\" data-element_type=\"widget\" data-widget_type=\"heading.default\">\n\t\t\t\t\t<h3 class=\"elementor-heading-title elementor-size-default\"><a href=\"https:\/\/www.bic.sk\/en\/historia\/\">35+<\/a><\/h3>\t\t\t\t<\/div>\n\t\t\t\t<div class=\"elementor-element elementor-element-8defc38 elementor-widget elementor-widget-text-editor\" data-id=\"8defc38\" data-element_type=\"widget\" data-widget_type=\"text-editor.default\">\n\t\t\t\t\t\t\t\t\t<p>years of supporting entrepreneurship and innovation<\/p>\t\t\t\t\t\t\t\t<\/div>\n\t\t\t\t<\/div>\n\t\t<div class=\"elementor-element elementor-element-4c4fc7a e-con-full stats-box e-flex e-con e-child\" data-id=\"4c4fc7a\" data-element_type=\"container\">\n\t\t\t\t<div class=\"elementor-element elementor-element-738b947 elementor-widget elementor-widget-image\" data-id=\"738b947\" data-element_type=\"widget\" data-widget_type=\"image.default\">\n\t\t\t\t\t\t\t\t\t\t\t\t\t\t\t<img loading=\"lazy\" decoding=\"async\" width=\"70\" height=\"70\" src=\"https:\/\/www.bic.sk\/wp-content\/uploads\/2026\/01\/4b5b2519-3a35-4cea-828b-702ae0230087.svg\" class=\"attachment-large size-large wp-image-118\" alt=\"\" \/>\t\t\t\t\t\t\t\t\t\t\t\t\t\t\t<\/div>\n\t\t\t\t<div class=\"elementor-element elementor-element-58d9420 elementor-widget elementor-widget-heading\" data-id=\"58d9420\" data-element_type=\"widget\" data-widget_type=\"heading.default\">\n\t\t\t\t\t<h3 class=\"elementor-heading-title elementor-size-default\"><a href=\"https:\/\/www.bic.sk\/en\/projekty\/\">70+<\/a><\/h3>\t\t\t\t<\/div>\n\t\t\t\t<div class=\"elementor-element elementor-element-55774fa elementor-widget elementor-widget-text-editor\" data-id=\"55774fa\" data-element_type=\"widget\" data-widget_type=\"text-editor.default\">\n\t\t\t\t\t\t\t\t\tinternational projects supporting our clients\t\t\t\t\t\t\t\t<\/div>\n\t\t\t\t<\/div>\n\t\t<div class=\"elementor-element elementor-element-1a2f425 e-con-full stats-box e-flex e-con e-child\" data-id=\"1a2f425\" data-element_type=\"container\">\n\t\t\t\t<div class=\"elementor-element elementor-element-926715b elementor-widget elementor-widget-image\" data-id=\"926715b\" data-element_type=\"widget\" data-widget_type=\"image.default\">\n\t\t\t\t\t\t\t\t\t\t\t\t\t\t\t<img loading=\"lazy\" decoding=\"async\" width=\"70\" height=\"70\" src=\"https:\/\/www.bic.sk\/wp-content\/uploads\/2026\/01\/1d7894cd-282f-488d-ad5d-2f37c61762c7.svg\" class=\"attachment-large size-large wp-image-117\" alt=\"\" \/>\t\t\t\t\t\t\t\t\t\t\t\t\t\t\t<\/div>\n\t\t\t\t<div class=\"elementor-element elementor-element-d365a46 elementor-widget elementor-widget-heading\" data-id=\"d365a46\" data-element_type=\"widget\" data-widget_type=\"heading.default\">\n\t\t\t\t\t<h3 class=\"elementor-heading-title elementor-size-default\"><a href=\"https:\/\/www.bic.sk\/en\/nase-vysledky\/\">200+<\/a><\/h3>\t\t\t\t<\/div>\n\t\t\t\t<div class=\"elementor-element elementor-element-03a120b elementor-widget elementor-widget-text-editor\" data-id=\"03a120b\" data-element_type=\"widget\" data-widget_type=\"text-editor.default\">\n\t\t\t\t\t\t\t\t\tsupported business and technological partnerships\t\t\t\t\t\t\t\t<\/div>\n\t\t\t\t<\/div>\n\t\t<div class=\"elementor-element elementor-element-e1299d4 e-con-full stats-box e-flex e-con e-child\" data-id=\"e1299d4\" data-element_type=\"container\">\n\t\t\t\t<div class=\"elementor-element elementor-element-34c9dad elementor-widget elementor-widget-image\" data-id=\"34c9dad\" data-element_type=\"widget\" data-widget_type=\"image.default\">\n\t\t\t\t\t\t\t\t\t\t\t\t\t\t\t<img loading=\"lazy\" decoding=\"async\" width=\"70\" height=\"70\" src=\"https:\/\/www.bic.sk\/wp-content\/uploads\/2026\/01\/9254e71e-4414-4f36-b525-d2ab146ad1ba.svg\" class=\"attachment-large size-large wp-image-121\" alt=\"\" \/>\t\t\t\t\t\t\t\t\t\t\t\t\t\t\t<\/div>\n\t\t\t\t<div class=\"elementor-element elementor-element-f972653 elementor-widget elementor-widget-heading\" data-id=\"f972653\" data-element_type=\"widget\" data-widget_type=\"heading.default\">\n\t\t\t\t\t<h3 class=\"elementor-heading-title elementor-size-default\"><a href=\"https:\/\/www.bic.sk\/en\/referencie\/\">2000+<\/a><\/h3>\t\t\t\t<\/div>\n\t\t\t\t<div class=\"elementor-element elementor-element-2d30bcd elementor-widget elementor-widget-text-editor\" data-id=\"2d30bcd\" data-element_type=\"widget\" data-widget_type=\"text-editor.default\">\n\t\t\t\t\t\t\t\t\tclients from both the business and academic communities\t\t\t\t\t\t\t\t<\/div>\n\t\t\t\t<\/div>\n\t\t\t\t\t<\/div>\n\t\t\t\t<\/div>\n\t\t\t\t<\/div>","protected":false},"excerpt":{"rendered":"<p>Od roku 1991 Podporujeme inov\u00e1cie vo firm\u00e1ch a regi\u00f3noch Sme l\u00edder v rozvoji inov\u00e1ci\u00ed a poradenstva na Slovensku Kontakt Referencie V\u00e1\u0161 partner pre inov\u00e1cie Sp\u00e1jame sk\u00fasenosti, financovanie a spr\u00e1vnych \u013eud\u00ed, [&hellip;]<\/p>","protected":false},"author":1,"featured_media":0,"parent":0,"menu_order":0,"comment_status":"closed","ping_status":"closed","template":"elementor_header_footer","meta":{"footnotes":""},"class_list":["post-16","page","type-page","status-publish","hentry"],"yoast_head":"<!-- This site is optimized with the Yoast SEO plugin v26.8 - https:\/\/yoast.com\/product\/yoast-seo-wordpress\/ -->\n<title>\u00davod - BIC Bratislava<\/title>\n<meta name=\"robots\" content=\"index, follow, max-snippet:-1, max-image-preview:large, max-video-preview:-1\" \/>\n<link rel=\"canonical\" href=\"https:\/\/www.bic.sk\/en\/\" \/>\n<meta property=\"og:locale\" content=\"en_GB\" \/>\n<meta property=\"og:type\" content=\"article\" \/>\n<meta property=\"og:title\" content=\"\u00davod - BIC Bratislava\" \/>\n<meta property=\"og:description\" content=\"Od roku 1991 Podporujeme inov\u00e1cie vo firm\u00e1ch a regi\u00f3noch Sme l\u00edder v rozvoji inov\u00e1ci\u00ed a poradenstva na Slovensku Kontakt Referencie V\u00e1\u0161 partner pre inov\u00e1cie Sp\u00e1jame sk\u00fasenosti, financovanie a spr\u00e1vnych \u013eud\u00ed, [&hellip;]\" \/>\n<meta property=\"og:url\" content=\"https:\/\/www.bic.sk\/en\/\" \/>\n<meta property=\"og:site_name\" content=\"BIC Bratislava\" \/>\n<meta property=\"article:modified_time\" content=\"2026-04-13T08:04:17+00:00\" \/>\n<meta property=\"og:image\" content=\"https:\/\/www.bic.sk\/wp-content\/uploads\/2026\/02\/BIC-Bratislava1.jpg\" \/>\n\t<meta property=\"og:image:width\" content=\"1200\" \/>\n\t<meta property=\"og:image:height\" content=\"800\" \/>\n\t<meta property=\"og:image:type\" content=\"image\/jpeg\" \/>\n<meta name=\"twitter:card\" content=\"summary_large_image\" \/>\n<meta name=\"twitter:label1\" content=\"Estimated reading time\" \/>\n\t<meta name=\"twitter:data1\" content=\"3 minutes\" \/>\n<script type=\"application\/ld+json\" class=\"yoast-schema-graph\">{\"@context\":\"https:\/\/schema.org\",\"@graph\":[{\"@type\":\"WebPage\",\"@id\":\"https:\/\/www.bic.sk\/\",\"url\":\"https:\/\/www.bic.sk\/\",\"name\":\"\u00davod - BIC Bratislava\",\"isPartOf\":{\"@id\":\"https:\/\/www.bic.sk\/#website\"},\"primaryImageOfPage\":{\"@id\":\"https:\/\/www.bic.sk\/#primaryimage\"},\"image\":{\"@id\":\"https:\/\/www.bic.sk\/#primaryimage\"},\"thumbnailUrl\":\"https:\/\/www.bic.sk\/wp-content\/uploads\/2026\/02\/BIC-Bratislava1-1024x683.jpg\",\"datePublished\":\"2026-01-23T23:46:58+00:00\",\"dateModified\":\"2026-04-13T08:04:17+00:00\",\"breadcrumb\":{\"@id\":\"https:\/\/www.bic.sk\/#breadcrumb\"},\"inLanguage\":\"en-GB\",\"potentialAction\":[{\"@type\":\"ReadAction\",\"target\":[\"https:\/\/www.bic.sk\/\"]}]},{\"@type\":\"ImageObject\",\"inLanguage\":\"en-GB\",\"@id\":\"https:\/\/www.bic.sk\/#primaryimage\",\"url\":\"https:\/\/www.bic.sk\/wp-content\/uploads\/2026\/02\/BIC-Bratislava1-1024x683.jpg\",\"contentUrl\":\"https:\/\/www.bic.sk\/wp-content\/uploads\/2026\/02\/BIC-Bratislava1-1024x683.jpg\"},{\"@type\":\"BreadcrumbList\",\"@id\":\"https:\/\/www.bic.sk\/#breadcrumb\",\"itemListElement\":[{\"@type\":\"ListItem\",\"position\":1,\"name\":\"Domovsk\u00e1 str\u00e1nka\",\"item\":\"https:\/\/www.bic.sk\/\"},{\"@type\":\"ListItem\",\"position\":2,\"name\":\"\u00davod\"}]},{\"@type\":\"WebSite\",\"@id\":\"https:\/\/www.bic.sk\/#website\",\"url\":\"https:\/\/www.bic.sk\/\",\"name\":\"BIC Bratislava\",\"description\":\"\",\"potentialAction\":[{\"@type\":\"SearchAction\",\"target\":{\"@type\":\"EntryPoint\",\"urlTemplate\":\"https:\/\/www.bic.sk\/?s={search_term_string}\"},\"query-input\":{\"@type\":\"PropertyValueSpecification\",\"valueRequired\":true,\"valueName\":\"search_term_string\"}}],\"inLanguage\":\"en-GB\"}]}<\/script>\n<!-- \/ Yoast SEO plugin. -->","yoast_head_json":{"title":"\u00davod - BIC Bratislava","robots":{"index":"index","follow":"follow","max-snippet":"max-snippet:-1","max-image-preview":"max-image-preview:large","max-video-preview":"max-video-preview:-1"},"canonical":"https:\/\/www.bic.sk\/en\/","og_locale":"en_GB","og_type":"article","og_title":"\u00davod - BIC Bratislava","og_description":"Od roku 1991 Podporujeme inov\u00e1cie vo firm\u00e1ch a regi\u00f3noch Sme l\u00edder v rozvoji inov\u00e1ci\u00ed a poradenstva na Slovensku Kontakt Referencie V\u00e1\u0161 partner pre inov\u00e1cie Sp\u00e1jame sk\u00fasenosti, financovanie a spr\u00e1vnych \u013eud\u00ed, [&hellip;]","og_url":"https:\/\/www.bic.sk\/en\/","og_site_name":"BIC Bratislava","article_modified_time":"2026-04-13T08:04:17+00:00","og_image":[{"width":1200,"height":800,"url":"https:\/\/www.bic.sk\/wp-content\/uploads\/2026\/02\/BIC-Bratislava1.jpg","type":"image\/jpeg"}],"twitter_card":"summary_large_image","twitter_misc":{"Estimated reading time":"3 minutes"},"schema":{"@context":"https:\/\/schema.org","@graph":[{"@type":"WebPage","@id":"https:\/\/www.bic.sk\/","url":"https:\/\/www.bic.sk\/","name":"\u00davod - BIC Bratislava","isPartOf":{"@id":"https:\/\/www.bic.sk\/#website"},"primaryImageOfPage":{"@id":"https:\/\/www.bic.sk\/#primaryimage"},"image":{"@id":"https:\/\/www.bic.sk\/#primaryimage"},"thumbnailUrl":"https:\/\/www.bic.sk\/wp-content\/uploads\/2026\/02\/BIC-Bratislava1-1024x683.jpg","datePublished":"2026-01-23T23:46:58+00:00","dateModified":"2026-04-13T08:04:17+00:00","breadcrumb":{"@id":"https:\/\/www.bic.sk\/#breadcrumb"},"inLanguage":"en-GB","potentialAction":[{"@type":"ReadAction","target":["https:\/\/www.bic.sk\/"]}]},{"@type":"ImageObject","inLanguage":"en-GB","@id":"https:\/\/www.bic.sk\/#primaryimage","url":"https:\/\/www.bic.sk\/wp-content\/uploads\/2026\/02\/BIC-Bratislava1-1024x683.jpg","contentUrl":"https:\/\/www.bic.sk\/wp-content\/uploads\/2026\/02\/BIC-Bratislava1-1024x683.jpg"},{"@type":"BreadcrumbList","@id":"https:\/\/www.bic.sk\/#breadcrumb","itemListElement":[{"@type":"ListItem","position":1,"name":"Domovsk\u00e1 str\u00e1nka","item":"https:\/\/www.bic.sk\/"},{"@type":"ListItem","position":2,"name":"\u00davod"}]},{"@type":"WebSite","@id":"https:\/\/www.bic.sk\/#website","url":"https:\/\/www.bic.sk\/","name":"BIC Bratislava","description":"","potentialAction":[{"@type":"SearchAction","target":{"@type":"EntryPoint","urlTemplate":"https:\/\/www.bic.sk\/?s={search_term_string}"},"query-input":{"@type":"PropertyValueSpecification","valueRequired":true,"valueName":"search_term_string"}}],"inLanguage":"en-GB"}]}},"_links":{"self":[{"href":"https:\/\/www.bic.sk\/en\/wp-json\/wp\/v2\/pages\/16","targetHints":{"allow":["GET"]}}],"collection":[{"href":"https:\/\/www.bic.sk\/en\/wp-json\/wp\/v2\/pages"}],"about":[{"href":"https:\/\/www.bic.sk\/en\/wp-json\/wp\/v2\/types\/page"}],"author":[{"embeddable":true,"href":"https:\/\/www.bic.sk\/en\/wp-json\/wp\/v2\/users\/1"}],"replies":[{"embeddable":true,"href":"https:\/\/www.bic.sk\/en\/wp-json\/wp\/v2\/comments?post=16"}],"version-history":[{"count":188,"href":"https:\/\/www.bic.sk\/en\/wp-json\/wp\/v2\/pages\/16\/revisions"}],"predecessor-version":[{"id":1125,"href":"https:\/\/www.bic.sk\/en\/wp-json\/wp\/v2\/pages\/16\/revisions\/1125"}],"wp:attachment":[{"href":"https:\/\/www.bic.sk\/en\/wp-json\/wp\/v2\/media?parent=16"}],"curies":[{"name":"wp","href":"https:\/\/api.w.org\/{rel}","templated":true}]}}