{"id":129,"date":"2026-01-24T16:29:22","date_gmt":"2026-01-24T15:29:22","guid":{"rendered":"https:\/\/www.bic.sk\/?page_id=129"},"modified":"2026-02-02T21:35:09","modified_gmt":"2026-02-02T20:35:09","slug":"nas-tim","status":"publish","type":"page","link":"https:\/\/www.bic.sk\/en\/nas-tim","title":{"rendered":"Our team"},"content":{"rendered":"<div data-elementor-type=\"wp-page\" data-elementor-id=\"129\" class=\"elementor elementor-129\" data-elementor-post-type=\"page\">\n\t\t\t\t<div class=\"elementor-element elementor-element-8cb46a8 e-flex e-con-boxed e-con e-parent\" data-id=\"8cb46a8\" data-element_type=\"container\">\n\t\t\t\t\t<div class=\"e-con-inner\">\n\t\t\t\t<div class=\"elementor-element elementor-element-79b9b52 elementor-widget elementor-widget-heading\" data-id=\"79b9b52\" data-element_type=\"widget\" data-widget_type=\"heading.default\">\n\t\t\t\t\t<h1 class=\"elementor-heading-title elementor-size-default\">Our team<\/h1>\t\t\t\t<\/div>\n\t\t\t\t\t<\/div>\n\t\t\t\t<\/div>\n\t\t<div class=\"elementor-element elementor-element-a36b3e5 e-flex e-con-boxed e-con e-parent\" data-id=\"a36b3e5\" data-element_type=\"container\">\n\t\t\t\t\t<div class=\"e-con-inner\">\n\t\t<div class=\"elementor-element elementor-element-0b5afa4 e-con-full e-flex e-con e-child\" data-id=\"0b5afa4\" data-element_type=\"container\">\n\t\t\t\t<div class=\"elementor-element elementor-element-56c75f1 elementor-widget elementor-widget-image\" data-id=\"56c75f1\" data-element_type=\"widget\" data-widget_type=\"image.default\">\n\t\t\t\t\t\t\t\t\t\t\t\t\t\t\t<img fetchpriority=\"high\" decoding=\"async\" width=\"480\" height=\"480\" src=\"https:\/\/www.bic.sk\/wp-content\/uploads\/2026\/01\/BIC-BA-Stefan-Vratny.jpg\" class=\"attachment-large size-large wp-image-134\" alt=\"\" srcset=\"https:\/\/www.bic.sk\/wp-content\/uploads\/2026\/01\/BIC-BA-Stefan-Vratny.jpg 480w, https:\/\/www.bic.sk\/wp-content\/uploads\/2026\/01\/BIC-BA-Stefan-Vratny-300x300.jpg 300w, https:\/\/www.bic.sk\/wp-content\/uploads\/2026\/01\/BIC-BA-Stefan-Vratny-150x150.jpg 150w\" sizes=\"(max-width: 480px) 100vw, 480px\" \/>\t\t\t\t\t\t\t\t\t\t\t\t\t\t\t<\/div>\n\t\t\t\t<div class=\"elementor-element elementor-element-f380d45 elementor-widget elementor-widget-heading\" data-id=\"f380d45\" data-element_type=\"widget\" data-widget_type=\"heading.default\">\n\t\t\t\t\t<h3 class=\"elementor-heading-title elementor-size-default\">\u0160tefan Vr\u00e1tny<\/h3>\t\t\t\t<\/div>\n\t\t\t\t<div class=\"elementor-element elementor-element-09965a5 elementor-widget elementor-widget-text-editor\" data-id=\"09965a5\" data-element_type=\"widget\" data-widget_type=\"text-editor.default\">\n\t\t\t\t\t\t\t\t\t<p>Innovation and Technology Transfer, International Cooperation Support, Access to Financing, Clusters, Innovation Strategies<\/p>\t\t\t\t\t\t\t\t<\/div>\n\t\t\t\t<div class=\"elementor-element elementor-element-10cb8e9 elementor-widget elementor-widget-text-editor\" data-id=\"10cb8e9\" data-element_type=\"widget\" data-widget_type=\"text-editor.default\">\n\t\t\t\t\t\t\t\t\t<p><a href=\"mailto:vratny@bic.sk\">vratny@bic.sk<\/a><br \/>02\/323\u00a0327 11<\/p>\t\t\t\t\t\t\t\t<\/div>\n\t\t\t\t<\/div>\n\t\t<div class=\"elementor-element elementor-element-a1648a0 e-con-full e-flex e-con e-child\" data-id=\"a1648a0\" data-element_type=\"container\">\n\t\t\t\t<div class=\"elementor-element elementor-element-58552f4 elementor-widget elementor-widget-image\" data-id=\"58552f4\" data-element_type=\"widget\" data-widget_type=\"image.default\">\n\t\t\t\t\t\t\t\t\t\t\t\t\t\t\t<img decoding=\"async\" width=\"480\" height=\"480\" src=\"https:\/\/www.bic.sk\/wp-content\/uploads\/2026\/01\/BIC-BA-Roman-Linczenyi.jpg\" class=\"attachment-large size-large wp-image-133\" alt=\"\" srcset=\"https:\/\/www.bic.sk\/wp-content\/uploads\/2026\/01\/BIC-BA-Roman-Linczenyi.jpg 480w, https:\/\/www.bic.sk\/wp-content\/uploads\/2026\/01\/BIC-BA-Roman-Linczenyi-300x300.jpg 300w, https:\/\/www.bic.sk\/wp-content\/uploads\/2026\/01\/BIC-BA-Roman-Linczenyi-150x150.jpg 150w\" sizes=\"(max-width: 480px) 100vw, 480px\" \/>\t\t\t\t\t\t\t\t\t\t\t\t\t\t\t<\/div>\n\t\t\t\t<div class=\"elementor-element elementor-element-bffc51d elementor-widget elementor-widget-heading\" data-id=\"bffc51d\" data-element_type=\"widget\" data-widget_type=\"heading.default\">\n\t\t\t\t\t<h3 class=\"elementor-heading-title elementor-size-default\">Roman Lincz\u00e9nyi<\/h3>\t\t\t\t<\/div>\n\t\t\t\t<div class=\"elementor-element elementor-element-48a929c elementor-widget elementor-widget-text-editor\" data-id=\"48a929c\" data-element_type=\"widget\" data-widget_type=\"text-editor.default\">\n\t\t\t\t\t\t\t\t\t<p>Intellectual Property Rights, Innovation and Technology Transfer, Access to Financing<\/p>\t\t\t\t\t\t\t\t<\/div>\n\t\t\t\t<div class=\"elementor-element elementor-element-31e1b83 elementor-widget elementor-widget-text-editor\" data-id=\"31e1b83\" data-element_type=\"widget\" data-widget_type=\"text-editor.default\">\n\t\t\t\t\t\t\t\t\t<p><a href=\"mailto:linczenyi@bic.sk\">linczenyi@bic.sk<\/a><br \/>02\/323 327 11<\/p>\t\t\t\t\t\t\t\t<\/div>\n\t\t\t\t<\/div>\n\t\t<div class=\"elementor-element elementor-element-9dfa625 e-con-full e-flex e-con e-child\" data-id=\"9dfa625\" data-element_type=\"container\">\n\t\t\t\t<div class=\"elementor-element elementor-element-1e1c366 elementor-widget elementor-widget-image\" data-id=\"1e1c366\" data-element_type=\"widget\" data-widget_type=\"image.default\">\n\t\t\t\t\t\t\t\t\t\t\t\t\t\t\t<img decoding=\"async\" width=\"480\" height=\"480\" src=\"https:\/\/www.bic.sk\/wp-content\/uploads\/2026\/01\/bic_ba_ivan_filus_0.jpg\" class=\"attachment-large size-large wp-image-131\" alt=\"\" srcset=\"https:\/\/www.bic.sk\/wp-content\/uploads\/2026\/01\/bic_ba_ivan_filus_0.jpg 480w, https:\/\/www.bic.sk\/wp-content\/uploads\/2026\/01\/bic_ba_ivan_filus_0-300x300.jpg 300w, https:\/\/www.bic.sk\/wp-content\/uploads\/2026\/01\/bic_ba_ivan_filus_0-150x150.jpg 150w\" sizes=\"(max-width: 480px) 100vw, 480px\" \/>\t\t\t\t\t\t\t\t\t\t\t\t\t\t\t<\/div>\n\t\t\t\t<div class=\"elementor-element elementor-element-8da0cae elementor-widget elementor-widget-heading\" data-id=\"8da0cae\" data-element_type=\"widget\" data-widget_type=\"heading.default\">\n\t\t\t\t\t<h3 class=\"elementor-heading-title elementor-size-default\">Ivan Filus<\/h3>\t\t\t\t<\/div>\n\t\t\t\t<div class=\"elementor-element elementor-element-d97b048 elementor-widget elementor-widget-text-editor\" data-id=\"d97b048\" data-element_type=\"widget\" data-widget_type=\"text-editor.default\">\n\t\t\t\t\t\t\t\t\t<p>Support for Technology Start-ups, EU Programmes, Horizon Europe, Innovation, Technology Transfer, Access to Financing<\/p>\t\t\t\t\t\t\t\t<\/div>\n\t\t\t\t<div class=\"elementor-element elementor-element-eac7988 elementor-widget elementor-widget-text-editor\" data-id=\"eac7988\" data-element_type=\"widget\" data-widget_type=\"text-editor.default\">\n\t\t\t\t\t\t\t\t\t<p><a href=\"mailto:filus@bic.sk\">filus@bic.sk<\/a><br \/>02\/323 327 13<\/p>\t\t\t\t\t\t\t\t<\/div>\n\t\t\t\t<\/div>\n\t\t<div class=\"elementor-element elementor-element-738f94f e-con-full e-flex e-con e-child\" data-id=\"738f94f\" data-element_type=\"container\">\n\t\t\t\t<div class=\"elementor-element elementor-element-aab6220 elementor-widget elementor-widget-image\" data-id=\"aab6220\" data-element_type=\"widget\" data-widget_type=\"image.default\">\n\t\t\t\t\t\t\t\t\t\t\t\t\t\t\t<img loading=\"lazy\" decoding=\"async\" width=\"480\" height=\"480\" src=\"https:\/\/www.bic.sk\/wp-content\/uploads\/2026\/01\/BIC-BA-Peter-Kopkas.jpg\" class=\"attachment-large size-large wp-image-132\" alt=\"\" srcset=\"https:\/\/www.bic.sk\/wp-content\/uploads\/2026\/01\/BIC-BA-Peter-Kopkas.jpg 480w, https:\/\/www.bic.sk\/wp-content\/uploads\/2026\/01\/BIC-BA-Peter-Kopkas-300x300.jpg 300w, https:\/\/www.bic.sk\/wp-content\/uploads\/2026\/01\/BIC-BA-Peter-Kopkas-150x150.jpg 150w\" sizes=\"(max-width: 480px) 100vw, 480px\" \/>\t\t\t\t\t\t\t\t\t\t\t\t\t\t\t<\/div>\n\t\t\t\t<div class=\"elementor-element elementor-element-fea0455 elementor-widget elementor-widget-heading\" data-id=\"fea0455\" data-element_type=\"widget\" data-widget_type=\"heading.default\">\n\t\t\t\t\t<h3 class=\"elementor-heading-title elementor-size-default\">Peter Kopk\u00e1\u0161<\/h3>\t\t\t\t<\/div>\n\t\t\t\t<div class=\"elementor-element elementor-element-83e6e0a elementor-widget elementor-widget-text-editor\" data-id=\"83e6e0a\" data-element_type=\"widget\" data-widget_type=\"text-editor.default\">\n\t\t\t\t\t\t\t\t\t<p>Innovation and Technology Transfer, EU Programmes, International Cooperation Support, Cooperation Profiles<\/p>\t\t\t\t\t\t\t\t<\/div>\n\t\t\t\t<div class=\"elementor-element elementor-element-fa5cbc6 elementor-widget elementor-widget-text-editor\" data-id=\"fa5cbc6\" data-element_type=\"widget\" data-widget_type=\"text-editor.default\">\n\t\t\t\t\t\t\t\t\t<p><a href=\"mailto:kopkas@bic.sk\">kopkas@bic.sk<\/a><br \/>02\/323 327 14<\/p>\t\t\t\t\t\t\t\t<\/div>\n\t\t\t\t<\/div>\n\t\t\t\t\t<\/div>\n\t\t\t\t<\/div>\n\t\t<div class=\"elementor-element elementor-element-a01281a e-flex e-con-boxed e-con e-parent\" data-id=\"a01281a\" data-element_type=\"container\">\n\t\t\t\t\t<div class=\"e-con-inner\">\n\t\t<div class=\"elementor-element elementor-element-4ead819 e-con-full e-flex e-con e-child\" data-id=\"4ead819\" data-element_type=\"container\">\n\t\t\t\t<div class=\"elementor-element elementor-element-3b30ebc elementor-widget elementor-widget-image\" data-id=\"3b30ebc\" data-element_type=\"widget\" data-widget_type=\"image.default\">\n\t\t\t\t\t\t\t\t\t\t\t\t\t\t\t<img loading=\"lazy\" decoding=\"async\" width=\"480\" height=\"480\" src=\"https:\/\/www.bic.sk\/wp-content\/uploads\/2026\/01\/BIC-BA-Veronika-Somolanyiova.jpg\" class=\"attachment-large size-large wp-image-135\" alt=\"\" srcset=\"https:\/\/www.bic.sk\/wp-content\/uploads\/2026\/01\/BIC-BA-Veronika-Somolanyiova.jpg 480w, https:\/\/www.bic.sk\/wp-content\/uploads\/2026\/01\/BIC-BA-Veronika-Somolanyiova-300x300.jpg 300w, https:\/\/www.bic.sk\/wp-content\/uploads\/2026\/01\/BIC-BA-Veronika-Somolanyiova-150x150.jpg 150w\" sizes=\"(max-width: 480px) 100vw, 480px\" \/>\t\t\t\t\t\t\t\t\t\t\t\t\t\t\t<\/div>\n\t\t\t\t<div class=\"elementor-element elementor-element-a5772bd elementor-widget elementor-widget-heading\" data-id=\"a5772bd\" data-element_type=\"widget\" data-widget_type=\"heading.default\">\n\t\t\t\t\t<h3 class=\"elementor-heading-title elementor-size-default\">Veronika Piok<\/h3>\t\t\t\t<\/div>\n\t\t\t\t<div class=\"elementor-element elementor-element-6c90d70 elementor-widget elementor-widget-text-editor\" data-id=\"6c90d70\" data-element_type=\"widget\" data-widget_type=\"text-editor.default\">\n\t\t\t\t\t\t\t\t\t<p>International Cooperation Support, Cooperation Profiles, Communication and Promotion<\/p>\t\t\t\t\t\t\t\t<\/div>\n\t\t\t\t<div class=\"elementor-element elementor-element-34fe7f6 elementor-widget elementor-widget-text-editor\" data-id=\"34fe7f6\" data-element_type=\"widget\" data-widget_type=\"text-editor.default\">\n\t\t\t\t\t\t\t\t\t<p><a href=\"mailto:veronika@bic.sk\">veronika@bic.sk<\/a><br \/>02\/323 327 11<\/p>\t\t\t\t\t\t\t\t<\/div>\n\t\t\t\t<\/div>\n\t\t<div class=\"elementor-element elementor-element-b4f6bf7 e-con-full e-flex e-con e-child\" data-id=\"b4f6bf7\" data-element_type=\"container\">\n\t\t\t\t<div class=\"elementor-element elementor-element-cc38944 elementor-widget elementor-widget-image\" data-id=\"cc38944\" data-element_type=\"widget\" data-widget_type=\"image.default\">\n\t\t\t\t\t\t\t\t\t\t\t\t\t\t\t<img loading=\"lazy\" decoding=\"async\" width=\"480\" height=\"480\" src=\"https:\/\/www.bic.sk\/wp-content\/uploads\/2026\/01\/ivana_majernikova.jpg\" class=\"attachment-large size-large wp-image-136\" alt=\"\" srcset=\"https:\/\/www.bic.sk\/wp-content\/uploads\/2026\/01\/ivana_majernikova.jpg 480w, https:\/\/www.bic.sk\/wp-content\/uploads\/2026\/01\/ivana_majernikova-300x300.jpg 300w, https:\/\/www.bic.sk\/wp-content\/uploads\/2026\/01\/ivana_majernikova-150x150.jpg 150w\" sizes=\"(max-width: 480px) 100vw, 480px\" \/>\t\t\t\t\t\t\t\t\t\t\t\t\t\t\t<\/div>\n\t\t\t\t<div class=\"elementor-element elementor-element-d698d6c elementor-widget elementor-widget-heading\" data-id=\"d698d6c\" data-element_type=\"widget\" data-widget_type=\"heading.default\">\n\t\t\t\t\t<h3 class=\"elementor-heading-title elementor-size-default\">Ivana Majern\u00edkov\u00e1<\/h3>\t\t\t\t<\/div>\n\t\t\t\t<div class=\"elementor-element elementor-element-276d4ab elementor-widget elementor-widget-text-editor\" data-id=\"276d4ab\" data-element_type=\"widget\" data-widget_type=\"text-editor.default\">\n\t\t\t\t\t\t\t\t\t<p class=\"translation-block\">International Cooperation Support,<br>\nCooperation Profiles<\/p>\t\t\t\t\t\t\t\t<\/div>\n\t\t\t\t<div class=\"elementor-element elementor-element-f67295f elementor-widget elementor-widget-text-editor\" data-id=\"f67295f\" data-element_type=\"widget\" data-widget_type=\"text-editor.default\">\n\t\t\t\t\t\t\t\t\t<p><a href=\"mailto:majernikova@bic.sk\">majernikova@bic.sk<\/a><br \/>02\/323 327 19<\/p>\t\t\t\t\t\t\t\t<\/div>\n\t\t\t\t<\/div>\n\t\t<div class=\"elementor-element elementor-element-634e094 e-con-full e-flex e-con e-child\" data-id=\"634e094\" data-element_type=\"container\">\n\t\t\t\t<div class=\"elementor-element elementor-element-b1a9784 elementor-widget elementor-widget-image\" data-id=\"b1a9784\" data-element_type=\"widget\" data-widget_type=\"image.default\">\n\t\t\t\t\t\t\t\t\t\t\t\t\t\t\t<img loading=\"lazy\" decoding=\"async\" width=\"480\" height=\"480\" src=\"https:\/\/www.bic.sk\/wp-content\/uploads\/2026\/02\/Klizanova.jpg\" class=\"attachment-large size-large wp-image-796\" alt=\"\" srcset=\"https:\/\/www.bic.sk\/wp-content\/uploads\/2026\/02\/Klizanova.jpg 480w, https:\/\/www.bic.sk\/wp-content\/uploads\/2026\/02\/Klizanova-300x300.jpg 300w, https:\/\/www.bic.sk\/wp-content\/uploads\/2026\/02\/Klizanova-150x150.jpg 150w, https:\/\/www.bic.sk\/wp-content\/uploads\/2026\/02\/Klizanova-12x12.jpg 12w\" sizes=\"(max-width: 480px) 100vw, 480px\" \/>\t\t\t\t\t\t\t\t\t\t\t\t\t\t\t<\/div>\n\t\t\t\t<div class=\"elementor-element elementor-element-e521747 elementor-widget elementor-widget-heading\" data-id=\"e521747\" data-element_type=\"widget\" data-widget_type=\"heading.default\">\n\t\t\t\t\t<h3 class=\"elementor-heading-title elementor-size-default\">Silvia Kli\u017eanov\u00e1<\/h3>\t\t\t\t<\/div>\n\t\t\t\t<div class=\"elementor-element elementor-element-dc68285 elementor-widget elementor-widget-text-editor\" data-id=\"dc68285\" data-element_type=\"widget\" data-widget_type=\"text-editor.default\">\n\t\t\t\t\t\t\t\t\t<p>International Cooperation Support, Cooperation Profiles<\/p>\t\t\t\t\t\t\t\t<\/div>\n\t\t\t\t<div class=\"elementor-element elementor-element-b970394 elementor-widget elementor-widget-text-editor\" data-id=\"b970394\" data-element_type=\"widget\" data-widget_type=\"text-editor.default\">\n\t\t\t\t\t\t\t\t\t<p><a href=\"mailto:klizanova@bic.sk\">klizanova@bic.sk<\/a><br \/>02\/323 327 15<\/p>\t\t\t\t\t\t\t\t<\/div>\n\t\t\t\t<\/div>\n\t\t\t\t\t<\/div>\n\t\t\t\t<\/div>\n\t\t\t\t<\/div>","protected":false},"excerpt":{"rendered":"<p>N\u00e1\u0161 t\u00edm \u0160tefan Vr\u00e1tny Inov\u00e1cie a\u00a0transfer technol\u00f3gi\u00ed, podpora medzin\u00e1rodnej spolupr\u00e1ce, pr\u00edstup k\u00a0financovaniu, klastre, inova\u010dn\u00e9 strat\u00e9gie vratny@bic.sk02\/323\u00a0327 11 Roman Lincz\u00e9nyi Pr\u00e1va du\u0161evn\u00e9ho vlastn\u00edctva, inov\u00e1cie a transfer technol\u00f3gi\u00ed, pr\u00edstup k financovaniu linczenyi@bic.sk02\/323 [&hellip;]<\/p>","protected":false},"author":1,"featured_media":0,"parent":0,"menu_order":0,"comment_status":"closed","ping_status":"closed","template":"elementor_header_footer","meta":{"footnotes":""},"class_list":["post-129","page","type-page","status-publish","hentry"],"yoast_head":"<!-- This site is optimized with the Yoast SEO plugin v26.8 - https:\/\/yoast.com\/product\/yoast-seo-wordpress\/ -->\n<title>N\u00e1\u0161 t\u00edm - BIC Bratislava<\/title>\n<meta name=\"robots\" content=\"index, follow, max-snippet:-1, max-image-preview:large, max-video-preview:-1\" \/>\n<link rel=\"canonical\" href=\"https:\/\/www.bic.sk\/en\/nas-tim\/\" \/>\n<meta property=\"og:locale\" content=\"en_GB\" \/>\n<meta property=\"og:type\" content=\"article\" \/>\n<meta property=\"og:title\" content=\"N\u00e1\u0161 t\u00edm - BIC Bratislava\" \/>\n<meta property=\"og:description\" content=\"N\u00e1\u0161 t\u00edm \u0160tefan Vr\u00e1tny Inov\u00e1cie a\u00a0transfer technol\u00f3gi\u00ed, podpora medzin\u00e1rodnej spolupr\u00e1ce, pr\u00edstup k\u00a0financovaniu, klastre, inova\u010dn\u00e9 strat\u00e9gie vratny@bic.sk02\/323\u00a0327 11 Roman Lincz\u00e9nyi Pr\u00e1va du\u0161evn\u00e9ho vlastn\u00edctva, inov\u00e1cie a transfer technol\u00f3gi\u00ed, pr\u00edstup k financovaniu linczenyi@bic.sk02\/323 [&hellip;]\" \/>\n<meta property=\"og:url\" content=\"https:\/\/www.bic.sk\/en\/nas-tim\/\" \/>\n<meta property=\"og:site_name\" content=\"BIC Bratislava\" \/>\n<meta property=\"article:modified_time\" content=\"2026-02-02T20:35:09+00:00\" \/>\n<meta property=\"og:image\" content=\"https:\/\/www.bic.sk\/wp-content\/uploads\/2026\/01\/BIC-BA-Stefan-Vratny.jpg\" \/>\n\t<meta property=\"og:image:width\" content=\"480\" \/>\n\t<meta property=\"og:image:height\" content=\"480\" \/>\n\t<meta property=\"og:image:type\" content=\"image\/jpeg\" \/>\n<meta name=\"twitter:card\" content=\"summary_large_image\" \/>\n<meta name=\"twitter:label1\" content=\"Estimated reading time\" \/>\n\t<meta name=\"twitter:data1\" content=\"1 minute\" \/>\n<script type=\"application\/ld+json\" class=\"yoast-schema-graph\">{\"@context\":\"https:\/\/schema.org\",\"@graph\":[{\"@type\":\"WebPage\",\"@id\":\"https:\/\/www.bic.sk\/nas-tim\",\"url\":\"https:\/\/www.bic.sk\/nas-tim\",\"name\":\"N\u00e1\u0161 t\u00edm - BIC Bratislava\",\"isPartOf\":{\"@id\":\"https:\/\/www.bic.sk\/#website\"},\"primaryImageOfPage\":{\"@id\":\"https:\/\/www.bic.sk\/nas-tim#primaryimage\"},\"image\":{\"@id\":\"https:\/\/www.bic.sk\/nas-tim#primaryimage\"},\"thumbnailUrl\":\"https:\/\/www.bic.sk\/wp-content\/uploads\/2026\/01\/BIC-BA-Stefan-Vratny.jpg\",\"datePublished\":\"2026-01-24T15:29:22+00:00\",\"dateModified\":\"2026-02-02T20:35:09+00:00\",\"breadcrumb\":{\"@id\":\"https:\/\/www.bic.sk\/nas-tim#breadcrumb\"},\"inLanguage\":\"en-GB\",\"potentialAction\":[{\"@type\":\"ReadAction\",\"target\":[\"https:\/\/www.bic.sk\/nas-tim\"]}]},{\"@type\":\"ImageObject\",\"inLanguage\":\"en-GB\",\"@id\":\"https:\/\/www.bic.sk\/nas-tim#primaryimage\",\"url\":\"https:\/\/www.bic.sk\/wp-content\/uploads\/2026\/01\/BIC-BA-Stefan-Vratny.jpg\",\"contentUrl\":\"https:\/\/www.bic.sk\/wp-content\/uploads\/2026\/01\/BIC-BA-Stefan-Vratny.jpg\"},{\"@type\":\"BreadcrumbList\",\"@id\":\"https:\/\/www.bic.sk\/nas-tim#breadcrumb\",\"itemListElement\":[{\"@type\":\"ListItem\",\"position\":1,\"name\":\"Domovsk\u00e1 str\u00e1nka\",\"item\":\"https:\/\/www.bic.sk\/\"},{\"@type\":\"ListItem\",\"position\":2,\"name\":\"N\u00e1\u0161 t\u00edm\"}]},{\"@type\":\"WebSite\",\"@id\":\"https:\/\/www.bic.sk\/#website\",\"url\":\"https:\/\/www.bic.sk\/\",\"name\":\"BIC Bratislava\",\"description\":\"\",\"potentialAction\":[{\"@type\":\"SearchAction\",\"target\":{\"@type\":\"EntryPoint\",\"urlTemplate\":\"https:\/\/www.bic.sk\/?s={search_term_string}\"},\"query-input\":{\"@type\":\"PropertyValueSpecification\",\"valueRequired\":true,\"valueName\":\"search_term_string\"}}],\"inLanguage\":\"en-GB\"}]}<\/script>\n<!-- \/ Yoast SEO plugin. -->","yoast_head_json":{"title":"N\u00e1\u0161 t\u00edm - BIC Bratislava","robots":{"index":"index","follow":"follow","max-snippet":"max-snippet:-1","max-image-preview":"max-image-preview:large","max-video-preview":"max-video-preview:-1"},"canonical":"https:\/\/www.bic.sk\/en\/nas-tim\/","og_locale":"en_GB","og_type":"article","og_title":"N\u00e1\u0161 t\u00edm - BIC Bratislava","og_description":"N\u00e1\u0161 t\u00edm \u0160tefan Vr\u00e1tny Inov\u00e1cie a\u00a0transfer technol\u00f3gi\u00ed, podpora medzin\u00e1rodnej spolupr\u00e1ce, pr\u00edstup k\u00a0financovaniu, klastre, inova\u010dn\u00e9 strat\u00e9gie vratny@bic.sk02\/323\u00a0327 11 Roman Lincz\u00e9nyi Pr\u00e1va du\u0161evn\u00e9ho vlastn\u00edctva, inov\u00e1cie a transfer technol\u00f3gi\u00ed, pr\u00edstup k financovaniu linczenyi@bic.sk02\/323 [&hellip;]","og_url":"https:\/\/www.bic.sk\/en\/nas-tim\/","og_site_name":"BIC Bratislava","article_modified_time":"2026-02-02T20:35:09+00:00","og_image":[{"width":480,"height":480,"url":"https:\/\/www.bic.sk\/wp-content\/uploads\/2026\/01\/BIC-BA-Stefan-Vratny.jpg","type":"image\/jpeg"}],"twitter_card":"summary_large_image","twitter_misc":{"Estimated reading time":"1 minute"},"schema":{"@context":"https:\/\/schema.org","@graph":[{"@type":"WebPage","@id":"https:\/\/www.bic.sk\/nas-tim","url":"https:\/\/www.bic.sk\/nas-tim","name":"N\u00e1\u0161 t\u00edm - BIC Bratislava","isPartOf":{"@id":"https:\/\/www.bic.sk\/#website"},"primaryImageOfPage":{"@id":"https:\/\/www.bic.sk\/nas-tim#primaryimage"},"image":{"@id":"https:\/\/www.bic.sk\/nas-tim#primaryimage"},"thumbnailUrl":"https:\/\/www.bic.sk\/wp-content\/uploads\/2026\/01\/BIC-BA-Stefan-Vratny.jpg","datePublished":"2026-01-24T15:29:22+00:00","dateModified":"2026-02-02T20:35:09+00:00","breadcrumb":{"@id":"https:\/\/www.bic.sk\/nas-tim#breadcrumb"},"inLanguage":"en-GB","potentialAction":[{"@type":"ReadAction","target":["https:\/\/www.bic.sk\/nas-tim"]}]},{"@type":"ImageObject","inLanguage":"en-GB","@id":"https:\/\/www.bic.sk\/nas-tim#primaryimage","url":"https:\/\/www.bic.sk\/wp-content\/uploads\/2026\/01\/BIC-BA-Stefan-Vratny.jpg","contentUrl":"https:\/\/www.bic.sk\/wp-content\/uploads\/2026\/01\/BIC-BA-Stefan-Vratny.jpg"},{"@type":"BreadcrumbList","@id":"https:\/\/www.bic.sk\/nas-tim#breadcrumb","itemListElement":[{"@type":"ListItem","position":1,"name":"Domovsk\u00e1 str\u00e1nka","item":"https:\/\/www.bic.sk\/"},{"@type":"ListItem","position":2,"name":"N\u00e1\u0161 t\u00edm"}]},{"@type":"WebSite","@id":"https:\/\/www.bic.sk\/#website","url":"https:\/\/www.bic.sk\/","name":"BIC Bratislava","description":"","potentialAction":[{"@type":"SearchAction","target":{"@type":"EntryPoint","urlTemplate":"https:\/\/www.bic.sk\/?s={search_term_string}"},"query-input":{"@type":"PropertyValueSpecification","valueRequired":true,"valueName":"search_term_string"}}],"inLanguage":"en-GB"}]}},"_links":{"self":[{"href":"https:\/\/www.bic.sk\/en\/wp-json\/wp\/v2\/pages\/129","targetHints":{"allow":["GET"]}}],"collection":[{"href":"https:\/\/www.bic.sk\/en\/wp-json\/wp\/v2\/pages"}],"about":[{"href":"https:\/\/www.bic.sk\/en\/wp-json\/wp\/v2\/types\/page"}],"author":[{"embeddable":true,"href":"https:\/\/www.bic.sk\/en\/wp-json\/wp\/v2\/users\/1"}],"replies":[{"embeddable":true,"href":"https:\/\/www.bic.sk\/en\/wp-json\/wp\/v2\/comments?post=129"}],"version-history":[{"count":31,"href":"https:\/\/www.bic.sk\/en\/wp-json\/wp\/v2\/pages\/129\/revisions"}],"predecessor-version":[{"id":799,"href":"https:\/\/www.bic.sk\/en\/wp-json\/wp\/v2\/pages\/129\/revisions\/799"}],"wp:attachment":[{"href":"https:\/\/www.bic.sk\/en\/wp-json\/wp\/v2\/media?parent=129"}],"curies":[{"name":"wp","href":"https:\/\/api.w.org\/{rel}","templated":true}]}}